{"id":434,"date":"2022-03-25T17:10:08","date_gmt":"2022-03-25T17:10:08","guid":{"rendered":"https:\/\/www2.scholastic.ca\/envol\/?page_id=434"},"modified":"2022-12-06T16:34:31","modified_gmt":"2022-12-06T16:34:31","slug":"camping-dete-en-nouvelle-ecosse","status":"publish","type":"page","link":"https:\/\/www2.scholastic.ca\/envol\/accueil\/3e-annee\/camping-dete-en-nouvelle-ecosse\/","title":{"rendered":"Camping d\u2019\u00e9t\u00e9 en Nouvelle-\u00c9cosse"},"content":{"rendered":"","protected":false},"excerpt":{"rendered":"","protected":false},"author":2,"featured_media":0,"parent":427,"menu_order":2,"comment_status":"closed","ping_status":"closed","template":"page-audio.php","meta":{"_acf_changed":false,"protect_children":false,"footnotes":""},"class_list":["post-434","page","type-page","status-publish","hentry"],"acf":[],"_links":{"self":[{"href":"https:\/\/www2.scholastic.ca\/envol\/wp-json\/wp\/v2\/pages\/434","targetHints":{"allow":["GET"]}}],"collection":[{"href":"https:\/\/www2.scholastic.ca\/envol\/wp-json\/wp\/v2\/pages"}],"about":[{"href":"https:\/\/www2.scholastic.ca\/envol\/wp-json\/wp\/v2\/types\/page"}],"author":[{"embeddable":true,"href":"https:\/\/www2.scholastic.ca\/envol\/wp-json\/wp\/v2\/users\/2"}],"replies":[{"embeddable":true,"href":"https:\/\/www2.scholastic.ca\/envol\/wp-json\/wp\/v2\/comments?post=434"}],"version-history":[{"count":0,"href":"https:\/\/www2.scholastic.ca\/envol\/wp-json\/wp\/v2\/pages\/434\/revisions"}],"up":[{"embeddable":true,"href":"https:\/\/www2.scholastic.ca\/envol\/wp-json\/wp\/v2\/pages\/427"}],"wp:attachment":[{"href":"https:\/\/www2.scholastic.ca\/envol\/wp-json\/wp\/v2\/media?parent=434"}],"curies":[{"name":"wp","href":"https:\/\/api.w.org\/{rel}","templated":true}]}}