{"id":905,"date":"2025-05-09T16:36:29","date_gmt":"2025-05-09T16:36:29","guid":{"rendered":"https:\/\/www2.scholastic.ca\/education\/?page_id=905"},"modified":"2025-07-14T13:10:16","modified_gmt":"2025-07-14T13:10:16","slug":"envol-plus","status":"publish","type":"page","link":"https:\/\/www2.scholastic.ca\/education\/envol-plus\/","title":{"rendered":"Envol Plus"},"content":{"rendered":"<div  class=\"container-fluid block_text\">\n\t<div class=\"bg-colour4 pt-0 pb-0 bg-border-none container-fluid\">\n\t\t<div class=\"container\">\n\t\t\t<div class=\"col pb-2 text-center\">\n\t\t\t\t\t\t\t\t<h2 class=\"d-block mt-0\"><span>Nouvelle ressource<\/span><\/h2>\n\t\t\t\t<section class=\"hero\">\n<div class=\"logo\">\n<p>Des livres \u00e9ducatifs et amusants pour la lecture guid\u00e9e.<\/p>\n<p>Des ouvrages de fiction, non romanesques et informatifs (combinant l\u2019imaginaire et le r\u00e9el) qui proposent une vari\u00e9t\u00e9 de types de textes.<\/p>\n<\/div>\n<\/section>\n<section aria-describedby=\"introHeading\"><\/section>\n\t\t\t\t\t\t\t<\/div>\n\t\t<\/div>\n\t<\/div>\n<\/div>\n\n<div  class=\"container-fluid block_image text-center\">\n\t<div class=\"bg-colour4  bg-border-none container-fluid\">\n\t\t<div class=\"container\">\n\t\t\t\t\t\t\t\t<img decoding=\"async\" src=\"https:\/\/www2.scholastic.ca\/education\/wp-content\/uploads\/sites\/59\/2025\/05\/hero-spread-2.png\" alt=\"\" class=\"img-fluid\" \/>\n\t\t\t\t\t\t\t<\/div>\n\t<\/div>\n<\/div>\n\n<div  class=\"container-fluid block_text\">\n\t<div class=\"bg-colour12  bg-border-none container my-5\">\n\t\t<div class=\"container\">\n\t\t\t<div class=\"col pb-2 text-start\">\n\t\t\t\t\t\t\t\t<h2 class=\"d-block mt-0\"><span>Caract\u00e9ristiques des plans d\u2019enseignement :<\/span><\/h2>\n\t\t\t\t<ul class=\"reset checkmarks\">\n<li>pr\u00e9sentation du livre, liste des \u00e9l\u00e9ments appuyant le texte, et difficult\u00e9s possibles;<\/li>\n<li>strat\u00e9gies de lecture et objectifs d\u2019\u00e9valuation;<\/li>\n<li>suggestions pour les diff\u00e9rentes \u00e9tapes de la lecture (avant, pendant et apr\u00e8s);<\/li>\n<li>id\u00e9es d\u2019activit\u00e9s suppl\u00e9mentaires;<\/li>\n<li>page d\u2019activit\u00e9 \u00e0 reproduire.<\/li>\n<\/ul>\n\t\t\t\t\t\t\t<\/div>\n\t\t<\/div>\n\t<\/div>\n<\/div>\n\n<div  class=\"container-fluid block_resourcelist \">\n\t<div class=\"bg-none pb-5 container-fluid\">\n\t\t<div class=\"container block_resourcelist_content\">\n\t\t\t<div class=\"row\">\n\t\t\t\t<div class=\"block_resourcelist_heading col-12\">\n\t\t\t\t\t\t\t\t\t\t<h2 class=\"mt-0 mb-0\"><span>En savoir plus<\/span><\/h2>\n\t\t\t\t\t\t\t\t\t\t\t\t\t\t\t<p class=\"mt-2 mb-0\">L\u2019emballage de lecture guid\u00e9e &#8211; biblioth\u00e8que de classe &#8211; Niveaux A \u00e0 H contient 1 exemplaire de chacun des 37 livres. L\u2019emballage de lecture guid\u00e9e &#8211; biblioth\u00e8que de classe &#8211; Niveaux I \u00e0 S contient 1 exemplaire de chacun des 33 livres. Chaque emballage de lecture guid\u00e9e contient 6 exemplaires du livre et un plan d\u2019enseignement.<\/p>\n\t\t\t\t\t\t\t\t\t<\/div>\n\t\t\t<\/div>\n\t\t\t<div id=\"Ensavoirplus\" class=\"row mt-3 \">\n\t\t\t\t<div class=\"col-12\">\n\t\t\t\t\t<div class=\"row d-flex flex-wrap row-cols-md-3 row-cols-sm-3 row-cols-2\">\n\t\t\t\t\t\t\t\t\t\t\t\t<div class=\"col pe-3 mb-3 block_resourcelist_item\">\n\t\t\t\t\t\t\t\t<a href=\"https:\/\/www2.scholastic.ca\/education\/wp-content\/uploads\/sites\/59\/2025\/05\/Sample_Book_EnvolPlus_Les_cinq_sens_au_zoo_FR_Book.pdf\" style=\"\" class=\"d-flex flex-row align-items-start resource-textbtn\" target=\"_blank\" onclick=\"schcaTrackingEvent('English', 'Envol Plus', 'Resource Item: Livret d\u2019exemples');\"><span class=\"block_resourcelist_item_icon\"><i class=\"fa-solid fa-file-pdf\"><\/i><\/span> <span class=\"block_resourcelist_item_name\">Livret d\u2019exemples<\/span><\/a>\n\t\t\t\t\t\t\t\t\t\t\t\t\t\t\t<\/div>\n\t\t\t\t\t\t\t\t\t\t\t\t<div class=\"col pe-3 mb-3 block_resourcelist_item\">\n\t\t\t\t\t\t\t\t<a href=\"https:\/\/www2.scholastic.ca\/education\/wp-content\/uploads\/sites\/59\/2025\/05\/Sample_Lesson_EnvolPlus_Les_cinq_sens_zoo_FR.pdf\" style=\"\" class=\"d-flex flex-row align-items-start resource-textbtn\" target=\"_blank\" onclick=\"schcaTrackingEvent('English', 'Envol Plus', 'Resource Item: Plan d\u2019enseignment');\"><span class=\"block_resourcelist_item_icon\"><i class=\"fa-solid fa-file-pdf\"><\/i><\/span> <span class=\"block_resourcelist_item_name\">Plan d\u2019enseignment<\/span><\/a>\n\t\t\t\t\t\t\t\t\t\t\t\t\t\t\t<\/div>\n\t\t\t\t\t\t\t\t\t\t<\/div>\n\t\t\t\t<\/div>\n\t\t\t<\/div>\n\t\t<\/div>\n\t<\/div>\n<\/div>","protected":false},"excerpt":{"rendered":"","protected":false},"author":1,"featured_media":0,"parent":0,"menu_order":0,"comment_status":"closed","ping_status":"closed","template":"page-logobanner","meta":{"_acf_changed":true,"footnotes":""},"class_list":["post-905","page","type-page","status-publish","hentry"],"acf":[],"yoast_head":"<!-- This site is optimized with the Yoast SEO plugin v26.6 - https:\/\/yoast.com\/wordpress\/plugins\/seo\/ -->\n<title>Envol Plus | Scholastic Education Canada<\/title>\n<meta name=\"robots\" content=\"index, follow, max-snippet:-1, max-image-preview:large, max-video-preview:-1\" \/>\n<link rel=\"canonical\" href=\"https:\/\/www2.scholastic.ca\/education\/envol-plus\/\" \/>\n<meta property=\"og:locale\" content=\"en_US\" \/>\n<meta property=\"og:type\" content=\"article\" \/>\n<meta property=\"og:title\" content=\"Envol Plus | Scholastic Education Canada\" \/>\n<meta property=\"og:url\" content=\"https:\/\/www2.scholastic.ca\/education\/envol-plus\/\" \/>\n<meta property=\"og:site_name\" content=\"Scholastic Education Canada\" \/>\n<meta property=\"article:modified_time\" content=\"2025-07-14T13:10:16+00:00\" \/>\n<meta name=\"twitter:card\" content=\"summary_large_image\" \/>\n<script type=\"application\/ld+json\" class=\"yoast-schema-graph\">{\"@context\":\"https:\/\/schema.org\",\"@graph\":[{\"@type\":\"WebPage\",\"@id\":\"https:\/\/www2.scholastic.ca\/education\/envol-plus\/\",\"url\":\"https:\/\/www2.scholastic.ca\/education\/envol-plus\/\",\"name\":\"Envol Plus | Scholastic Education Canada\",\"isPartOf\":{\"@id\":\"https:\/\/www2.scholastic.ca\/education\/#website\"},\"datePublished\":\"2025-05-09T16:36:29+00:00\",\"dateModified\":\"2025-07-14T13:10:16+00:00\",\"breadcrumb\":{\"@id\":\"https:\/\/www2.scholastic.ca\/education\/envol-plus\/#breadcrumb\"},\"inLanguage\":\"en-US\",\"potentialAction\":[{\"@type\":\"ReadAction\",\"target\":[\"https:\/\/www2.scholastic.ca\/education\/envol-plus\/\"]}]},{\"@type\":\"BreadcrumbList\",\"@id\":\"https:\/\/www2.scholastic.ca\/education\/envol-plus\/#breadcrumb\",\"itemListElement\":[{\"@type\":\"ListItem\",\"position\":1,\"name\":\"Home\",\"item\":\"https:\/\/www2.scholastic.ca\/education\/\"},{\"@type\":\"ListItem\",\"position\":2,\"name\":\"Envol Plus\"}]},{\"@type\":\"WebSite\",\"@id\":\"https:\/\/www2.scholastic.ca\/education\/#website\",\"url\":\"https:\/\/www2.scholastic.ca\/education\/\",\"name\":\"Scholastic Education Canada\",\"description\":\"\",\"potentialAction\":[{\"@type\":\"SearchAction\",\"target\":{\"@type\":\"EntryPoint\",\"urlTemplate\":\"https:\/\/www2.scholastic.ca\/education\/?s={search_term_string}\"},\"query-input\":{\"@type\":\"PropertyValueSpecification\",\"valueRequired\":true,\"valueName\":\"search_term_string\"}}],\"inLanguage\":\"en-US\"}]}<\/script>\n<!-- \/ Yoast SEO plugin. -->","yoast_head_json":{"title":"Envol Plus | Scholastic Education Canada","robots":{"index":"index","follow":"follow","max-snippet":"max-snippet:-1","max-image-preview":"max-image-preview:large","max-video-preview":"max-video-preview:-1"},"canonical":"https:\/\/www2.scholastic.ca\/education\/envol-plus\/","og_locale":"en_US","og_type":"article","og_title":"Envol Plus | Scholastic Education Canada","og_url":"https:\/\/www2.scholastic.ca\/education\/envol-plus\/","og_site_name":"Scholastic Education Canada","article_modified_time":"2025-07-14T13:10:16+00:00","twitter_card":"summary_large_image","schema":{"@context":"https:\/\/schema.org","@graph":[{"@type":"WebPage","@id":"https:\/\/www2.scholastic.ca\/education\/envol-plus\/","url":"https:\/\/www2.scholastic.ca\/education\/envol-plus\/","name":"Envol Plus | Scholastic Education Canada","isPartOf":{"@id":"https:\/\/www2.scholastic.ca\/education\/#website"},"datePublished":"2025-05-09T16:36:29+00:00","dateModified":"2025-07-14T13:10:16+00:00","breadcrumb":{"@id":"https:\/\/www2.scholastic.ca\/education\/envol-plus\/#breadcrumb"},"inLanguage":"en-US","potentialAction":[{"@type":"ReadAction","target":["https:\/\/www2.scholastic.ca\/education\/envol-plus\/"]}]},{"@type":"BreadcrumbList","@id":"https:\/\/www2.scholastic.ca\/education\/envol-plus\/#breadcrumb","itemListElement":[{"@type":"ListItem","position":1,"name":"Home","item":"https:\/\/www2.scholastic.ca\/education\/"},{"@type":"ListItem","position":2,"name":"Envol Plus"}]},{"@type":"WebSite","@id":"https:\/\/www2.scholastic.ca\/education\/#website","url":"https:\/\/www2.scholastic.ca\/education\/","name":"Scholastic Education Canada","description":"","potentialAction":[{"@type":"SearchAction","target":{"@type":"EntryPoint","urlTemplate":"https:\/\/www2.scholastic.ca\/education\/?s={search_term_string}"},"query-input":{"@type":"PropertyValueSpecification","valueRequired":true,"valueName":"search_term_string"}}],"inLanguage":"en-US"}]}},"_links":{"self":[{"href":"https:\/\/www2.scholastic.ca\/education\/wp-json\/wp\/v2\/pages\/905","targetHints":{"allow":["GET"]}}],"collection":[{"href":"https:\/\/www2.scholastic.ca\/education\/wp-json\/wp\/v2\/pages"}],"about":[{"href":"https:\/\/www2.scholastic.ca\/education\/wp-json\/wp\/v2\/types\/page"}],"author":[{"embeddable":true,"href":"https:\/\/www2.scholastic.ca\/education\/wp-json\/wp\/v2\/users\/1"}],"replies":[{"embeddable":true,"href":"https:\/\/www2.scholastic.ca\/education\/wp-json\/wp\/v2\/comments?post=905"}],"version-history":[{"count":0,"href":"https:\/\/www2.scholastic.ca\/education\/wp-json\/wp\/v2\/pages\/905\/revisions"}],"wp:attachment":[{"href":"https:\/\/www2.scholastic.ca\/education\/wp-json\/wp\/v2\/media?parent=905"}],"curies":[{"name":"wp","href":"https:\/\/api.w.org\/{rel}","templated":true}]}}