{"id":1162,"date":"2025-05-13T14:02:06","date_gmt":"2025-05-13T14:02:06","guid":{"rendered":"https:\/\/www2.scholastic.ca\/education\/?page_id=1162"},"modified":"2025-08-19T14:44:52","modified_gmt":"2025-08-19T14:44:52","slug":"magazines-francais","status":"publish","type":"page","link":"https:\/\/www2.scholastic.ca\/education\/magazines-francais\/","title":{"rendered":"Magazines fran\u00e7ais"},"content":{"rendered":"<div  class=\"container-fluid block_threecolumncontent\">\n\t<div class=\"bg-none mt-5 pb-5 container-fluid\">\n\t\t<div class=\"container\">\n\t\t\t<div class=\"row\">\n\t\t\t\t<div class=\"col text-center\">\n\t\t\t\t\t\t\t\t\t\t<h2 class=\"fs-2 mt-0\"><span>Magazines papier ou num\u00e9riques<\/span><\/h2>\n\t\t\t\t\t\t\t\t\t\t<p class=\"mb-0\">Des magazines qui feront dire \u00e0 vos \u00e9l\u00e8ves, &#8220;J\u2019aime le fran\u00e7ais!&#8221;<\/p>\n\t\t\t\t\t\t\t\t\t<\/div>\n\t\t\t<\/div>\n\t\t\t<div class=\"row  justify-content-center\">\n\t\t\t\t\t\t\t\t\t\n\t\t\t\t\t\t\t<div class=\"col-lg-3 col-md-6 col-12 px-4 mt-5 block_threecolumncontentcol\">\n\t\t\t\t\t\t\t\t<div class=\"block_threecolumncontentcol-inner   align-items-center d-flex flex-column justify-content-start text-center \">\n\t\t\t\t\t\t\t\t\t\t\t\t\t\t\t\t\t\t\n\t\t\t\t\t\t\t\t\t<div class=\"block_threecolumncontentcol-inner-maininfo\">\n\t\t\t\t\t\t\t\t\t\t\t\t\t\t\t\t\t\t\t\t<div class=\"block_threecolumncontentcol-image-container mb-3\">\n\t\t\t\t\t\t\t\t\t\t\t<div class=\"block_threecolumncontentcol-image\">\n\t\t\t\t\t\t\t\t\t\t\t\t\t\t\t\t\t\t\t\t\t\t\t\t<a href=\"https:\/\/www.scholastic.ca\/education\/magazines\/samples\/Allonsy-092025\/\" target=\"_blank\">\n\t\t\t\t\t\t\t\t\t\t\t\t\t\t\t\t\t\t\t\t\t\t\t\t<img decoding=\"async\" class=\"block_threecolumncontentcol-img\" src=\"https:\/\/www2.scholastic.ca\/education\/wp-content\/uploads\/sites\/59\/2025\/08\/ALLONSY_ST-090125.png\" alt=\"Allons-Y! - Explorez  l'exemple\" style=\"\">\n\t\t\t\t\t\t\t\t\t\t\t\t\t\t\t\t\t\t\t\t\t\t\t\t<\/a>\n\t\t\t\t\t\t\t\t\t\t\t\t\t\t\t\t\t\t\t\t\t\t\t<\/div>\n\t\t\t\t\t\t\t\t\t\t<\/div>\n\t\t\t\t\t\t\t\t\t\t\t\t\t\t\t\t\t\t\t\t\t\t\t\t\t\t\t\t\t\t<strong class=\"super-heading\">Niveau 1<\/strong>\n\t\t\t\t\t\t\t\t\t\t\t\t\t\t\t\t\t\t\t\t<h3 class=\"block_threecolumncontent-heading fs-5\" style=\"color: rgb(0,0,0);\">Allons-Y!<\/h3>\n\t\t\t\t\t\t\t\t\t\t<p>Nombre de num\u00e9ros : 5<\/p>\n\t\t\t\t\t\t\t\t\t<\/div>\n\t\t\t\t\t\t\t\t\t<div class=\"block_threecolumncontentcol-inner-buttons d-flex flex-column\">\n\t\t\t\t\t\t\t\t\t\t\t\t\t\t\t\t\t\t\t\t\t<a href=\"https:\/\/www.scholastic.ca\/education\/magazines\/samples\/Allonsy-092025\/\" target=\"_blank\" class=\"link-primary\" onclick=\"schcaTrackingEvent('English', 'Magazines fran\u00e7ais', 'Allons-Y!: Explorez  l'exemple');\">Explorez  l&#8217;exemple <i class=\"fa-solid fa-arrow-up-right-from-square\"><\/i><\/a>\n\t\t\t\t\t\t\t\t\t\t\t\t\t\t\t\t\t\t\t\t\n\t\t\t\t\t\t\t\t\t\t\t\t\t\t\t\t\t\t\t<\/div>\n\t\t\t\t\t\t\t\t<\/div>\n\t\t\t\t\t\t\t<\/div>\n\t\t\t\t\t\t\t\t\t\n\t\t\t\t\t\t\t<div class=\"col-lg-3 col-md-6 col-12 px-4 mt-5 block_threecolumncontentcol\">\n\t\t\t\t\t\t\t\t<div class=\"block_threecolumncontentcol-inner   align-items-center d-flex flex-column justify-content-start text-center \">\n\t\t\t\t\t\t\t\t\t\t\t\t\t\t\t\t\t\t\n\t\t\t\t\t\t\t\t\t<div class=\"block_threecolumncontentcol-inner-maininfo\">\n\t\t\t\t\t\t\t\t\t\t\t\t\t\t\t\t\t\t\t\t<div class=\"block_threecolumncontentcol-image-container mb-3\">\n\t\t\t\t\t\t\t\t\t\t\t<div class=\"block_threecolumncontentcol-image\">\n\t\t\t\t\t\t\t\t\t\t\t\t\t\t\t\t\t\t\t\t\t\t\t\t<a href=\"https:\/\/www.scholastic.ca\/education\/magazines\/samples\/Bonjour-092025\/\" target=\"_blank\">\n\t\t\t\t\t\t\t\t\t\t\t\t\t\t\t\t\t\t\t\t\t\t\t\t<img decoding=\"async\" class=\"block_threecolumncontentcol-img\" src=\"https:\/\/www2.scholastic.ca\/education\/wp-content\/uploads\/sites\/59\/2025\/08\/BONJOUR_ST-090125.png\" alt=\"Bonjour - Explorez  l'exemple\" style=\"\">\n\t\t\t\t\t\t\t\t\t\t\t\t\t\t\t\t\t\t\t\t\t\t\t\t<\/a>\n\t\t\t\t\t\t\t\t\t\t\t\t\t\t\t\t\t\t\t\t\t\t\t<\/div>\n\t\t\t\t\t\t\t\t\t\t<\/div>\n\t\t\t\t\t\t\t\t\t\t\t\t\t\t\t\t\t\t\t\t\t\t\t\t\t\t\t\t\t\t<strong class=\"super-heading\">Niveau 2<\/strong>\n\t\t\t\t\t\t\t\t\t\t\t\t\t\t\t\t\t\t\t\t<h3 class=\"block_threecolumncontent-heading fs-5\" style=\"color: rgb(0,0,0);\">Bonjour<\/h3>\n\t\t\t\t\t\t\t\t\t\t<p>Nombre de num\u00e9ros : 5<\/p>\n\t\t\t\t\t\t\t\t\t<\/div>\n\t\t\t\t\t\t\t\t\t<div class=\"block_threecolumncontentcol-inner-buttons d-flex flex-column\">\n\t\t\t\t\t\t\t\t\t\t\t\t\t\t\t\t\t\t\t\t\t<a href=\"https:\/\/www.scholastic.ca\/education\/magazines\/samples\/Bonjour-092025\/\" target=\"_blank\" class=\"link-primary\" onclick=\"schcaTrackingEvent('English', 'Magazines fran\u00e7ais', 'Bonjour: Explorez  l'exemple');\">Explorez  l&#8217;exemple <i class=\"fa-solid fa-arrow-up-right-from-square\"><\/i><\/a>\n\t\t\t\t\t\t\t\t\t\t\t\t\t\t\t\t\t\t\t\t\n\t\t\t\t\t\t\t\t\t\t\t\t\t\t\t\t\t\t\t<\/div>\n\t\t\t\t\t\t\t\t<\/div>\n\t\t\t\t\t\t\t<\/div>\n\t\t\t\t\t\t\t\t\t\n\t\t\t\t\t\t\t<div class=\"col-lg-3 col-md-6 col-12 px-4 mt-5 block_threecolumncontentcol\">\n\t\t\t\t\t\t\t\t<div class=\"block_threecolumncontentcol-inner   align-items-center d-flex flex-column justify-content-start text-center \">\n\t\t\t\t\t\t\t\t\t\t\t\t\t\t\t\t\t\t\n\t\t\t\t\t\t\t\t\t<div class=\"block_threecolumncontentcol-inner-maininfo\">\n\t\t\t\t\t\t\t\t\t\t\t\t\t\t\t\t\t\t\t\t<div class=\"block_threecolumncontentcol-image-container mb-3\">\n\t\t\t\t\t\t\t\t\t\t\t<div class=\"block_threecolumncontentcol-image\">\n\t\t\t\t\t\t\t\t\t\t\t\t\t\t\t\t\t\t\t\t\t\t\t\t<a href=\"https:\/\/www.scholastic.ca\/education\/magazines\/samples\/CAVA-092025\/\" target=\"_blank\">\n\t\t\t\t\t\t\t\t\t\t\t\t\t\t\t\t\t\t\t\t\t\t\t\t<img decoding=\"async\" class=\"block_threecolumncontentcol-img\" src=\"https:\/\/www2.scholastic.ca\/education\/wp-content\/uploads\/sites\/59\/2025\/08\/CAVA_ST_090121.png\" alt=\"\u00c7a Va? - Explorez  l'exemple\" style=\"\">\n\t\t\t\t\t\t\t\t\t\t\t\t\t\t\t\t\t\t\t\t\t\t\t\t<\/a>\n\t\t\t\t\t\t\t\t\t\t\t\t\t\t\t\t\t\t\t\t\t\t\t<\/div>\n\t\t\t\t\t\t\t\t\t\t<\/div>\n\t\t\t\t\t\t\t\t\t\t\t\t\t\t\t\t\t\t\t\t\t\t\t\t\t\t\t\t\t\t<strong class=\"super-heading\">Niveau 3<\/strong>\n\t\t\t\t\t\t\t\t\t\t\t\t\t\t\t\t\t\t\t\t<h3 class=\"block_threecolumncontent-heading fs-5\" style=\"color: rgb(0,0,0);\">\u00c7a Va?<\/h3>\n\t\t\t\t\t\t\t\t\t\t<p>Nombre de num\u00e9ros : 5<\/p>\n\t\t\t\t\t\t\t\t\t<\/div>\n\t\t\t\t\t\t\t\t\t<div class=\"block_threecolumncontentcol-inner-buttons d-flex flex-column\">\n\t\t\t\t\t\t\t\t\t\t\t\t\t\t\t\t\t\t\t\t\t<a href=\"https:\/\/www.scholastic.ca\/education\/magazines\/samples\/CAVA-092025\/\" target=\"_blank\" class=\"link-primary\" onclick=\"schcaTrackingEvent('English', 'Magazines fran\u00e7ais', '\u00c7a Va?: Explorez  l'exemple');\">Explorez  l&#8217;exemple <i class=\"fa-solid fa-arrow-up-right-from-square\"><\/i><\/a>\n\t\t\t\t\t\t\t\t\t\t\t\t\t\t\t\t\t\t\t\t\n\t\t\t\t\t\t\t\t\t\t\t\t\t\t\t\t\t\t\t<\/div>\n\t\t\t\t\t\t\t\t<\/div>\n\t\t\t\t\t\t\t<\/div>\n\t\t\t\t\t\t\t\t\t\n\t\t\t\t\t\t\t<div class=\"col-lg-3 col-md-6 col-12 px-4 mt-5 block_threecolumncontentcol\">\n\t\t\t\t\t\t\t\t<div class=\"block_threecolumncontentcol-inner   align-items-center d-flex flex-column justify-content-start text-center \">\n\t\t\t\t\t\t\t\t\t\t\t\t\t\t\t\t\t\t\n\t\t\t\t\t\t\t\t\t<div class=\"block_threecolumncontentcol-inner-maininfo\">\n\t\t\t\t\t\t\t\t\t\t\t\t\t\t\t\t\t\t\t\t<div class=\"block_threecolumncontentcol-image-container mb-3\">\n\t\t\t\t\t\t\t\t\t\t\t<div class=\"block_threecolumncontentcol-image\">\n\t\t\t\t\t\t\t\t\t\t\t\t\t\t\t\t\t\t\t\t\t\t\t\t<a href=\"https:\/\/www.scholastic.ca\/education\/magazines\/samples\/Chez-Nous-092025\/\" target=\"_blank\">\n\t\t\t\t\t\t\t\t\t\t\t\t\t\t\t\t\t\t\t\t\t\t\t\t<img decoding=\"async\" class=\"block_threecolumncontentcol-img\" src=\"https:\/\/www2.scholastic.ca\/education\/wp-content\/uploads\/sites\/59\/2025\/08\/CHEZNOUS_ST_090121.png\" alt=\"Chez Nous - Explorez  l'exemple\" style=\"\">\n\t\t\t\t\t\t\t\t\t\t\t\t\t\t\t\t\t\t\t\t\t\t\t\t<\/a>\n\t\t\t\t\t\t\t\t\t\t\t\t\t\t\t\t\t\t\t\t\t\t\t<\/div>\n\t\t\t\t\t\t\t\t\t\t<\/div>\n\t\t\t\t\t\t\t\t\t\t\t\t\t\t\t\t\t\t\t\t\t\t\t\t\t\t\t\t\t\t<strong class=\"super-heading\">Niveau 4<\/strong>\n\t\t\t\t\t\t\t\t\t\t\t\t\t\t\t\t\t\t\t\t<h3 class=\"block_threecolumncontent-heading fs-5\" style=\"color: rgb(0,0,0);\">Chez Nous<\/h3>\n\t\t\t\t\t\t\t\t\t\t<p>Nombre de num\u00e9ros : 5<\/p>\n\t\t\t\t\t\t\t\t\t<\/div>\n\t\t\t\t\t\t\t\t\t<div class=\"block_threecolumncontentcol-inner-buttons d-flex flex-column\">\n\t\t\t\t\t\t\t\t\t\t\t\t\t\t\t\t\t\t\t\t\t<a href=\"https:\/\/www.scholastic.ca\/education\/magazines\/samples\/Chez-Nous-092025\/\" target=\"_blank\" class=\"link-primary\" onclick=\"schcaTrackingEvent('English', 'Magazines fran\u00e7ais', 'Chez Nous: Explorez  l'exemple');\">Explorez  l&#8217;exemple <i class=\"fa-solid fa-arrow-up-right-from-square\"><\/i><\/a>\n\t\t\t\t\t\t\t\t\t\t\t\t\t\t\t\t\t\t\t\t\n\t\t\t\t\t\t\t\t\t\t\t\t\t\t\t\t\t\t\t<\/div>\n\t\t\t\t\t\t\t\t<\/div>\n\t\t\t\t\t\t\t<\/div>\n\t\t\t\t\t\t\t\t\t\t<div class=\"col-12 mt-4 text-center\">\n\t\t\t\t\t\t\t<h2 class=\"fs-5 d-block mb-0 mt-0\" style=\"font-weight: 700 !important;\">Explorez autre magasins<\/h2>\n\t\t\t\t\t\t\t<a href=\"https:\/\/www.scholastic.ca\/education\/pdfs\/2025-26-Magazines-Plus-Brochure-French\" target=\"_blank\" class=\"btn btn-primary rounded-pill\" onclick=\"schcaTrackingEvent('English', 'Magazines fran\u00e7ais', 'Explorez autre magasins: Explorez');\">Explorez <i class=\"fa-solid fa-arrow-up-right-from-square\"><\/i><\/a>\n\t\t\t\t\t\t<\/div>\n\t\t\t\t\t\t\t\t<\/div>\n\t\t<\/div>\n\t<\/div>\n<\/div>\n\n\n<div  class=\"container-fluid block_icons\">\n    <div class=\"bg-option-1  bg-border-none container my-5\">\n        <div class=\"container\">\n            <div class=\"row\">\n                <div class=\"col text-center\">\n                                        <h2 class=\"fs-2 mt-0\"><span>Caract\u00e9ristiques<\/span><\/h2>\n                                    <\/div>\n            <\/div>\n            <div class=\"row justify-content-center\">\n                                        <div class=\"col-lg-3 col-md-6 mt-5 px-2 text-center\">\n                            <span class=\"block_icons_fontawesomeicon\"><i class=\"fa-solid fa-newspaper\"><\/i><\/span>                            <h3 class=\"block_icons_iconheading mt-1 mb-1\">Des articles immersifs\u00a0et de niveau que les adolescents veulent lire!<\/h3>\n                            \n                                                    <\/div>\n                                        <div class=\"col-lg-3 col-md-6 mt-5 px-2 text-center\">\n                            <span class=\"block_icons_fontawesomeicon\"><i class=\"fa-solid fa-comment\"><\/i><\/span>                            <h3 class=\"block_icons_iconheading mt-1 mb-1\">Vocabulaire pratique et techniques\u00a0d&#8217;\u00e9chafaudage pour d\u00e9velopper la comp\u00e9tence<\/h3>\n                            \n                                                    <\/div>\n                                        <div class=\"col-lg-3 col-md-6 mt-5 px-2 text-center\">\n                            <span class=\"block_icons_fontawesomeicon\"><i class=\"fa-solid fa-shapes\"><\/i><\/span>                            <h3 class=\"block_icons_iconheading mt-1 mb-1\">Activit\u00e9s avec des supports\u00a0pour am\u00e9liorer la grammaire et la compr\u00e9hension<\/h3>\n                            \n                                                    <\/div>\n                                        <div class=\"col-lg-3 col-md-6 mt-5 px-2 text-center\">\n                            <span class=\"block_icons_fontawesomeicon\"><i class=\"fa-solid fa-person-chalkboard\"><\/i><\/span>                            <h3 class=\"block_icons_iconheading mt-1 mb-1\">Plans de cours complets\u00a0qui vous font gagner un temps pr\u00e9cieux de pr\u00e9paration<\/h3>\n                            \n                                                    <\/div>\n                            <\/div>\n        <\/div>\n    <\/div>\n<\/div>\n\n<div  class=\"container-fluid block_video\">\n\t<div class=\"bg-none mt-5 pb-5 container-fluid\">\n\t\t<div class=\"container\">\n\t\t\t<div class=\"row d-flex justify-content-center\">\n\t\t\t\t<div class=\"col-12 col-md-8\">\n\t\t\t\t\t\t\t\t\t\t\t<attach-video video-id=\"74109e25ae884def90c5a624d31070cb\" is-playlist=\"0\" video-width=\"100%\" video-height=\"100%\" player-name=\"\"><\/attach-video>\n\t\t\t\t\t\t\t\t\t<\/div>\n\t\t\t<\/div>\n\t\t\t\t\t<\/div>\n\t<\/div>\n<\/div>\n\n<div  class=\"container-fluid block_threecolumncontent\">\n\t<div class=\"bg-none mt-5 pb-5 container-fluid\">\n\t\t<div class=\"container\">\n\t\t\t<div class=\"row\">\n\t\t\t\t<div class=\"col text-center\">\n\t\t\t\t\t\t\t\t\t\t<h2 class=\"fs-2 mt-0\"><span>Ressources num\u00e9riques robustes<\/span><\/h2>\n\t\t\t\t\t\t\t\t\t<\/div>\n\t\t\t<\/div>\n\t\t\t<div class=\"row  justify-content-center\">\n\t\t\t\t\t\t\t\t\t\n\t\t\t\t\t\t\t<div class=\"col-lg-4 col-md-6 col-12 px-4 mt-5 block_threecolumncontentcol\">\n\t\t\t\t\t\t\t\t<div class=\"block_threecolumncontentcol-inner   align-items-start d-flex flex-column justify-content-start text-start \">\n\t\t\t\t\t\t\t\t\t\t\t\t\t\t\t\t\t\t\n\t\t\t\t\t\t\t\t\t<div class=\"block_threecolumncontentcol-inner-maininfo\">\n\t\t\t\t\t\t\t\t\t\t\t\t\t\t\t\t\t\t\t\t<div class=\"block_threecolumncontentcol-image-container mb-3\">\n\t\t\t\t\t\t\t\t\t\t\t<div class=\"block_threecolumncontentcol-image\">\n\t\t\t\t\t\t\t\t\t\t\t\t\t\t\t\t\t\t\t\t\t\t\t\t<img decoding=\"async\" class=\"block_threecolumncontentcol-img\" src=\"https:\/\/www2.scholastic.ca\/education\/wp-content\/uploads\/sites\/59\/2025\/05\/LanguageLab.png\" alt=\"\" style=\"\">\n\t\t\t\t\t\t\t\t\t\t\t\t\t\t\t\t\t\t\t\t\t\t\t<\/div>\n\t\t\t\t\t\t\t\t\t\t<\/div>\n\t\t\t\t\t\t\t\t\t\t\t\t\t\t\t\t\t\t\t\t\t\t\t\t\t\t\t\t\t\t<h3 class=\"block_threecolumncontent-heading fs-5\" style=\"color: rgb(0,0,0);\">Laboratoire de langues<\/h3>\n\t\t\t\t\t\t\t\t\t\t<p>Attribuez le travail et suivez les progr\u00e8s avec notre syst\u00e8me de gestion de l&#8217;apprentissage.<\/p>\n\t\t\t\t\t\t\t\t\t<\/div>\n\t\t\t\t\t\t\t\t\t<div class=\"block_threecolumncontentcol-inner-buttons d-flex flex-column\">\n\t\t\t\t\t\t\t\t\t\t\t\t\t\t\t\t\t\t\t\t\n\t\t\t\t\t\t\t\t\t\t\t\t\t\t\t\t\t\t\t<\/div>\n\t\t\t\t\t\t\t\t<\/div>\n\t\t\t\t\t\t\t<\/div>\n\t\t\t\t\t\t\t\t\t\n\t\t\t\t\t\t\t<div class=\"col-lg-4 col-md-6 col-12 px-4 mt-5 block_threecolumncontentcol\">\n\t\t\t\t\t\t\t\t<div class=\"block_threecolumncontentcol-inner   align-items-start d-flex flex-column justify-content-start text-start \">\n\t\t\t\t\t\t\t\t\t\t\t\t\t\t\t\t\t\t\n\t\t\t\t\t\t\t\t\t<div class=\"block_threecolumncontentcol-inner-maininfo\">\n\t\t\t\t\t\t\t\t\t\t\t\t\t\t\t\t\t\t\t\t<div class=\"block_threecolumncontentcol-image-container mb-3\">\n\t\t\t\t\t\t\t\t\t\t\t<div class=\"block_threecolumncontentcol-image\">\n\t\t\t\t\t\t\t\t\t\t\t\t\t\t\t\t\t\t\t\t\t\t\t\t<img decoding=\"async\" class=\"block_threecolumncontentcol-img\" src=\"https:\/\/www2.scholastic.ca\/education\/wp-content\/uploads\/sites\/59\/2025\/05\/Videos.png\" alt=\"\" style=\"\">\n\t\t\t\t\t\t\t\t\t\t\t\t\t\t\t\t\t\t\t\t\t\t\t<\/div>\n\t\t\t\t\t\t\t\t\t\t<\/div>\n\t\t\t\t\t\t\t\t\t\t\t\t\t\t\t\t\t\t\t\t\t\t\t\t\t\t\t\t\t\t<h3 class=\"block_threecolumncontent-heading fs-5\" style=\"color: rgb(0,0,0);\">Vid\u00e9os<\/h3>\n\t\t\t\t\t\t\t\t\t\t<p>Regardez la conversation de mod\u00e8les de locuteurs natifs. Les transcriptions compl\u00e8tes et les activit\u00e9s sont fournies.<\/p>\n\t\t\t\t\t\t\t\t\t<\/div>\n\t\t\t\t\t\t\t\t\t<div class=\"block_threecolumncontentcol-inner-buttons d-flex flex-column\">\n\t\t\t\t\t\t\t\t\t\t\t\t\t\t\t\t\t\t\t\t\n\t\t\t\t\t\t\t\t\t\t\t\t\t\t\t\t\t\t\t<\/div>\n\t\t\t\t\t\t\t\t<\/div>\n\t\t\t\t\t\t\t<\/div>\n\t\t\t\t\t\t\t\t\t\n\t\t\t\t\t\t\t<div class=\"col-lg-4 col-md-6 col-12 px-4 mt-5 block_threecolumncontentcol\">\n\t\t\t\t\t\t\t\t<div class=\"block_threecolumncontentcol-inner   align-items-start d-flex flex-column justify-content-start text-start \">\n\t\t\t\t\t\t\t\t\t\t\t\t\t\t\t\t\t\t\n\t\t\t\t\t\t\t\t\t<div class=\"block_threecolumncontentcol-inner-maininfo\">\n\t\t\t\t\t\t\t\t\t\t\t\t\t\t\t\t\t\t\t\t<div class=\"block_threecolumncontentcol-image-container mb-3\">\n\t\t\t\t\t\t\t\t\t\t\t<div class=\"block_threecolumncontentcol-image\">\n\t\t\t\t\t\t\t\t\t\t\t\t\t\t\t\t\t\t\t\t\t\t\t\t<img decoding=\"async\" class=\"block_threecolumncontentcol-img\" src=\"https:\/\/www2.scholastic.ca\/education\/wp-content\/uploads\/sites\/59\/2025\/05\/Audio.png\" alt=\"\" style=\"\">\n\t\t\t\t\t\t\t\t\t\t\t\t\t\t\t\t\t\t\t\t\t\t\t<\/div>\n\t\t\t\t\t\t\t\t\t\t<\/div>\n\t\t\t\t\t\t\t\t\t\t\t\t\t\t\t\t\t\t\t\t\t\t\t\t\t\t\t\t\t\t<h3 class=\"block_threecolumncontent-heading fs-5\" style=\"color: rgb(0,0,0);\">L\u2019audio<\/h3>\n\t\t\t\t\t\t\t\t\t\t<p>25 activit\u00e9s d&#8217;\u00e9coute amusantes cr\u00e9ent un accent et une nuance. Les transcriptions compl\u00e8tes sont fournies.<\/p>\n\t\t\t\t\t\t\t\t\t<\/div>\n\t\t\t\t\t\t\t\t\t<div class=\"block_threecolumncontentcol-inner-buttons d-flex flex-column\">\n\t\t\t\t\t\t\t\t\t\t\t\t\t\t\t\t\t\t\t\t\n\t\t\t\t\t\t\t\t\t\t\t\t\t\t\t\t\t\t\t<\/div>\n\t\t\t\t\t\t\t\t<\/div>\n\t\t\t\t\t\t\t<\/div>\n\t\t\t\t\t\t\t\t\t\n\t\t\t\t\t\t\t<div class=\"col-lg-4 col-md-6 col-12 px-4 mt-5 block_threecolumncontentcol\">\n\t\t\t\t\t\t\t\t<div class=\"block_threecolumncontentcol-inner   align-items-start d-flex flex-column justify-content-start text-start \">\n\t\t\t\t\t\t\t\t\t\t\t\t\t\t\t\t\t\t\n\t\t\t\t\t\t\t\t\t<div class=\"block_threecolumncontentcol-inner-maininfo\">\n\t\t\t\t\t\t\t\t\t\t\t\t\t\t\t\t\t\t\t\t<div class=\"block_threecolumncontentcol-image-container mb-3\">\n\t\t\t\t\t\t\t\t\t\t\t<div class=\"block_threecolumncontentcol-image\">\n\t\t\t\t\t\t\t\t\t\t\t\t\t\t\t\t\t\t\t\t\t\t\t\t<img decoding=\"async\" class=\"block_threecolumncontentcol-img\" src=\"https:\/\/www2.scholastic.ca\/education\/wp-content\/uploads\/sites\/59\/2025\/05\/WeeklyNews.png\" alt=\"\" style=\"\">\n\t\t\t\t\t\t\t\t\t\t\t\t\t\t\t\t\t\t\t\t\t\t\t<\/div>\n\t\t\t\t\t\t\t\t\t\t<\/div>\n\t\t\t\t\t\t\t\t\t\t\t\t\t\t\t\t\t\t\t\t\t\t\t\t\t\t\t\t\t\t<h3 class=\"block_threecolumncontent-heading fs-5\" style=\"color: rgb(0,0,0);\">Nouvelles hebdomadaires<\/h3>\n\t\t\t\t\t\t\t\t\t\t<p>Lisez les derni\u00e8res nouvelles du monde francophone. Vos \u00e9tudiants peuvent m\u00eame soumettre leurs propres articles pour publication!<\/p>\n\t\t\t\t\t\t\t\t\t<\/div>\n\t\t\t\t\t\t\t\t\t<div class=\"block_threecolumncontentcol-inner-buttons d-flex flex-column\">\n\t\t\t\t\t\t\t\t\t\t\t\t\t\t\t\t\t\t\t\t\n\t\t\t\t\t\t\t\t\t\t\t\t\t\t\t\t\t\t\t<\/div>\n\t\t\t\t\t\t\t\t<\/div>\n\t\t\t\t\t\t\t<\/div>\n\t\t\t\t\t\t\t\t\t\n\t\t\t\t\t\t\t<div class=\"col-lg-4 col-md-6 col-12 px-4 mt-5 block_threecolumncontentcol\">\n\t\t\t\t\t\t\t\t<div class=\"block_threecolumncontentcol-inner   align-items-start d-flex flex-column justify-content-start text-start \">\n\t\t\t\t\t\t\t\t\t\t\t\t\t\t\t\t\t\t\n\t\t\t\t\t\t\t\t\t<div class=\"block_threecolumncontentcol-inner-maininfo\">\n\t\t\t\t\t\t\t\t\t\t\t\t\t\t\t\t\t\t\t\t<div class=\"block_threecolumncontentcol-image-container mb-3\">\n\t\t\t\t\t\t\t\t\t\t\t<div class=\"block_threecolumncontentcol-image\">\n\t\t\t\t\t\t\t\t\t\t\t\t\t\t\t\t\t\t\t\t\t\t\t\t<img decoding=\"async\" class=\"block_threecolumncontentcol-img\" src=\"https:\/\/www2.scholastic.ca\/education\/wp-content\/uploads\/sites\/59\/2025\/05\/ResourceBank.png\" alt=\"\" style=\"\">\n\t\t\t\t\t\t\t\t\t\t\t\t\t\t\t\t\t\t\t\t\t\t\t<\/div>\n\t\t\t\t\t\t\t\t\t\t<\/div>\n\t\t\t\t\t\t\t\t\t\t\t\t\t\t\t\t\t\t\t\t\t\t\t\t\t\t\t\t\t\t<h3 class=\"block_threecolumncontent-heading fs-5\" style=\"color: rgb(0,0,0);\">Banque de ressources<\/h3>\n\t\t\t\t\t\t\t\t\t\t<p>Parcourez les anciens num\u00e9ros, les feuilles de calcul et les fonctionnalit\u00e9s multim\u00e9dias.<\/p>\n\t\t\t\t\t\t\t\t\t<\/div>\n\t\t\t\t\t\t\t\t\t<div class=\"block_threecolumncontentcol-inner-buttons d-flex flex-column\">\n\t\t\t\t\t\t\t\t\t\t\t\t\t\t\t\t\t\t\t\t\n\t\t\t\t\t\t\t\t\t\t\t\t\t\t\t\t\t\t\t<\/div>\n\t\t\t\t\t\t\t\t<\/div>\n\t\t\t\t\t\t\t<\/div>\n\t\t\t\t\t\t\t\t\t\n\t\t\t\t\t\t\t<div class=\"col-lg-4 col-md-6 col-12 px-4 mt-5 block_threecolumncontentcol\">\n\t\t\t\t\t\t\t\t<div class=\"block_threecolumncontentcol-inner   align-items-start d-flex flex-column justify-content-start text-start \">\n\t\t\t\t\t\t\t\t\t\t\t\t\t\t\t\t\t\t\n\t\t\t\t\t\t\t\t\t<div class=\"block_threecolumncontentcol-inner-maininfo\">\n\t\t\t\t\t\t\t\t\t\t\t\t\t\t\t\t\t\t\t\t<div class=\"block_threecolumncontentcol-image-container mb-3\">\n\t\t\t\t\t\t\t\t\t\t\t<div class=\"block_threecolumncontentcol-image\">\n\t\t\t\t\t\t\t\t\t\t\t\t\t\t\t\t\t\t\t\t\t\t\t\t<img decoding=\"async\" class=\"block_threecolumncontentcol-img\" src=\"https:\/\/www2.scholastic.ca\/education\/wp-content\/uploads\/sites\/59\/2025\/05\/TeachersNote.png\" alt=\"\" style=\"\">\n\t\t\t\t\t\t\t\t\t\t\t\t\t\t\t\t\t\t\t\t\t\t\t<\/div>\n\t\t\t\t\t\t\t\t\t\t<\/div>\n\t\t\t\t\t\t\t\t\t\t\t\t\t\t\t\t\t\t\t\t\t\t\t\t\t\t\t\t\t\t<h3 class=\"block_threecolumncontent-heading fs-5\" style=\"color: rgb(0,0,0);\">Notes de l&#8217;enseignant<\/h3>\n\t\t\t\t\t\t\t\t\t\t<p>Gagnez du temps avec des id\u00e9es p\u00e9dagogiques cr\u00e9atives et des plans de cours.<\/p>\n\t\t\t\t\t\t\t\t\t<\/div>\n\t\t\t\t\t\t\t\t\t<div class=\"block_threecolumncontentcol-inner-buttons d-flex flex-column\">\n\t\t\t\t\t\t\t\t\t\t\t\t\t\t\t\t\t\t\t\t\n\t\t\t\t\t\t\t\t\t\t\t\t\t\t\t\t\t\t\t<\/div>\n\t\t\t\t\t\t\t\t<\/div>\n\t\t\t\t\t\t\t<\/div>\n\t\t\t\t\t\t\t<\/div>\n\t\t<\/div>\n\t<\/div>\n<\/div>","protected":false},"excerpt":{"rendered":"","protected":false},"author":1,"featured_media":0,"parent":0,"menu_order":0,"comment_status":"closed","ping_status":"closed","template":"","meta":{"_acf_changed":true,"footnotes":""},"class_list":["post-1162","page","type-page","status-publish","hentry"],"acf":[],"yoast_head":"<!-- This site is optimized with the Yoast SEO plugin v26.6 - https:\/\/yoast.com\/wordpress\/plugins\/seo\/ -->\n<title>Magazines fran\u00e7ais | Scholastic Education Canada<\/title>\n<meta name=\"robots\" content=\"index, follow, max-snippet:-1, max-image-preview:large, max-video-preview:-1\" \/>\n<link rel=\"canonical\" href=\"https:\/\/www2.scholastic.ca\/education\/magazines-francais\/\" \/>\n<meta property=\"og:locale\" content=\"en_US\" \/>\n<meta property=\"og:type\" content=\"article\" \/>\n<meta property=\"og:title\" content=\"Magazines fran\u00e7ais | Scholastic Education Canada\" \/>\n<meta property=\"og:url\" content=\"https:\/\/www2.scholastic.ca\/education\/magazines-francais\/\" \/>\n<meta property=\"og:site_name\" content=\"Scholastic Education Canada\" \/>\n<meta property=\"article:modified_time\" content=\"2025-08-19T14:44:52+00:00\" \/>\n<meta name=\"twitter:card\" content=\"summary_large_image\" \/>\n<script type=\"application\/ld+json\" class=\"yoast-schema-graph\">{\"@context\":\"https:\/\/schema.org\",\"@graph\":[{\"@type\":\"WebPage\",\"@id\":\"https:\/\/www2.scholastic.ca\/education\/magazines-francais\/\",\"url\":\"https:\/\/www2.scholastic.ca\/education\/magazines-francais\/\",\"name\":\"Magazines fran\u00e7ais | Scholastic Education Canada\",\"isPartOf\":{\"@id\":\"https:\/\/www2.scholastic.ca\/education\/#website\"},\"datePublished\":\"2025-05-13T14:02:06+00:00\",\"dateModified\":\"2025-08-19T14:44:52+00:00\",\"breadcrumb\":{\"@id\":\"https:\/\/www2.scholastic.ca\/education\/magazines-francais\/#breadcrumb\"},\"inLanguage\":\"en-US\",\"potentialAction\":[{\"@type\":\"ReadAction\",\"target\":[\"https:\/\/www2.scholastic.ca\/education\/magazines-francais\/\"]}]},{\"@type\":\"BreadcrumbList\",\"@id\":\"https:\/\/www2.scholastic.ca\/education\/magazines-francais\/#breadcrumb\",\"itemListElement\":[{\"@type\":\"ListItem\",\"position\":1,\"name\":\"Home\",\"item\":\"https:\/\/www2.scholastic.ca\/education\/\"},{\"@type\":\"ListItem\",\"position\":2,\"name\":\"Magazines fran\u00e7ais\"}]},{\"@type\":\"WebSite\",\"@id\":\"https:\/\/www2.scholastic.ca\/education\/#website\",\"url\":\"https:\/\/www2.scholastic.ca\/education\/\",\"name\":\"Scholastic Education Canada\",\"description\":\"\",\"potentialAction\":[{\"@type\":\"SearchAction\",\"target\":{\"@type\":\"EntryPoint\",\"urlTemplate\":\"https:\/\/www2.scholastic.ca\/education\/?s={search_term_string}\"},\"query-input\":{\"@type\":\"PropertyValueSpecification\",\"valueRequired\":true,\"valueName\":\"search_term_string\"}}],\"inLanguage\":\"en-US\"}]}<\/script>\n<!-- \/ Yoast SEO plugin. -->","yoast_head_json":{"title":"Magazines fran\u00e7ais | Scholastic Education Canada","robots":{"index":"index","follow":"follow","max-snippet":"max-snippet:-1","max-image-preview":"max-image-preview:large","max-video-preview":"max-video-preview:-1"},"canonical":"https:\/\/www2.scholastic.ca\/education\/magazines-francais\/","og_locale":"en_US","og_type":"article","og_title":"Magazines fran\u00e7ais | Scholastic Education Canada","og_url":"https:\/\/www2.scholastic.ca\/education\/magazines-francais\/","og_site_name":"Scholastic Education Canada","article_modified_time":"2025-08-19T14:44:52+00:00","twitter_card":"summary_large_image","schema":{"@context":"https:\/\/schema.org","@graph":[{"@type":"WebPage","@id":"https:\/\/www2.scholastic.ca\/education\/magazines-francais\/","url":"https:\/\/www2.scholastic.ca\/education\/magazines-francais\/","name":"Magazines fran\u00e7ais | Scholastic Education Canada","isPartOf":{"@id":"https:\/\/www2.scholastic.ca\/education\/#website"},"datePublished":"2025-05-13T14:02:06+00:00","dateModified":"2025-08-19T14:44:52+00:00","breadcrumb":{"@id":"https:\/\/www2.scholastic.ca\/education\/magazines-francais\/#breadcrumb"},"inLanguage":"en-US","potentialAction":[{"@type":"ReadAction","target":["https:\/\/www2.scholastic.ca\/education\/magazines-francais\/"]}]},{"@type":"BreadcrumbList","@id":"https:\/\/www2.scholastic.ca\/education\/magazines-francais\/#breadcrumb","itemListElement":[{"@type":"ListItem","position":1,"name":"Home","item":"https:\/\/www2.scholastic.ca\/education\/"},{"@type":"ListItem","position":2,"name":"Magazines fran\u00e7ais"}]},{"@type":"WebSite","@id":"https:\/\/www2.scholastic.ca\/education\/#website","url":"https:\/\/www2.scholastic.ca\/education\/","name":"Scholastic Education Canada","description":"","potentialAction":[{"@type":"SearchAction","target":{"@type":"EntryPoint","urlTemplate":"https:\/\/www2.scholastic.ca\/education\/?s={search_term_string}"},"query-input":{"@type":"PropertyValueSpecification","valueRequired":true,"valueName":"search_term_string"}}],"inLanguage":"en-US"}]}},"_links":{"self":[{"href":"https:\/\/www2.scholastic.ca\/education\/wp-json\/wp\/v2\/pages\/1162","targetHints":{"allow":["GET"]}}],"collection":[{"href":"https:\/\/www2.scholastic.ca\/education\/wp-json\/wp\/v2\/pages"}],"about":[{"href":"https:\/\/www2.scholastic.ca\/education\/wp-json\/wp\/v2\/types\/page"}],"author":[{"embeddable":true,"href":"https:\/\/www2.scholastic.ca\/education\/wp-json\/wp\/v2\/users\/1"}],"replies":[{"embeddable":true,"href":"https:\/\/www2.scholastic.ca\/education\/wp-json\/wp\/v2\/comments?post=1162"}],"version-history":[{"count":0,"href":"https:\/\/www2.scholastic.ca\/education\/wp-json\/wp\/v2\/pages\/1162\/revisions"}],"wp:attachment":[{"href":"https:\/\/www2.scholastic.ca\/education\/wp-json\/wp\/v2\/media?parent=1162"}],"curies":[{"name":"wp","href":"https:\/\/api.w.org\/{rel}","templated":true}]}}