{"id":1127,"date":"2025-05-12T20:05:47","date_gmt":"2025-05-12T20:05:47","guid":{"rendered":"https:\/\/www2.scholastic.ca\/education\/?page_id=1127"},"modified":"2025-12-17T15:14:32","modified_gmt":"2025-12-17T15:14:32","slug":"les-decodables-de-scholastic","status":"publish","type":"page","link":"https:\/\/www2.scholastic.ca\/education\/les-decodables-de-scholastic\/","title":{"rendered":"Les d\u00e9codables de Scholastic"},"content":{"rendered":"<div  class=\"container-fluid block_textwithimage\">\n\t<div class=\"bg-none mt-5 pb-5 container-fluid\">\n\t\t<div class=\"container\">\n\t\t\t\t\t\t<div class=\"my-5 my-lg-2 d-flex justify-content-center align-items-center flex-wrap flex-lg-nowrap flex-column flex-md-row\">\n\t\t\t\t\t\t\t<div class=\"col-md-6 text-center order-md-2 ps-lg-5 order-sm-1 ps-sm-4\">\n\t\t\t\t\t\t\t\t\t\t<img decoding=\"async\" src=\"https:\/\/www2.scholastic.ca\/education\/wp-content\/uploads\/sites\/59\/2025\/05\/progressionchart-fr.jpg\" alt=\"\" class=\"img-fluid\" \/>\n\t\t\t\t<\/div>\n\t\t\t\t<div class=\"col-md-6 align-items-center d-flex order-md-1 order-sm-2\">\n\t\t\t\t\t<div class=\"col\">\n\t\t\t\t\t\t\t\t\t\t\t\t<h2 class=\"mt-4 mt-md-0\"><span>Suscitez l&#8217;int\u00e9r\u00eat de vos \u00e9l\u00e8ves gr\u00e2ce \u00e0 des illustrations et \u00e0 des photographies captivantes!<\/span><\/h2>\n\t\t\t\t\t\t<p class=\"p1\">La collection Les d\u00e9codables de Scholastic soutient les \u00e9l\u00e8ves de la maternelle \u00e0 3e ann\u00e9e en leur proposant des ouvrages de fiction et informatifs remplis d&#8217;illustrations et de photographies diverses et inclusives qui aideront les lecteurs \u00e0 d\u00e9velopper leurs connaissances en phon\u00e9tique. Mise sur pied au Canada et r\u00e9vis\u00e9e par des enseignants Canadiens, cette collection de livres faciles \u00e0 d\u00e9coder aide les \u00e9l\u00e8ves \u00e0 pratiquer et \u00e0 appliquer leurs comp\u00e9tences en mati\u00e8re de d\u00e9codage et, ainsi, \u00e0 devenir de meilleurs lecteurs.<\/p>\n<p class=\"p1\">Cette collection a \u00e9t\u00e9 \u00e9labor\u00e9e en fran\u00e7ais et suit une progression des phon\u00e8mes et des graph\u00e8mes logique. Cela en fait un outil pr\u00e9cieux pour les enseignants qui travaillent avec les \u00e9l\u00e8ves apprenant la langue fran\u00e7aise.<\/p>\n\t\t\t\t\t\t\t\t\t\t\t\t\t<a href=\"https:\/\/www2.scholastic.ca\/education\/wp-content\/uploads\/sites\/59\/2025\/05\/LesDecodables_ProgressionChart_Etapes1-20.pdf\" target=\"_blank\" class=\"btn btn-outline-primary rounded-pill\" onclick=\"schcaTrackingEvent('English', 'Les d\u00e9codables de Scholastic', 'Suscitez l'int\u00e9r\u00eat de vos \u00e9l\u00e8ves gr\u00e2ce \u00e0 des illustrations et \u00e0 des photographies captivantes!: Consultez le Tableau');\">Consultez le Tableau<\/a>\n\t\t\t\t\t\t\t\t\t\t\t<\/div>\n\t\t\t\t<\/div>\n\t\t\t<\/div>\n\t\t<\/div>\n\t<\/div>\n<\/div>\n\n<div  class=\"container-fluid block_threecolumncontent\">\n\t<div class=\"bg-colour4  bg-border-none container-fluid\">\n\t\t<div class=\"container\">\n\t\t\t<div class=\"row\">\n\t\t\t\t<div class=\"col text-center\">\n\t\t\t\t\t\t\t\t\t\t<h2 class=\"fs-2 mt-0\"><span>Ce qui est inclus<\/span><\/h2>\n\t\t\t\t\t\t\t\t\t<\/div>\n\t\t\t<\/div>\n\t\t\t<div class=\"row  justify-content-center\">\n\t\t\t\t\t\t\t\t\t\n\t\t\t\t\t\t\t<div class=\"col-md-6 col-12 px-4 mt-5 block_threecolumncontentcol\">\n\t\t\t\t\t\t\t\t<div class=\"block_threecolumncontentcol-inner   align-items-center d-flex flex-column justify-content-start text-center \">\n\t\t\t\t\t\t\t\t\t\t\t\t\t\t\t\t\t\t\n\t\t\t\t\t\t\t\t\t<div class=\"block_threecolumncontentcol-inner-maininfo\">\n\t\t\t\t\t\t\t\t\t\t\t\t\t\t\t\t\t\t\t\t<div class=\"block_threecolumncontentcol-image-container mb-3\">\n\t\t\t\t\t\t\t\t\t\t\t<div class=\"block_threecolumncontentcol-image\">\n\t\t\t\t\t\t\t\t\t\t\t\t\t\t\t\t\t\t\t\t\t\t\t\t<img decoding=\"async\" class=\"block_threecolumncontentcol-img\" src=\"https:\/\/www2.scholastic.ca\/education\/wp-content\/uploads\/sites\/59\/2025\/05\/phonics_sample1.jpg\" alt=\"\" style=\"height: 100%; max-height: 400px; width: auto;\">\n\t\t\t\t\t\t\t\t\t\t\t\t\t\t\t\t\t\t\t\t\t\t\t<\/div>\n\t\t\t\t\t\t\t\t\t\t<\/div>\n\t\t\t\t\t\t\t\t\t\t\t\t\t\t\t\t\t\t\t\t\t\t\t\t\t\t\t\t\t\t<h3 class=\"block_threecolumncontent-heading fs-5\" style=\"color: rgb(0,0,0);\">Chaque livre contient des notes pour les enseignants afin d&#8217;approfondir les apprentissages.<\/h3>\n\t\t\t\t\t\t\t\t\t\t\t\t\t\t\t\t\t\t\t<\/div>\n\t\t\t\t\t\t\t\t\t<div class=\"block_threecolumncontentcol-inner-buttons d-flex flex-column\">\n\t\t\t\t\t\t\t\t\t\t\t\t\t\t\t\t\t\t\t\t\n\t\t\t\t\t\t\t\t\t\t\t\t\t\t\t\t\t\t\t<\/div>\n\t\t\t\t\t\t\t\t<\/div>\n\t\t\t\t\t\t\t<\/div>\n\t\t\t\t\t\t\t\t\t\n\t\t\t\t\t\t\t<div class=\"col-md-6 col-12 px-4 mt-5 block_threecolumncontentcol\">\n\t\t\t\t\t\t\t\t<div class=\"block_threecolumncontentcol-inner   align-items-center d-flex flex-column justify-content-start text-center \">\n\t\t\t\t\t\t\t\t\t\t\t\t\t\t\t\t\t\t\n\t\t\t\t\t\t\t\t\t<div class=\"block_threecolumncontentcol-inner-maininfo\">\n\t\t\t\t\t\t\t\t\t\t\t\t\t\t\t\t\t\t\t\t<div class=\"block_threecolumncontentcol-image-container mb-3\">\n\t\t\t\t\t\t\t\t\t\t\t<div class=\"block_threecolumncontentcol-image\">\n\t\t\t\t\t\t\t\t\t\t\t\t\t\t\t\t\t\t\t\t\t\t\t\t<img decoding=\"async\" class=\"block_threecolumncontentcol-img\" src=\"https:\/\/www2.scholastic.ca\/education\/wp-content\/uploads\/sites\/59\/2025\/05\/phonics_sample2.jpg\" alt=\"\" style=\"height: 100%; max-height: 400px; width: auto;\">\n\t\t\t\t\t\t\t\t\t\t\t\t\t\t\t\t\t\t\t\t\t\t\t<\/div>\n\t\t\t\t\t\t\t\t\t\t<\/div>\n\t\t\t\t\t\t\t\t\t\t\t\t\t\t\t\t\t\t\t\t\t\t\t\t\t\t\t\t\t\t<h3 class=\"block_threecolumncontent-heading fs-5\" style=\"color: rgb(0,0,0);\">Chaque livre comprend une activit\u00e9 \u00ab Parlons ensemble! \u00bb qui favorise la compr\u00e9hension et l&#8217;acquisition de vocabulaire par les \u00e9l\u00e8ves.<\/h3>\n\t\t\t\t\t\t\t\t\t\t\t\t\t\t\t\t\t\t\t<\/div>\n\t\t\t\t\t\t\t\t\t<div class=\"block_threecolumncontentcol-inner-buttons d-flex flex-column\">\n\t\t\t\t\t\t\t\t\t\t\t\t\t\t\t\t\t\t\t\t\n\t\t\t\t\t\t\t\t\t\t\t\t\t\t\t\t\t\t\t<\/div>\n\t\t\t\t\t\t\t\t<\/div>\n\t\t\t\t\t\t\t<\/div>\n\t\t\t\t\t\t\t<\/div>\n\t\t<\/div>\n\t<\/div>\n<\/div>\n\n<div  class=\"container-fluid block_text\">\n\t<div class=\"bg-none mt-5 container-fluid\">\n\t\t<div class=\"container\">\n\t\t\t<div class=\"col pb-2 text-center\">\n\t\t\t\t\t\t\t\t<h2 class=\"d-block mt-0\"><span>Les d\u00e9codables de Scholastic<\/span><\/h2>\n\t\t\t\t<div class=\"title\">\n<p>La collection comprend 20 \u00e9tapes de livres, chaque \u00e9tape \u00e9tant structur\u00e9e de mani\u00e8re \u00e0 aider les \u00e9l\u00e8ves \u00e0 pratiquer, \u00e0 appliquer et \u00e0 renforcer leurs comp\u00e9tences en mati\u00e8re de d\u00e9codage.<\/p>\n<\/div>\n\t\t\t\t\t\t\t<\/div>\n\t\t<\/div>\n\t<\/div>\n<\/div>\n\n<div  class=\"container-fluid block_imagegrid\">\n\t<div class=\"bg-none mt-5 container-fluid\">\n\t\t<div class=\"container\">\n\t\t\t<div class=\"row justify-content-center\">\n\t\t\t\t\t\t\t\t<div class=\"col-sm-6 mb-5 text-center\">\n\t\t\t\t\t\t\t\t\t\t\t\t<img decoding=\"async\" src=\"https:\/\/www2.scholastic.ca\/education\/wp-content\/uploads\/sites\/59\/2025\/05\/book_set1-1.jpg\" alt=\"\u00c9tape 1\" class=\"img-fluid\" \/>\n\t\t\t\t\t\t\t\t\t\t\t<\/div>\n\t\t\t\t\t\t\t\t<div class=\"col-sm-6 mb-5 text-center\">\n\t\t\t\t\t\t\t\t\t\t\t\t<img decoding=\"async\" src=\"https:\/\/www2.scholastic.ca\/education\/wp-content\/uploads\/sites\/59\/2025\/05\/book_set2-1.jpg\" alt=\"\u00c9tape 2\" class=\"img-fluid\" \/>\n\t\t\t\t\t\t\t\t\t\t\t<\/div>\n\t\t\t\t\t\t\t\t<div class=\"col-sm-6 mb-5 text-center\">\n\t\t\t\t\t\t\t\t\t\t\t\t<img decoding=\"async\" src=\"https:\/\/www2.scholastic.ca\/education\/wp-content\/uploads\/sites\/59\/2025\/05\/book_set3-1.jpg\" alt=\"\u00c9tape 3\" class=\"img-fluid\" \/>\n\t\t\t\t\t\t\t\t\t\t\t<\/div>\n\t\t\t\t\t\t\t\t<div class=\"col-sm-6 mb-5 text-center\">\n\t\t\t\t\t\t\t\t\t\t\t\t<img decoding=\"async\" src=\"https:\/\/www2.scholastic.ca\/education\/wp-content\/uploads\/sites\/59\/2025\/05\/book_set4-1.jpg\" alt=\"\u00c9tape 4\" class=\"img-fluid\" \/>\n\t\t\t\t\t\t\t\t\t\t\t<\/div>\n\t\t\t\t\t\t\t\t<div class=\"col-sm-6 mb-5 text-center\">\n\t\t\t\t\t\t\t\t\t\t\t\t<img decoding=\"async\" src=\"https:\/\/www2.scholastic.ca\/education\/wp-content\/uploads\/sites\/59\/2025\/05\/book_set5-1.jpg\" alt=\"\u00c9tape 5\" class=\"img-fluid\" \/>\n\t\t\t\t\t\t\t\t\t\t\t<\/div>\n\t\t\t\t\t\t\t\t<div class=\"col-sm-6 mb-5 text-center\">\n\t\t\t\t\t\t\t\t\t\t\t\t<img decoding=\"async\" src=\"https:\/\/www2.scholastic.ca\/education\/wp-content\/uploads\/sites\/59\/2025\/05\/book_set6-1.jpg\" alt=\"\u00c9tape 6\" class=\"img-fluid\" \/>\n\t\t\t\t\t\t\t\t\t\t\t<\/div>\n\t\t\t\t\t\t\t\t<div class=\"col-sm-6 mb-5 text-center\">\n\t\t\t\t\t\t\t\t\t\t\t\t<img decoding=\"async\" src=\"https:\/\/www2.scholastic.ca\/education\/wp-content\/uploads\/sites\/59\/2025\/05\/book_set7-1.jpg\" alt=\"\u00c9tape 7\" class=\"img-fluid\" \/>\n\t\t\t\t\t\t\t\t\t\t\t<\/div>\n\t\t\t\t\t\t\t\t<div class=\"col-sm-6 mb-5 text-center\">\n\t\t\t\t\t\t\t\t\t\t\t\t<img decoding=\"async\" src=\"https:\/\/www2.scholastic.ca\/education\/wp-content\/uploads\/sites\/59\/2025\/05\/book_set8-1.jpg\" alt=\"\u00c9tape 8\" class=\"img-fluid\" \/>\n\t\t\t\t\t\t\t\t\t\t\t<\/div>\n\t\t\t\t\t\t\t\t<div class=\"col-sm-6 mb-5 text-center\">\n\t\t\t\t\t\t\t\t\t\t\t\t<img decoding=\"async\" src=\"https:\/\/www2.scholastic.ca\/education\/wp-content\/uploads\/sites\/59\/2025\/05\/book_set9-1.jpg\" alt=\"\u00c9tape 9\" class=\"img-fluid\" \/>\n\t\t\t\t\t\t\t\t\t\t\t<\/div>\n\t\t\t\t\t\t\t\t<div class=\"col-sm-6 mb-5 text-center\">\n\t\t\t\t\t\t\t\t\t\t\t\t<img decoding=\"async\" src=\"https:\/\/www2.scholastic.ca\/education\/wp-content\/uploads\/sites\/59\/2025\/05\/book_set10-1.jpg\" alt=\"\u00c9tape 10\" class=\"img-fluid\" \/>\n\t\t\t\t\t\t\t\t\t\t\t<\/div>\n\t\t\t\t\t\t\t\t<div class=\"col-sm-6 mb-5 text-center\">\n\t\t\t\t\t\t\t\t\t\t\t\t<img decoding=\"async\" src=\"https:\/\/www2.scholastic.ca\/education\/wp-content\/uploads\/sites\/59\/2025\/05\/book_set11-1.jpg\" alt=\"\u00c9tape 11\" class=\"img-fluid\" \/>\n\t\t\t\t\t\t\t\t\t\t\t<\/div>\n\t\t\t\t\t\t\t\t<div class=\"col-sm-6 mb-5 text-center\">\n\t\t\t\t\t\t\t\t\t\t\t\t<img decoding=\"async\" src=\"https:\/\/www2.scholastic.ca\/education\/wp-content\/uploads\/sites\/59\/2025\/05\/book_set12-1.jpg\" alt=\"\u00c9tape 12\" class=\"img-fluid\" \/>\n\t\t\t\t\t\t\t\t\t\t\t<\/div>\n\t\t\t\t\t\t\t\t<div class=\"col-sm-6 mb-5 text-center\">\n\t\t\t\t\t\t\t\t\t\t\t\t<img decoding=\"async\" src=\"https:\/\/www2.scholastic.ca\/education\/wp-content\/uploads\/sites\/59\/2025\/05\/book_set13-1.jpg\" alt=\"\u00c9tape 13\" class=\"img-fluid\" \/>\n\t\t\t\t\t\t\t\t\t\t\t<\/div>\n\t\t\t\t\t\t\t\t<div class=\"col-sm-6 mb-5 text-center\">\n\t\t\t\t\t\t\t\t\t\t\t\t<img decoding=\"async\" src=\"https:\/\/www2.scholastic.ca\/education\/wp-content\/uploads\/sites\/59\/2025\/05\/book_set14.jpg\" alt=\"\u00c9tape 14\" class=\"img-fluid\" \/>\n\t\t\t\t\t\t\t\t\t\t\t<\/div>\n\t\t\t\t\t\t\t\t<div class=\"col-sm-6 mb-5 text-center\">\n\t\t\t\t\t\t\t\t\t\t\t\t<img decoding=\"async\" src=\"https:\/\/www2.scholastic.ca\/education\/wp-content\/uploads\/sites\/59\/2025\/05\/book_set15.jpg\" alt=\"\u00c9tape 15\" class=\"img-fluid\" \/>\n\t\t\t\t\t\t\t\t\t\t\t<\/div>\n\t\t\t\t\t\t<\/div>\n\t\t<\/div>\n\t<\/div>\n<\/div>\n\n<div  class=\"container-fluid block_legaltext\">\n\t<div class=\"bg-none pb-5 container-fluid\">\n\t\t<div class=\"container\">\n\t\t\t<div class=\"row\">\t\n\t\t\t\t<div class=\"col\" style=\"text-align: center;\">\n\t\t\t\t\t<h3><strong>\u00c0 venir :<\/strong>\u00a0\u00c9tapes 16 \u00e0 20<\/h3>\n\t\t\t\t<\/div>\n\t\t\t<\/div>\n\t\t<\/div>\n\t<\/div>\n<\/div>\n\n<div  class=\"container-fluid block_threecolumncontent\">\n\t<div class=\"bg-option-6  bg-border-none container my-5\">\n\t\t<div class=\"container\">\n\t\t\t<div class=\"row\">\n\t\t\t\t<div class=\"col text-center\">\n\t\t\t\t\t\t\t\t\t\t<h2 class=\"fs-2 mt-0\"><span>Extraits<\/span><\/h2>\n\t\t\t\t\t\t\t\t\t\t<p class=\"mb-0\">Obtenez un aper\u00e7u des livres de la collection.<\/p>\n\t\t\t\t\t\t\t\t\t<\/div>\n\t\t\t<\/div>\n\t\t\t<div class=\"row  justify-content-center\">\n\t\t\t\t\t\t\t\t\t\n\t\t\t\t\t\t\t<div class=\"col-lg-4 col-md-6 col-12 px-4 mt-5 block_threecolumncontentcol\">\n\t\t\t\t\t\t\t\t<div class=\"block_threecolumncontentcol-inner   align-items-center d-flex flex-column justify-content-start text-center \">\n\t\t\t\t\t\t\t\t\t\t\t\t\t\t\t\t\t\t\n\t\t\t\t\t\t\t\t\t<div class=\"block_threecolumncontentcol-inner-maininfo\">\n\t\t\t\t\t\t\t\t\t\t\t\t\t\t\t\t\t\t\t\t<div class=\"block_threecolumncontentcol-image-container mb-3\">\n\t\t\t\t\t\t\t\t\t\t\t<div class=\"block_threecolumncontentcol-image\">\n\t\t\t\t\t\t\t\t\t\t\t\t\t\t\t\t\t\t\t\t\t\t\t\t<a href=\"https:\/\/www.scholastic.ca\/education\/pdfs\/Va-la-Etape-1\/\" target=\"_blank\">\n\t\t\t\t\t\t\t\t\t\t\t\t\t\t\t\t\t\t\t\t\t\t\t\t<img decoding=\"async\" class=\"block_threecolumncontentcol-img\" src=\"https:\/\/www2.scholastic.ca\/education\/wp-content\/uploads\/sites\/59\/2025\/05\/book_samples_1-1.jpg\" alt=\"Va l\u00e0! - Ouvrez\" style=\"\">\n\t\t\t\t\t\t\t\t\t\t\t\t\t\t\t\t\t\t\t\t\t\t\t\t<\/a>\n\t\t\t\t\t\t\t\t\t\t\t\t\t\t\t\t\t\t\t\t\t\t\t<\/div>\n\t\t\t\t\t\t\t\t\t\t<\/div>\n\t\t\t\t\t\t\t\t\t\t\t\t\t\t\t\t\t\t\t\t\t\t\t\t\t\t\t\t\t\t<h3 class=\"block_threecolumncontent-heading fs-5\" style=\"color: rgb(0,0,0);\">Va l\u00e0!<\/h3>\n\t\t\t\t\t\t\t\t\t\t\t\t\t\t\t\t\t\t\t<\/div>\n\t\t\t\t\t\t\t\t\t<div class=\"block_threecolumncontentcol-inner-buttons d-flex flex-column\">\n\t\t\t\t\t\t\t\t\t\t\t\t\t\t\t\t\t\t\t\t\t<a href=\"https:\/\/www.scholastic.ca\/education\/pdfs\/Va-la-Etape-1\/\" target=\"_blank\" class=\"link-primary\" onclick=\"schcaTrackingEvent('English', 'Les d\u00e9codables de Scholastic', 'Va l\u00e0!: Ouvrez');\">Ouvrez <i class=\"fa-solid fa-arrow-up-right-from-square\"><\/i><\/a>\n\t\t\t\t\t\t\t\t\t\t\t\t\t\t\t\t\t\t\t\t\n\t\t\t\t\t\t\t\t\t\t\t\t\t\t\t\t\t\t\t<\/div>\n\t\t\t\t\t\t\t\t<\/div>\n\t\t\t\t\t\t\t<\/div>\n\t\t\t\t\t\t\t\t\t\n\t\t\t\t\t\t\t<div class=\"col-lg-4 col-md-6 col-12 px-4 mt-5 block_threecolumncontentcol\">\n\t\t\t\t\t\t\t\t<div class=\"block_threecolumncontentcol-inner   align-items-center d-flex flex-column justify-content-start text-center \">\n\t\t\t\t\t\t\t\t\t\t\t\t\t\t\t\t\t\t\n\t\t\t\t\t\t\t\t\t<div class=\"block_threecolumncontentcol-inner-maininfo\">\n\t\t\t\t\t\t\t\t\t\t\t\t\t\t\t\t\t\t\t\t<div class=\"block_threecolumncontentcol-image-container mb-3\">\n\t\t\t\t\t\t\t\t\t\t\t<div class=\"block_threecolumncontentcol-image\">\n\t\t\t\t\t\t\t\t\t\t\t\t\t\t\t\t\t\t\t\t\t\t\t\t<a href=\"https:\/\/www.scholastic.ca\/education\/pdfs\/Chaque-animal-parle-Etape-4\/#p=1\" target=\"_blank\">\n\t\t\t\t\t\t\t\t\t\t\t\t\t\t\t\t\t\t\t\t\t\t\t\t<img decoding=\"async\" class=\"block_threecolumncontentcol-img\" src=\"https:\/\/www2.scholastic.ca\/education\/wp-content\/uploads\/sites\/59\/2025\/05\/book_samples_2-1.jpg\" alt=\"Chaque animal parle! - Ouvrez\" style=\"\">\n\t\t\t\t\t\t\t\t\t\t\t\t\t\t\t\t\t\t\t\t\t\t\t\t<\/a>\n\t\t\t\t\t\t\t\t\t\t\t\t\t\t\t\t\t\t\t\t\t\t\t<\/div>\n\t\t\t\t\t\t\t\t\t\t<\/div>\n\t\t\t\t\t\t\t\t\t\t\t\t\t\t\t\t\t\t\t\t\t\t\t\t\t\t\t\t\t\t<h3 class=\"block_threecolumncontent-heading fs-5\" style=\"color: rgb(0,0,0);\">Chaque animal parle!<\/h3>\n\t\t\t\t\t\t\t\t\t\t\t\t\t\t\t\t\t\t\t<\/div>\n\t\t\t\t\t\t\t\t\t<div class=\"block_threecolumncontentcol-inner-buttons d-flex flex-column\">\n\t\t\t\t\t\t\t\t\t\t\t\t\t\t\t\t\t\t\t\t\t<a href=\"https:\/\/www.scholastic.ca\/education\/pdfs\/Chaque-animal-parle-Etape-4\/#p=1\" target=\"_blank\" class=\"link-primary\" onclick=\"schcaTrackingEvent('English', 'Les d\u00e9codables de Scholastic', 'Chaque animal parle!: Ouvrez');\">Ouvrez <i class=\"fa-solid fa-arrow-up-right-from-square\"><\/i><\/a>\n\t\t\t\t\t\t\t\t\t\t\t\t\t\t\t\t\t\t\t\t\n\t\t\t\t\t\t\t\t\t\t\t\t\t\t\t\t\t\t\t<\/div>\n\t\t\t\t\t\t\t\t<\/div>\n\t\t\t\t\t\t\t<\/div>\n\t\t\t\t\t\t\t\t\t\n\t\t\t\t\t\t\t<div class=\"col-lg-4 col-md-6 col-12 px-4 mt-5 block_threecolumncontentcol\">\n\t\t\t\t\t\t\t\t<div class=\"block_threecolumncontentcol-inner   align-items-center d-flex flex-column justify-content-start text-center \">\n\t\t\t\t\t\t\t\t\t\t\t\t\t\t\t\t\t\t\n\t\t\t\t\t\t\t\t\t<div class=\"block_threecolumncontentcol-inner-maininfo\">\n\t\t\t\t\t\t\t\t\t\t\t\t\t\t\t\t\t\t\t\t<div class=\"block_threecolumncontentcol-image-container mb-3\">\n\t\t\t\t\t\t\t\t\t\t\t<div class=\"block_threecolumncontentcol-image\">\n\t\t\t\t\t\t\t\t\t\t\t\t\t\t\t\t\t\t\t\t\t\t\t\t<a href=\"https:\/\/www.scholastic.ca\/education\/pdfs\/Ecoute-ca-Etape-5\/\" target=\"_blank\">\n\t\t\t\t\t\t\t\t\t\t\t\t\t\t\t\t\t\t\t\t\t\t\t\t<img decoding=\"async\" class=\"block_threecolumncontentcol-img\" src=\"https:\/\/www2.scholastic.ca\/education\/wp-content\/uploads\/sites\/59\/2025\/05\/book_samples_3-1.jpg\" alt=\"\u00c9coute \u00e7a! - Ouvrez\" style=\"\">\n\t\t\t\t\t\t\t\t\t\t\t\t\t\t\t\t\t\t\t\t\t\t\t\t<\/a>\n\t\t\t\t\t\t\t\t\t\t\t\t\t\t\t\t\t\t\t\t\t\t\t<\/div>\n\t\t\t\t\t\t\t\t\t\t<\/div>\n\t\t\t\t\t\t\t\t\t\t\t\t\t\t\t\t\t\t\t\t\t\t\t\t\t\t\t\t\t\t<h3 class=\"block_threecolumncontent-heading fs-5\" style=\"color: rgb(0,0,0);\">\u00c9coute \u00e7a!<\/h3>\n\t\t\t\t\t\t\t\t\t\t\t\t\t\t\t\t\t\t\t<\/div>\n\t\t\t\t\t\t\t\t\t<div class=\"block_threecolumncontentcol-inner-buttons d-flex flex-column\">\n\t\t\t\t\t\t\t\t\t\t\t\t\t\t\t\t\t\t\t\t\t<a href=\"https:\/\/www.scholastic.ca\/education\/pdfs\/Ecoute-ca-Etape-5\/\" target=\"_blank\" class=\"link-primary\" onclick=\"schcaTrackingEvent('English', 'Les d\u00e9codables de Scholastic', '\u00c9coute \u00e7a!: Ouvrez');\">Ouvrez <i class=\"fa-solid fa-arrow-up-right-from-square\"><\/i><\/a>\n\t\t\t\t\t\t\t\t\t\t\t\t\t\t\t\t\t\t\t\t\n\t\t\t\t\t\t\t\t\t\t\t\t\t\t\t\t\t\t\t<\/div>\n\t\t\t\t\t\t\t\t<\/div>\n\t\t\t\t\t\t\t<\/div>\n\t\t\t\t\t\t\t<\/div>\n\t\t<\/div>\n\t<\/div>\n<\/div>","protected":false},"excerpt":{"rendered":"","protected":false},"author":1,"featured_media":0,"parent":0,"menu_order":0,"comment_status":"closed","ping_status":"closed","template":"page-logobanner","meta":{"_acf_changed":true,"footnotes":""},"class_list":["post-1127","page","type-page","status-publish","hentry"],"acf":[],"yoast_head":"<!-- This site is optimized with the Yoast SEO plugin v26.6 - https:\/\/yoast.com\/wordpress\/plugins\/seo\/ -->\n<title>Les d\u00e9codables de Scholastic | Scholastic Education Canada<\/title>\n<meta name=\"robots\" content=\"index, follow, max-snippet:-1, max-image-preview:large, max-video-preview:-1\" \/>\n<link rel=\"canonical\" href=\"https:\/\/www2.scholastic.ca\/education\/les-decodables-de-scholastic\/\" \/>\n<meta property=\"og:locale\" content=\"en_US\" \/>\n<meta property=\"og:type\" content=\"article\" \/>\n<meta property=\"og:title\" content=\"Les d\u00e9codables de Scholastic | Scholastic Education Canada\" \/>\n<meta property=\"og:url\" content=\"https:\/\/www2.scholastic.ca\/education\/les-decodables-de-scholastic\/\" \/>\n<meta property=\"og:site_name\" content=\"Scholastic Education Canada\" \/>\n<meta property=\"article:modified_time\" content=\"2025-12-17T15:14:32+00:00\" \/>\n<meta name=\"twitter:card\" content=\"summary_large_image\" \/>\n<script type=\"application\/ld+json\" class=\"yoast-schema-graph\">{\"@context\":\"https:\/\/schema.org\",\"@graph\":[{\"@type\":\"WebPage\",\"@id\":\"https:\/\/www2.scholastic.ca\/education\/les-decodables-de-scholastic\/\",\"url\":\"https:\/\/www2.scholastic.ca\/education\/les-decodables-de-scholastic\/\",\"name\":\"Les d\u00e9codables de Scholastic | Scholastic Education Canada\",\"isPartOf\":{\"@id\":\"https:\/\/www2.scholastic.ca\/education\/#website\"},\"datePublished\":\"2025-05-12T20:05:47+00:00\",\"dateModified\":\"2025-12-17T15:14:32+00:00\",\"breadcrumb\":{\"@id\":\"https:\/\/www2.scholastic.ca\/education\/les-decodables-de-scholastic\/#breadcrumb\"},\"inLanguage\":\"en-US\",\"potentialAction\":[{\"@type\":\"ReadAction\",\"target\":[\"https:\/\/www2.scholastic.ca\/education\/les-decodables-de-scholastic\/\"]}]},{\"@type\":\"BreadcrumbList\",\"@id\":\"https:\/\/www2.scholastic.ca\/education\/les-decodables-de-scholastic\/#breadcrumb\",\"itemListElement\":[{\"@type\":\"ListItem\",\"position\":1,\"name\":\"Home\",\"item\":\"https:\/\/www2.scholastic.ca\/education\/\"},{\"@type\":\"ListItem\",\"position\":2,\"name\":\"Les d\u00e9codables de Scholastic\"}]},{\"@type\":\"WebSite\",\"@id\":\"https:\/\/www2.scholastic.ca\/education\/#website\",\"url\":\"https:\/\/www2.scholastic.ca\/education\/\",\"name\":\"Scholastic Education Canada\",\"description\":\"\",\"potentialAction\":[{\"@type\":\"SearchAction\",\"target\":{\"@type\":\"EntryPoint\",\"urlTemplate\":\"https:\/\/www2.scholastic.ca\/education\/?s={search_term_string}\"},\"query-input\":{\"@type\":\"PropertyValueSpecification\",\"valueRequired\":true,\"valueName\":\"search_term_string\"}}],\"inLanguage\":\"en-US\"}]}<\/script>\n<!-- \/ Yoast SEO plugin. -->","yoast_head_json":{"title":"Les d\u00e9codables de Scholastic | Scholastic Education Canada","robots":{"index":"index","follow":"follow","max-snippet":"max-snippet:-1","max-image-preview":"max-image-preview:large","max-video-preview":"max-video-preview:-1"},"canonical":"https:\/\/www2.scholastic.ca\/education\/les-decodables-de-scholastic\/","og_locale":"en_US","og_type":"article","og_title":"Les d\u00e9codables de Scholastic | Scholastic Education Canada","og_url":"https:\/\/www2.scholastic.ca\/education\/les-decodables-de-scholastic\/","og_site_name":"Scholastic Education Canada","article_modified_time":"2025-12-17T15:14:32+00:00","twitter_card":"summary_large_image","schema":{"@context":"https:\/\/schema.org","@graph":[{"@type":"WebPage","@id":"https:\/\/www2.scholastic.ca\/education\/les-decodables-de-scholastic\/","url":"https:\/\/www2.scholastic.ca\/education\/les-decodables-de-scholastic\/","name":"Les d\u00e9codables de Scholastic | Scholastic Education Canada","isPartOf":{"@id":"https:\/\/www2.scholastic.ca\/education\/#website"},"datePublished":"2025-05-12T20:05:47+00:00","dateModified":"2025-12-17T15:14:32+00:00","breadcrumb":{"@id":"https:\/\/www2.scholastic.ca\/education\/les-decodables-de-scholastic\/#breadcrumb"},"inLanguage":"en-US","potentialAction":[{"@type":"ReadAction","target":["https:\/\/www2.scholastic.ca\/education\/les-decodables-de-scholastic\/"]}]},{"@type":"BreadcrumbList","@id":"https:\/\/www2.scholastic.ca\/education\/les-decodables-de-scholastic\/#breadcrumb","itemListElement":[{"@type":"ListItem","position":1,"name":"Home","item":"https:\/\/www2.scholastic.ca\/education\/"},{"@type":"ListItem","position":2,"name":"Les d\u00e9codables de Scholastic"}]},{"@type":"WebSite","@id":"https:\/\/www2.scholastic.ca\/education\/#website","url":"https:\/\/www2.scholastic.ca\/education\/","name":"Scholastic Education Canada","description":"","potentialAction":[{"@type":"SearchAction","target":{"@type":"EntryPoint","urlTemplate":"https:\/\/www2.scholastic.ca\/education\/?s={search_term_string}"},"query-input":{"@type":"PropertyValueSpecification","valueRequired":true,"valueName":"search_term_string"}}],"inLanguage":"en-US"}]}},"_links":{"self":[{"href":"https:\/\/www2.scholastic.ca\/education\/wp-json\/wp\/v2\/pages\/1127","targetHints":{"allow":["GET"]}}],"collection":[{"href":"https:\/\/www2.scholastic.ca\/education\/wp-json\/wp\/v2\/pages"}],"about":[{"href":"https:\/\/www2.scholastic.ca\/education\/wp-json\/wp\/v2\/types\/page"}],"author":[{"embeddable":true,"href":"https:\/\/www2.scholastic.ca\/education\/wp-json\/wp\/v2\/users\/1"}],"replies":[{"embeddable":true,"href":"https:\/\/www2.scholastic.ca\/education\/wp-json\/wp\/v2\/comments?post=1127"}],"version-history":[{"count":0,"href":"https:\/\/www2.scholastic.ca\/education\/wp-json\/wp\/v2\/pages\/1127\/revisions"}],"wp:attachment":[{"href":"https:\/\/www2.scholastic.ca\/education\/wp-json\/wp\/v2\/media?parent=1127"}],"curies":[{"name":"wp","href":"https:\/\/api.w.org\/{rel}","templated":true}]}}