{"id":4521,"date":"2026-02-23T15:25:07","date_gmt":"2026-02-23T15:25:07","guid":{"rendered":"https:\/\/www2.scholastic.ca\/bookfairs\/?page_id=4521"},"modified":"2026-03-09T19:22:31","modified_gmt":"2026-03-09T19:22:31","slug":"demande-un-appel-exploratoire","status":"publish","type":"page","link":"https:\/\/www2.scholastic.ca\/bookfairs\/demande-un-appel-exploratoire\/","title":{"rendered":"R\u00e9server un appel exploratoire"},"content":{"rendered":"<div  class=\"container-fluid block_text\">\n\t<div class=\"bg-none mt-5 pb-5 container-fluid\">\n\t\t<div class=\"container\">\n\t\t\t<div class=\"col pb-2 text-center\">\n\t\t\t\t\t\t\t\t<h2 class=\"d-block mt-0\"><span>Discutons d\u2019un Festival du Livre pour votre \u00e9cole<\/span><\/h2>\n\t\t\t\t<p><span style=\"font-weight: 400\">Un appel exploratoire de 15 minutes est le moyen le plus simple de d\u00e9terminer si le Festival du Livre Scholastic convient \u00e0 votre \u00e9cole. Vous serez mis en relation avec un\/une consultant\u00b7e de Scholastic qui r\u00e9pondra \u00e0 vos questions, vous expliquera le fonctionnement du Festival et vous aidera \u00e0 vous lancer en toute confiance.<\/span><\/p>\n\t\t\t\t\t\t\t<\/div>\n\t\t<\/div>\n\t<\/div>\n<\/div>\n\n\n<!-- ENGLISH RECAPTCHA -->\n<script src='https:\/\/www.google.com\/recaptcha\/api.js?hl=fr'><\/script>\n\n<!-- BUTTON STYLES -->\n<style>\n::-moz-selection{color: #e81111;background: rgba(216, 36, 51, 0.1);}::selection{color: #e81111;background:rgba(216, 36, 51, 0.1);}.form-check-input:checked{background-color: #e81111;border-color: #e81111;}.help-block{display: block;margin-top: 5px;margin-bottom: 10px;color: #737373;}.b3-pb-3{padding-bottom:1rem!important;}input:invalid{background-color:rgba(216, 36, 51, 0.1);}.btn-main{color:#fff;background-color:#e81111;border-color:#e81111}.btn-main.active,.btn-main:active,.btn-main:focus,.btn-main:hover,.open .dropdown-toggle.btn-main{color:#fff;background-color:#b10c1a;border-color:#e81111}.btn-main.active,.btn-main:active,.open .dropdown-toggle.btn-main{background-image:none}.btn-main.disabled,.btn-main.disabled.active,.btn-main.disabled:active,.btn-main.disabled:focus,.btn-main.disabled:hover,.btn-main[disabled],.btn-main[disabled].active,.btn-main[disabled]:active,.btn-main[disabled]:focus,.btn-main[disabled]:hover,fieldset[disabled] .btn-main,fieldset[disabled] .btn-main.active,fieldset[disabled] .btn-main:active,fieldset[disabled] .btn-main:focus,fieldset[disabled] .btn-main:hover{background-color:#e81111;border-color:#e81111}.btn-main .badge{color:#e81111;background-color:#fff}.btn-sub{color:#777;background-color:#efefef;border-color:#efefef}.btn-sub.active,.btn-sub:active,.btn-sub:focus,.btn-sub:hover,.open .dropdown-toggle.btn-sub{color:#777;background-color:#dedbdb;border-color:#efefef}.btn-sub.active,.btn-sub:active,.open .dropdown-toggle.btn-sub{background-image:none}.btn-sub.disabled,.btn-sub.disabled.active,.btn-sub.disabled:active,.btn-sub.disabled:focus,.btn-sub.disabled:hover,.btn-sub[disabled],.btn-sub[disabled].active,.btn-sub[disabled]:active,.btn-sub[disabled]:focus,.btn-sub[disabled]:hover,fieldset[disabled] .btn-sub,fieldset[disabled] .btn-sub.active,fieldset[disabled] .btn-sub:active,fieldset[disabled] .btn-sub:focus,fieldset[disabled] .btn-sub:hover{background-color:#efefef;border-color:#efefef}.btn-sub .badge{color:#efefef;background-color:#777}.step-block{display:none}.step-block.active{display:block}label.mandatory:after{content:\"\\00a0*\";color:#e81111;}\n<\/style>\n\n<div class=\"container\">\n\t<div class=\"row\">\n\t\t<div class=\"col\">\n\t\t\t<form id=\"discoverycallform\" class=\"form col-12\" method=\"post\" action=\"https:\/\/www2.scholastic.ca\/bookfairs\/wp-content\/themes\/scholastic-ca-bookfairs-wp\/blocks\/discoverycallform\/inc\/process.discoverycallform.php\">\n\t\t\t\t\t\t\t<div class=\"row\">\n\t\t\t\t\t<div class=\"mb-3 col-md-4\">\n\t\t\t\t\t\t<label for=\"firstname\" class=\"form-label mandatory\">Pr\u00e9nom<\/label>\n\t\t\t\t\t\t<input type=\"text\" class=\"form-control\" id=\"firstname\" name=\"firstname\" placeholder=\"Pr\u00e9nom\" required  aria-label=\"Pr\u00e9nom Input\">\n\t\t\t\t\t<\/div>\n\t\t\t\t\t<div class=\"mb-3 col-md-4\">\n\t\t\t\t\t\t<label for=\"lastname\" class=\"form-label mandatory\">Nom de famille<\/label>\n\t\t\t\t\t\t<input type=\"text\" class=\"form-control\" id=\"lastname\" name=\"lastname\" placeholder=\"Nom de famille\" required  aria-label=\"Nom de famille Input\">\n\t\t\t\t\t<\/div>\n\t\t\t\t\t<div class=\"mb-3 col-md-4\">\n\t\t\t\t\t\t<label for=\"email\" class=\"form-label mandatory\">Adresse courriel<\/label>\n\t\t\t\t\t\t<input type=\"email\" class=\"form-control\" id=\"email\" name=\"email\" placeholder=\"Adresse courriel\" required  aria-label=\"Adresse courriel Input\">\n\t\t\t\t\t<\/div>\n\t\t\t\t\t<div class=\"mb-3 col-md-6\">\n\t\t\t\t\t\t<label for=\"position\" class=\"form-label mandatory\">Poste<\/label>\n\t\t\t\t\t\t<select class=\"form-control\" aria-label=\"Poste Select Input\" id=\"position\" name=\"position\" required>\n\t\t\t\t\t\t\t<option selected disabled>&#8212; Veuillez s\u00e9lectionner &#8212;<\/option>\n\t\t\t\t\t\t\t<option value=\"Enseignant\u00b7e\" >Enseignant\u00b7e<\/option>\n\t\t\t\t\t\t\t<option value=\"Biblioth\u00e9caire\" >Biblioth\u00e9caire<\/option>\n\t\t\t\t\t\t\t<option value=\"Enseignant\u00b7e-biblioth\u00e9caire\" >Enseignant\u00b7e-biblioth\u00e9caire<\/option>\n\t\t\t\t\t\t\t<option value=\"Bibliotechnicien\u00b7ne\" >Bibliotechnicien\u00b7ne<\/option>\n\t\t\t\t\t\t\t<option value=\"APE\/OPP\/C\u00c9\" >APE\/OPP\/C\u00c9<\/option>\n\t\t\t\t\t\t\t<option value=\"Parent b\u00e9n\u00e9vole\" >Parent b\u00e9n\u00e9vole<\/option>\n\t\t\t\t\t\t\t<option value=\"Autre\" >Autre<\/option>\n\t\t\t\t\t\t<\/select>\n\t\t\t\t\t<\/div>\n\t\t\t\t\t<div class=\"mb-3 col-md-6\">\n\t\t\t\t\t\t<label for=\"nameofschool\" class=\"form-label mandatory\">Nom de l&#8217;\u00e9cole<\/label>\n\t\t\t\t\t\t<input type=\"text\" class=\"form-control\" id=\"nameofschool\" name=\"nameofschool\" placeholder=\"Nom de l'\u00e9cole\" required  aria-label=\"Nom de l'\u00e9cole Input\">\n\t\t\t\t\t<\/div>\n\t\t\t\t\t<div class=\"mb-3 col-md-6\">\n\t\t\t\t\t\t<label for=\"school_address\" class=\"form-label mandatory\">Adresse de l&#8217;\u00e9cole<\/label>\n\t\t\t\t\t\t<input type=\"text\" class=\"form-control\" id=\"school_address\" name=\"school_address\" placeholder=\"Adresse de l'\u00e9cole\" required  aria-label=\"Adresse de l'\u00e9cole Input\">\n\t\t\t\t\t<\/div>\n\t\t\t\t\t<!-- SELECT MENU BLOCK -->\n\t\t\t\t\t<div class=\"mb-3 col-md-6\">\n\t\t\t\t\t\t<label for=\"school_province\" class=\"form-label mandatory\">Province de l&#8217;\u00e9cole<\/label>\n\t\t\t\t\t\t<select class=\"form-control\" aria-label=\"Province de l'\u00e9cole Select Input\" id=\"school_province\" name=\"school_province\" required>\n\t\t\t\t\t\t\t<option selected disabled>&#8212; Veuillez s\u00e9lectionner &#8212;<\/option>\n\t\t\t\t\t\t\t<option value=\"AB\" >Alberta<\/option>\n\t\t\t\t\t\t\t<option value=\"BC\" >Colombie-Britannique<\/option>\n\t\t\t\t\t\t\t<option value=\"MB\" >Manitoba<\/option>\n\t\t\t\t\t\t\t<option value=\"NB\" >Nouveau-Brunswick<\/option>\n\t\t\t\t\t\t\t<option value=\"NL\" >Terre-Neuve-et-Labrador<\/option>\n\t\t\t\t\t\t\t<option value=\"NS\" >Nouvelle-\u00c9cosse<\/option>\n\t\t\t\t\t\t\t<option value=\"ON\" >Ontario<\/option>\n\t\t\t\t\t\t\t<option value=\"PE\" >\u00cele-du-Prince-\u00c9douard<\/option>\n\t\t\t\t\t\t\t<option value=\"QC\" >Qu\u00e9bec<\/option>\n\t\t\t\t\t\t\t<option value=\"SK\" >Saskatchewan<\/option>\n\t\t\t\t\t\t\t<option value=\"NT\" >Territoires du Nord-Ouest<\/option>\n\t\t\t\t\t\t\t<option value=\"NU\" >Nunavut<\/option>\n\t\t\t\t\t\t\t<option value=\"YT\" >Yukon<\/option>\n\t\t\t\t\t\t<\/select>\n\t\t\t\t\t<\/div>\n\t\t\t\t\t<div class=\"mb-3 col-md-6\">\n\t\t\t\t\t\t<label for=\"phone\" class=\"form-label mandatory\">Num\u00e9ro de t\u00e9l\u00e9phone<\/label>\n\t\t\t\t\t\t<input type=\"tel\" class=\"form-control\" id=\"phone\" name=\"phone\" placeholder=\"\"  aria-label=\"Num\u00e9ro de t\u00e9l\u00e9phone Input\">\n\t\t\t\t\t<\/div>\n\t\t\t\t<\/div>\n\t\t\t\t<div class=\"row mt-3\">\n\t\t\t\t\t<div class=\"mb-3 col-md-6\">\n\t\t\t\t\t\t<fieldset>\n\t\t\t\t\t\t\t<legend>Quel moment de la journ\u00e9e convient le mieux \u00e0 votre appel de 15 minutes?<\/legend>\n\t\t\t\t\t\t\t<div class=\"form-check form-check-inline\">\n\t\t\t\t\t\t\t\t<input class=\"form-check-input\" type=\"checkbox\" id=\"discoverycall_besttime_morning\" name=\"discoverycall_besttime_morning\" value=\"En matin\u00e9e (entre 9 h et 11 h 30)\" aria-label=\"En matin\u00e9e (entre 9 h et 11 h 30)\" >\n\t\t\t\t\t\t\t\t<label class=\"form-check-label\" for=\"discoverycall_besttime_morning\">En matin\u00e9e (entre 9 h et 11 h 30)<\/label>\n\t\t\t\t\t\t\t<\/div>\n\t\t\t\t\t\t\t<div class=\"form-check form-check-inline\">\n\t\t\t\t\t\t\t\t<input class=\"form-check-input\" type=\"checkbox\" id=\"discoverycall_besttime_afternoon\" name=\"discoverycall_besttime_afternoon\" value=\"En apr\u00e8s-midi (entre midi et 17 h)\" aria-label=\"En apr\u00e8s-midi (entre midi et 17 h)\" >\n\t\t\t\t\t\t\t\t<label class=\"form-check-label\" for=\"discoverycall_besttime_afternoon\">En apr\u00e8s-midi (entre midi et 17 h)<\/label>\n\t\t\t\t\t\t\t<\/div>\n\t\t\t\t\t\t<\/fieldset>\n\t\t\t\t\t<\/div>\n\t\t\t\t\t<div class=\"mb-3 col-md-6\">\n\t\t\t\t\t\t<fieldset>\n\t\t\t\t\t\t\t<legend>Quel jour de la semaine vous convient le mieux?<\/legend>\n\t\t\t\t\t\t\t<div class=\"form-check form-check-inline\">\n\t\t\t\t\t\t\t\t<input class=\"form-check-input\" type=\"checkbox\" id=\"discoverycall_bestday_monday\" name=\"discoverycall_bestday_monday\" value=\"Lundi\" aria-label=\"Lundi\" >\n\t\t\t\t\t\t\t\t<label class=\"form-check-label\" for=\"discoverycall_bestday_monday\">Lundi<\/label>\n\t\t\t\t\t\t\t<\/div>\n\t\t\t\t\t\t\t<div class=\"form-check form-check-inline\">\n\t\t\t\t\t\t\t\t<input class=\"form-check-input\" type=\"checkbox\" id=\"discoverycall_bestday_tuesday\" name=\"discoverycall_bestday_tuesday\" value=\"Mardi\" aria-label=\"Mardi\" >\n\t\t\t\t\t\t\t\t<label class=\"form-check-label\" for=\"discoverycall_bestday_tuesday\">Mardi<\/label>\n\t\t\t\t\t\t\t<\/div>\n\t\t\t\t\t\t\t<div class=\"form-check form-check-inline\">\n\t\t\t\t\t\t\t\t<input class=\"form-check-input\" type=\"checkbox\" id=\"discoverycall_bestday_wednesday\" name=\"discoverycall_bestday_wednesday\" value=\"Mercredi\" aria-label=\"Mercredi\" >\n\t\t\t\t\t\t\t\t<label class=\"form-check-label\" for=\"discoverycall_bestday_wednesday\">Mercredi<\/label>\n\t\t\t\t\t\t\t<\/div>\n\t\t\t\t\t\t\t<div class=\"form-check form-check-inline\">\n\t\t\t\t\t\t\t\t<input class=\"form-check-input\" type=\"checkbox\" id=\"discoverycall_bestday_thursday\" name=\"discoverycall_bestday_thursday\" value=\"Jeudi\" aria-label=\"Jeudi\" >\n\t\t\t\t\t\t\t\t<label class=\"form-check-label\" for=\"discoverycall_bestday_thursday\">Jeudi<\/label>\n\t\t\t\t\t\t\t<\/div>\n\t\t\t\t\t\t\t<div class=\"form-check form-check-inline\">\n\t\t\t\t\t\t\t\t<input class=\"form-check-input\" type=\"checkbox\" id=\"discoverycall_bestday_friday\" name=\"discoverycall_bestday_friday\" value=\"Vendredi\" aria-label=\"Vendredi\" >\n\t\t\t\t\t\t\t\t<label class=\"form-check-label\" for=\"discoverycall_bestday_friday\">Vendredi<\/label>\n\t\t\t\t\t\t\t<\/div>\n\t\t\t\t\t\t<\/fieldset>\n\t\t\t\t\t<\/div>\n\t\t\t\t<\/div>\n\t\t\t\t<div class=\"mt-3 row\">\n\t\t\t\t\t<!-- GOOGLE RECAPTCHA BLOCK -->\n\t\t\t\t\t<div class=\"col-md-12 mb-3\">\n\t\t\t\t\t\t<div class=\"reCaptcha\"><div class=\"g-recaptcha\" data-sitekey=\"6LfwdWggAAAAADOXNAnlNgcwC4jSgzalWEN8LDAD\"><\/div><\/div>\n\t\t\t\t\t<\/div>\n\t\t\t\t<\/div>\n\t\t\t\t<div class=\"row\">\n\t\t\t\t\t<div class=\"mb-3 col-md-6\">\n\t\t\t\t\t\t<input type=\"hidden\" name=\"thank_you\" value=\"https:\/\/www2.scholastic.ca\/bookfairs\/merci-appel-exploratoire\/\">\n\t\t\t\t\t\t<input type=\"hidden\" name=\"email_to\" value=\"\">\n            \t\t\t<input type=\"hidden\" name=\"csrf_token\" value=\"c42ed0d37b587f110c5a06e63c6c1188\">\n\t\t\t\t\t\t<button type=\"submit\" class=\"btn btn-primary rounded-pill\">Envoyez la demande<\/button>\n\t\t\t\t\t<\/div>\n\t\t\t\t<\/div>\n\t\t\t<\/form>\n\t\t<\/div>\n\t<\/div>\n<\/div>","protected":false},"excerpt":{"rendered":"","protected":false},"author":1,"featured_media":0,"parent":0,"menu_order":0,"comment_status":"closed","ping_status":"closed","template":"","meta":{"_acf_changed":true,"footnotes":""},"class_list":["post-4521","page","type-page","status-publish","hentry"],"acf":[],"yoast_head":"<!-- This site is optimized with the Yoast SEO plugin v26.6 - https:\/\/yoast.com\/wordpress\/plugins\/seo\/ -->\n<title>R\u00e9server un appel exploratoire | Scholastic Canada Book Fairs<\/title>\n<meta name=\"robots\" content=\"index, follow, max-snippet:-1, max-image-preview:large, max-video-preview:-1\" \/>\n<link rel=\"canonical\" href=\"https:\/\/www2.scholastic.ca\/bookfairs\/demande-un-appel-exploratoire\/\" \/>\n<meta property=\"og:locale\" content=\"en_US\" \/>\n<meta property=\"og:type\" content=\"article\" \/>\n<meta property=\"og:title\" content=\"R\u00e9server un appel exploratoire | Scholastic Canada Book Fairs\" \/>\n<meta property=\"og:url\" content=\"https:\/\/www2.scholastic.ca\/bookfairs\/demande-un-appel-exploratoire\/\" \/>\n<meta property=\"og:site_name\" content=\"Scholastic Canada Book Fairs\" \/>\n<meta property=\"article:modified_time\" content=\"2026-03-09T19:22:31+00:00\" \/>\n<meta name=\"twitter:card\" content=\"summary_large_image\" \/>\n<script type=\"application\/ld+json\" class=\"yoast-schema-graph\">{\"@context\":\"https:\/\/schema.org\",\"@graph\":[{\"@type\":\"WebPage\",\"@id\":\"https:\/\/www2.scholastic.ca\/bookfairs\/demande-un-appel-exploratoire\/\",\"url\":\"https:\/\/www2.scholastic.ca\/bookfairs\/demande-un-appel-exploratoire\/\",\"name\":\"R\u00e9server un appel exploratoire | Scholastic Canada Book Fairs\",\"isPartOf\":{\"@id\":\"https:\/\/www2.scholastic.ca\/bookfairs\/#website\"},\"datePublished\":\"2026-02-23T15:25:07+00:00\",\"dateModified\":\"2026-03-09T19:22:31+00:00\",\"breadcrumb\":{\"@id\":\"https:\/\/www2.scholastic.ca\/bookfairs\/demande-un-appel-exploratoire\/#breadcrumb\"},\"inLanguage\":\"en-US\",\"potentialAction\":[{\"@type\":\"ReadAction\",\"target\":[\"https:\/\/www2.scholastic.ca\/bookfairs\/demande-un-appel-exploratoire\/\"]}]},{\"@type\":\"BreadcrumbList\",\"@id\":\"https:\/\/www2.scholastic.ca\/bookfairs\/demande-un-appel-exploratoire\/#breadcrumb\",\"itemListElement\":[{\"@type\":\"ListItem\",\"position\":1,\"name\":\"Home\",\"item\":\"https:\/\/www2.scholastic.ca\/bookfairs\/\"},{\"@type\":\"ListItem\",\"position\":2,\"name\":\"R\u00e9server un appel exploratoire\"}]},{\"@type\":\"WebSite\",\"@id\":\"https:\/\/www2.scholastic.ca\/bookfairs\/#website\",\"url\":\"https:\/\/www2.scholastic.ca\/bookfairs\/\",\"name\":\"Scholastic Canada Book Fairs\",\"description\":\"\",\"potentialAction\":[{\"@type\":\"SearchAction\",\"target\":{\"@type\":\"EntryPoint\",\"urlTemplate\":\"https:\/\/www2.scholastic.ca\/bookfairs\/?s={search_term_string}\"},\"query-input\":{\"@type\":\"PropertyValueSpecification\",\"valueRequired\":true,\"valueName\":\"search_term_string\"}}],\"inLanguage\":\"en-US\"}]}<\/script>\n<!-- \/ Yoast SEO plugin. -->","yoast_head_json":{"title":"R\u00e9server un appel exploratoire | Scholastic Canada Book Fairs","robots":{"index":"index","follow":"follow","max-snippet":"max-snippet:-1","max-image-preview":"max-image-preview:large","max-video-preview":"max-video-preview:-1"},"canonical":"https:\/\/www2.scholastic.ca\/bookfairs\/demande-un-appel-exploratoire\/","og_locale":"en_US","og_type":"article","og_title":"R\u00e9server un appel exploratoire | Scholastic Canada Book Fairs","og_url":"https:\/\/www2.scholastic.ca\/bookfairs\/demande-un-appel-exploratoire\/","og_site_name":"Scholastic Canada Book Fairs","article_modified_time":"2026-03-09T19:22:31+00:00","twitter_card":"summary_large_image","schema":{"@context":"https:\/\/schema.org","@graph":[{"@type":"WebPage","@id":"https:\/\/www2.scholastic.ca\/bookfairs\/demande-un-appel-exploratoire\/","url":"https:\/\/www2.scholastic.ca\/bookfairs\/demande-un-appel-exploratoire\/","name":"R\u00e9server un appel exploratoire | Scholastic Canada Book Fairs","isPartOf":{"@id":"https:\/\/www2.scholastic.ca\/bookfairs\/#website"},"datePublished":"2026-02-23T15:25:07+00:00","dateModified":"2026-03-09T19:22:31+00:00","breadcrumb":{"@id":"https:\/\/www2.scholastic.ca\/bookfairs\/demande-un-appel-exploratoire\/#breadcrumb"},"inLanguage":"en-US","potentialAction":[{"@type":"ReadAction","target":["https:\/\/www2.scholastic.ca\/bookfairs\/demande-un-appel-exploratoire\/"]}]},{"@type":"BreadcrumbList","@id":"https:\/\/www2.scholastic.ca\/bookfairs\/demande-un-appel-exploratoire\/#breadcrumb","itemListElement":[{"@type":"ListItem","position":1,"name":"Home","item":"https:\/\/www2.scholastic.ca\/bookfairs\/"},{"@type":"ListItem","position":2,"name":"R\u00e9server un appel exploratoire"}]},{"@type":"WebSite","@id":"https:\/\/www2.scholastic.ca\/bookfairs\/#website","url":"https:\/\/www2.scholastic.ca\/bookfairs\/","name":"Scholastic Canada Book Fairs","description":"","potentialAction":[{"@type":"SearchAction","target":{"@type":"EntryPoint","urlTemplate":"https:\/\/www2.scholastic.ca\/bookfairs\/?s={search_term_string}"},"query-input":{"@type":"PropertyValueSpecification","valueRequired":true,"valueName":"search_term_string"}}],"inLanguage":"en-US"}]}},"_links":{"self":[{"href":"https:\/\/www2.scholastic.ca\/bookfairs\/wp-json\/wp\/v2\/pages\/4521","targetHints":{"allow":["GET"]}}],"collection":[{"href":"https:\/\/www2.scholastic.ca\/bookfairs\/wp-json\/wp\/v2\/pages"}],"about":[{"href":"https:\/\/www2.scholastic.ca\/bookfairs\/wp-json\/wp\/v2\/types\/page"}],"author":[{"embeddable":true,"href":"https:\/\/www2.scholastic.ca\/bookfairs\/wp-json\/wp\/v2\/users\/1"}],"replies":[{"embeddable":true,"href":"https:\/\/www2.scholastic.ca\/bookfairs\/wp-json\/wp\/v2\/comments?post=4521"}],"version-history":[{"count":0,"href":"https:\/\/www2.scholastic.ca\/bookfairs\/wp-json\/wp\/v2\/pages\/4521\/revisions"}],"wp:attachment":[{"href":"https:\/\/www2.scholastic.ca\/bookfairs\/wp-json\/wp\/v2\/media?parent=4521"}],"curies":[{"name":"wp","href":"https:\/\/api.w.org\/{rel}","templated":true}]}}