{"id":4461,"date":"2026-02-02T18:35:51","date_gmt":"2026-02-02T18:35:51","guid":{"rendered":"https:\/\/www2.scholastic.ca\/bookfairs\/?page_id=4461"},"modified":"2026-02-03T21:39:56","modified_gmt":"2026-02-03T21:39:56","slug":"info-festival-videos-explicatives","status":"publish","type":"page","link":"https:\/\/www2.scholastic.ca\/bookfairs\/info-festival-videos-explicatives\/","title":{"rendered":"Vid\u00e9os explicatives"},"content":{"rendered":"<div  class=\"container-fluid block_text\">\n\t<div class=\" mt-5 pb-5 container-fluid\">\n\t\t<div class=\"container\">\n\t\t\t<div class=\"col pb-2 text-center\">\n\t\t\t\t\t\t\t\t<h2 class=\"d-block mt-0\"><span>D\u00e9veloppez vos comp\u00e9tences<\/span><\/h2>\n\t\t\t\t<div class=\"html-slot-container content-asset \">\n<div class=\"sub-header-how-to-video\">\n<p class=\"subtitle\">D\u00e9veloppez vos comp\u00e9tences ou rafra\u00eechissez vos connaissances sur les \u00e9l\u00e9ments essentiels d\u2019un Festival du Livre. Que vous soyez h\u00f4te pour la premi\u00e8re fois ou que vous ayez besoin de vous rafra\u00eechir la m\u00e9moire, ces vid\u00e9os vous permettent d\u2019apprendre (ou de r\u00e9apprendre) facilement, \u00e0 votre rythme.<\/p>\n<\/div>\n<\/div>\n<div class=\"html-slot-container content-asset \">\n<div class=\"inner-pages pages-digiflyer\"><\/div>\n<\/div>\n\t\t\t\t\t\t\t<\/div>\n\t\t<\/div>\n\t<\/div>\n<\/div>\n\n\n<div class=\"container-fluid block_divider  mt-5 pb-5 container-fluid\">\n    <div class=\" p-0\">\n        <div class=\"row\">\n            <div class=\"col-12 divider-style1\">\n        \n            <\/div>\n        <\/div>\n    <\/div>\n<\/div>\n\n\n<div  class=\"container-fluid block_videos\">\n    <div class=\" mt-5 pb-5 container-fluid\">\n        <div class=\"container\">\n            <div class=\"row justify-content-center\">\n                                        <div class=\"col-md-4 mb-5 video_item px-4\">\n                            <div class=\"mb-3 video_item_image_container\">\n                                                                <div class=\"video_item_duration\">6:30<\/div>\n                                                                <a href=\"\" data-bs-toggle=\"modal\" data-bs-target=\"#videoModal\" class=\"video_item_play videoModal\" data-title=\"Cr\u00e9er une page d\u2019accueil du Festival du Livre\" data-id=\"f1b92a1e13d547ad88dad15aca374919\" data-permalink=\"https:\/\/www2.scholastic.ca\/bookfairs\/video\/creer-une-page-daccueil-du-festival-du-livre\/\" onclick=\"schcaTrackingEvent('French', 'Vid\u00e9os explicatives', 'Cr\u00e9er une page d\u2019accueil du Festival du Livre - Play video (thumbnail)');\"><img decoding=\"async\" src=\"https:\/\/www2.scholastic.ca\/bookfairs\/wp-content\/uploads\/sites\/4\/2026\/02\/bf_homepage_fr.jpg\" alt=\"\" class=\"video_item_image\" \/><\/a>\n                            <\/div>\n                            <div class=\"col-12 video_item_info\">\n                                                                <strong class=\"super-heading\">Tutoriel vid\u00e9o<\/strong>\n                                                                <h3 class=\"fs-5 mt-1 block_videos_videotitle\">Cr\u00e9er une page d\u2019accueil du Festival du Livre<\/h3>\n                                                                <p class=\"mb-2\">Le saviez-vous? Le Festival du Livre de votre \u00e9cole a d\u00e9sormais sa propre page d\u2019accueil! Elle est en ligne et pr\u00eate \u00e0 \u00eatre partag\u00e9e, mais vous pouvez \u00e9galement la personnaliser!<\/p>\n                                                                <a href=\"\" data-bs-toggle=\"modal\" data-bs-target=\"#videoModal\" class=\"video_item_play videoModal\" data-title=\"Cr\u00e9er une page d\u2019accueil du Festival du Livre\" data-id=\"f1b92a1e13d547ad88dad15aca374919\" onclick=\"schcaTrackingEvent('French', 'Vid\u00e9os explicatives', 'Cr\u00e9er une page d\u2019accueil du Festival du Livre - Play video');\" data-permalink=\"https:\/\/www2.scholastic.ca\/bookfairs\/video\/creer-une-page-daccueil-du-festival-du-livre\/\" >Jouer <i class=\"fa-solid fa-circle-play\"><\/i><\/a>\n                                \n                                                            <\/div>\n                        <\/div>\n                            <\/div>\n        <\/div>\n    <\/div>\n<\/div>","protected":false},"excerpt":{"rendered":"","protected":false},"author":122,"featured_media":0,"parent":0,"menu_order":0,"comment_status":"closed","ping_status":"closed","template":"","meta":{"_acf_changed":true,"footnotes":""},"class_list":["post-4461","page","type-page","status-publish","hentry"],"acf":[],"yoast_head":"<!-- This site is optimized with the Yoast SEO plugin v26.6 - https:\/\/yoast.com\/wordpress\/plugins\/seo\/ -->\n<title>Vid\u00e9os explicatives | Scholastic Canada Book Fairs<\/title>\n<meta name=\"robots\" content=\"index, follow, max-snippet:-1, max-image-preview:large, max-video-preview:-1\" \/>\n<link rel=\"canonical\" href=\"https:\/\/www2.scholastic.ca\/bookfairs\/info-festival-videos-explicatives\/\" \/>\n<meta property=\"og:locale\" content=\"en_US\" \/>\n<meta property=\"og:type\" content=\"article\" \/>\n<meta property=\"og:title\" content=\"Vid\u00e9os explicatives | Scholastic Canada Book Fairs\" \/>\n<meta property=\"og:url\" content=\"https:\/\/www2.scholastic.ca\/bookfairs\/info-festival-videos-explicatives\/\" \/>\n<meta property=\"og:site_name\" content=\"Scholastic Canada Book Fairs\" \/>\n<meta property=\"article:modified_time\" content=\"2026-02-03T21:39:56+00:00\" \/>\n<meta name=\"twitter:card\" content=\"summary_large_image\" \/>\n<script type=\"application\/ld+json\" class=\"yoast-schema-graph\">{\"@context\":\"https:\/\/schema.org\",\"@graph\":[{\"@type\":\"WebPage\",\"@id\":\"https:\/\/www2.scholastic.ca\/bookfairs\/info-festival-videos-explicatives\/\",\"url\":\"https:\/\/www2.scholastic.ca\/bookfairs\/info-festival-videos-explicatives\/\",\"name\":\"Vid\u00e9os explicatives | Scholastic Canada Book Fairs\",\"isPartOf\":{\"@id\":\"https:\/\/www2.scholastic.ca\/bookfairs\/#website\"},\"datePublished\":\"2026-02-02T18:35:51+00:00\",\"dateModified\":\"2026-02-03T21:39:56+00:00\",\"breadcrumb\":{\"@id\":\"https:\/\/www2.scholastic.ca\/bookfairs\/info-festival-videos-explicatives\/#breadcrumb\"},\"inLanguage\":\"en-US\",\"potentialAction\":[{\"@type\":\"ReadAction\",\"target\":[\"https:\/\/www2.scholastic.ca\/bookfairs\/info-festival-videos-explicatives\/\"]}]},{\"@type\":\"BreadcrumbList\",\"@id\":\"https:\/\/www2.scholastic.ca\/bookfairs\/info-festival-videos-explicatives\/#breadcrumb\",\"itemListElement\":[{\"@type\":\"ListItem\",\"position\":1,\"name\":\"Home\",\"item\":\"https:\/\/www2.scholastic.ca\/bookfairs\/\"},{\"@type\":\"ListItem\",\"position\":2,\"name\":\"Vid\u00e9os explicatives\"}]},{\"@type\":\"WebSite\",\"@id\":\"https:\/\/www2.scholastic.ca\/bookfairs\/#website\",\"url\":\"https:\/\/www2.scholastic.ca\/bookfairs\/\",\"name\":\"Scholastic Canada Book Fairs\",\"description\":\"\",\"potentialAction\":[{\"@type\":\"SearchAction\",\"target\":{\"@type\":\"EntryPoint\",\"urlTemplate\":\"https:\/\/www2.scholastic.ca\/bookfairs\/?s={search_term_string}\"},\"query-input\":{\"@type\":\"PropertyValueSpecification\",\"valueRequired\":true,\"valueName\":\"search_term_string\"}}],\"inLanguage\":\"en-US\"}]}<\/script>\n<!-- \/ Yoast SEO plugin. -->","yoast_head_json":{"title":"Vid\u00e9os explicatives | Scholastic Canada Book Fairs","robots":{"index":"index","follow":"follow","max-snippet":"max-snippet:-1","max-image-preview":"max-image-preview:large","max-video-preview":"max-video-preview:-1"},"canonical":"https:\/\/www2.scholastic.ca\/bookfairs\/info-festival-videos-explicatives\/","og_locale":"en_US","og_type":"article","og_title":"Vid\u00e9os explicatives | Scholastic Canada Book Fairs","og_url":"https:\/\/www2.scholastic.ca\/bookfairs\/info-festival-videos-explicatives\/","og_site_name":"Scholastic Canada Book Fairs","article_modified_time":"2026-02-03T21:39:56+00:00","twitter_card":"summary_large_image","schema":{"@context":"https:\/\/schema.org","@graph":[{"@type":"WebPage","@id":"https:\/\/www2.scholastic.ca\/bookfairs\/info-festival-videos-explicatives\/","url":"https:\/\/www2.scholastic.ca\/bookfairs\/info-festival-videos-explicatives\/","name":"Vid\u00e9os explicatives | Scholastic Canada Book Fairs","isPartOf":{"@id":"https:\/\/www2.scholastic.ca\/bookfairs\/#website"},"datePublished":"2026-02-02T18:35:51+00:00","dateModified":"2026-02-03T21:39:56+00:00","breadcrumb":{"@id":"https:\/\/www2.scholastic.ca\/bookfairs\/info-festival-videos-explicatives\/#breadcrumb"},"inLanguage":"en-US","potentialAction":[{"@type":"ReadAction","target":["https:\/\/www2.scholastic.ca\/bookfairs\/info-festival-videos-explicatives\/"]}]},{"@type":"BreadcrumbList","@id":"https:\/\/www2.scholastic.ca\/bookfairs\/info-festival-videos-explicatives\/#breadcrumb","itemListElement":[{"@type":"ListItem","position":1,"name":"Home","item":"https:\/\/www2.scholastic.ca\/bookfairs\/"},{"@type":"ListItem","position":2,"name":"Vid\u00e9os explicatives"}]},{"@type":"WebSite","@id":"https:\/\/www2.scholastic.ca\/bookfairs\/#website","url":"https:\/\/www2.scholastic.ca\/bookfairs\/","name":"Scholastic Canada Book Fairs","description":"","potentialAction":[{"@type":"SearchAction","target":{"@type":"EntryPoint","urlTemplate":"https:\/\/www2.scholastic.ca\/bookfairs\/?s={search_term_string}"},"query-input":{"@type":"PropertyValueSpecification","valueRequired":true,"valueName":"search_term_string"}}],"inLanguage":"en-US"}]}},"_links":{"self":[{"href":"https:\/\/www2.scholastic.ca\/bookfairs\/wp-json\/wp\/v2\/pages\/4461","targetHints":{"allow":["GET"]}}],"collection":[{"href":"https:\/\/www2.scholastic.ca\/bookfairs\/wp-json\/wp\/v2\/pages"}],"about":[{"href":"https:\/\/www2.scholastic.ca\/bookfairs\/wp-json\/wp\/v2\/types\/page"}],"author":[{"embeddable":true,"href":"https:\/\/www2.scholastic.ca\/bookfairs\/wp-json\/wp\/v2\/users\/122"}],"replies":[{"embeddable":true,"href":"https:\/\/www2.scholastic.ca\/bookfairs\/wp-json\/wp\/v2\/comments?post=4461"}],"version-history":[{"count":0,"href":"https:\/\/www2.scholastic.ca\/bookfairs\/wp-json\/wp\/v2\/pages\/4461\/revisions"}],"wp:attachment":[{"href":"https:\/\/www2.scholastic.ca\/bookfairs\/wp-json\/wp\/v2\/media?parent=4461"}],"curies":[{"name":"wp","href":"https:\/\/api.w.org\/{rel}","templated":true}]}}