{"id":4208,"date":"2025-09-26T13:51:16","date_gmt":"2025-09-26T13:51:16","guid":{"rendered":"https:\/\/www2.scholastic.ca\/bookfairs\/?page_id=4208"},"modified":"2025-10-29T17:52:41","modified_gmt":"2025-10-29T17:52:41","slug":"informations-importantes","status":"publish","type":"page","link":"https:\/\/www2.scholastic.ca\/bookfairs\/informations-importantes\/","title":{"rendered":"Informations importantes"},"content":{"rendered":"<div  class=\"container-fluid block_text\">\n\t<div class=\"bg-none mt-5 pb-5 container-fluid\">\n\t\t<div class=\"container\">\n\t\t\t<div class=\"col pb-2 text-start\">\n\t\t\t\t\t\t\t\t<h2 class=\"d-block mt-0\"><span>Informations importantes pour les responsables du Festival du Livre concernant les perturbations chez Postes Canada<\/span><\/h2>\n\t\t\t\t<p>&nbsp;<\/p>\n<p><span lang=\"fr-CA\" data-olk-copy-source=\"MessageBody\">Bonjour,<\/span><\/p>\n<p><span lang=\"fr-CA\">\u00a0<\/span><\/p>\n<p><span lang=\"fr-CA\">Nous comprenons que les gr\u00e8ves tournantes en cours chez Postes Canada continuent d\u2019affecter la distribution du courrier dans certaines r\u00e9gions, ce qui cr\u00e9e l\u2019incertitude pour les \u00e9coles qui pr\u00e9voient de conclure leur Festival du Livre et d\u2019effectuer leur paiement. Bien que certaines op\u00e9rations postales aient repris, des retards sont \u00e0 pr\u00e9voir dans les zones touch\u00e9es par la gr\u00e8ve.<\/span><\/p>\n<p><span lang=\"fr-CA\">Nos \u00e9quipes sont l\u00e0 pour vous aider et vous proposer des solutions alternatives \u00e0 l\u2019envoi postal standard lorsque votre formulaire financier est rempli. Afin de garantir le traitement rapide de votre paiement, veuillez envisager les options suivantes\u00a0:<\/span><\/p>\n<p><span lang=\"fr-CA\">\u00a0<\/span><\/p>\n<ul type=\"disc\">\n<li><span lang=\"fr-CA\">Communiquer avec le Service \u00e0 la client\u00e8le au 1-800-625-8583\u00a0pour payer par carte de cr\u00e9dit.<\/span><\/li>\n<li><span lang=\"fr-CA\">Envoyer un courriel \u00e0\u00a0<a title=\"mailto:serviceclientele@scholastic.ca\" href=\"mailto:serviceclientele@scholastic.ca\" data-linkindex=\"0\">serviceclientele@scholastic.ca<\/a>\u00a0pour obtenir la marche \u00e0 suivre afin de payer par d\u00e9p\u00f4t direct.<\/span><\/li>\n<li><span lang=\"fr-CA\">Payer le solde de votre Festival \u00e0 l\u2019aide du terminal de paiement sans fil de votre Festival.<\/span><\/li>\n<li><span lang=\"fr-CA\">Envoyer votre paiement par service de messagerie \u00e0 notre si\u00e8ge social\u00a0:<br \/>\n<b>Festival du Livre Scholastic \u2013 Service des comptes d\u00e9biteurs<br \/>\n175, Hillmount Road,<br \/>\nMarkham (Ontario)\u00a0 L6C 1Z7<\/b><\/span><\/li>\n<\/ul>\n<p><span lang=\"fr-CA\">\u00a0<\/span><\/p>\n<p><span lang=\"fr-CA\">Nous vous remercions de votre patience et nous vous encourageons \u00e0 contacter notre\u00a0<a title=\"https:\/\/www2.scholastic.ca\/bookfairs\/communiquez\/\" href=\"https:\/\/www2.scholastic.ca\/bookfairs\/communiquez\/\" target=\"_blank\" rel=\"noopener noreferrer\" data-auth=\"NotApplicable\" data-linkindex=\"1\">Service \u00e0 la client\u00e8le<\/a>\u00a0pour toute question suppl\u00e9mentaire.<\/span><\/p>\n\t\t\t\t\t\t\t<\/div>\n\t\t<\/div>\n\t<\/div>\n<\/div>","protected":false},"excerpt":{"rendered":"","protected":false},"author":122,"featured_media":0,"parent":0,"menu_order":0,"comment_status":"closed","ping_status":"closed","template":"","meta":{"_acf_changed":true,"footnotes":""},"class_list":["post-4208","page","type-page","status-publish","hentry"],"acf":[],"yoast_head":"<!-- This site is optimized with the Yoast SEO plugin v26.6 - https:\/\/yoast.com\/wordpress\/plugins\/seo\/ -->\n<title>Informations importantes | Scholastic Canada Book Fairs<\/title>\n<meta name=\"robots\" content=\"index, follow, max-snippet:-1, max-image-preview:large, max-video-preview:-1\" \/>\n<link rel=\"canonical\" href=\"https:\/\/www2.scholastic.ca\/bookfairs\/informations-importantes\/\" \/>\n<meta property=\"og:locale\" content=\"en_US\" \/>\n<meta property=\"og:type\" content=\"article\" \/>\n<meta property=\"og:title\" content=\"Informations importantes | Scholastic Canada Book Fairs\" \/>\n<meta property=\"og:url\" content=\"https:\/\/www2.scholastic.ca\/bookfairs\/informations-importantes\/\" \/>\n<meta property=\"og:site_name\" content=\"Scholastic Canada Book Fairs\" \/>\n<meta property=\"article:modified_time\" content=\"2025-10-29T17:52:41+00:00\" \/>\n<meta name=\"twitter:card\" content=\"summary_large_image\" \/>\n<script type=\"application\/ld+json\" class=\"yoast-schema-graph\">{\"@context\":\"https:\/\/schema.org\",\"@graph\":[{\"@type\":\"WebPage\",\"@id\":\"https:\/\/www2.scholastic.ca\/bookfairs\/informations-importantes\/\",\"url\":\"https:\/\/www2.scholastic.ca\/bookfairs\/informations-importantes\/\",\"name\":\"Informations importantes | Scholastic Canada Book Fairs\",\"isPartOf\":{\"@id\":\"https:\/\/www2.scholastic.ca\/bookfairs\/#website\"},\"datePublished\":\"2025-09-26T13:51:16+00:00\",\"dateModified\":\"2025-10-29T17:52:41+00:00\",\"breadcrumb\":{\"@id\":\"https:\/\/www2.scholastic.ca\/bookfairs\/informations-importantes\/#breadcrumb\"},\"inLanguage\":\"en-US\",\"potentialAction\":[{\"@type\":\"ReadAction\",\"target\":[\"https:\/\/www2.scholastic.ca\/bookfairs\/informations-importantes\/\"]}]},{\"@type\":\"BreadcrumbList\",\"@id\":\"https:\/\/www2.scholastic.ca\/bookfairs\/informations-importantes\/#breadcrumb\",\"itemListElement\":[{\"@type\":\"ListItem\",\"position\":1,\"name\":\"Home\",\"item\":\"https:\/\/www2.scholastic.ca\/bookfairs\/\"},{\"@type\":\"ListItem\",\"position\":2,\"name\":\"Informations importantes\"}]},{\"@type\":\"WebSite\",\"@id\":\"https:\/\/www2.scholastic.ca\/bookfairs\/#website\",\"url\":\"https:\/\/www2.scholastic.ca\/bookfairs\/\",\"name\":\"Scholastic Canada Book Fairs\",\"description\":\"\",\"potentialAction\":[{\"@type\":\"SearchAction\",\"target\":{\"@type\":\"EntryPoint\",\"urlTemplate\":\"https:\/\/www2.scholastic.ca\/bookfairs\/?s={search_term_string}\"},\"query-input\":{\"@type\":\"PropertyValueSpecification\",\"valueRequired\":true,\"valueName\":\"search_term_string\"}}],\"inLanguage\":\"en-US\"}]}<\/script>\n<!-- \/ Yoast SEO plugin. -->","yoast_head_json":{"title":"Informations importantes | Scholastic Canada Book Fairs","robots":{"index":"index","follow":"follow","max-snippet":"max-snippet:-1","max-image-preview":"max-image-preview:large","max-video-preview":"max-video-preview:-1"},"canonical":"https:\/\/www2.scholastic.ca\/bookfairs\/informations-importantes\/","og_locale":"en_US","og_type":"article","og_title":"Informations importantes | Scholastic Canada Book Fairs","og_url":"https:\/\/www2.scholastic.ca\/bookfairs\/informations-importantes\/","og_site_name":"Scholastic Canada Book Fairs","article_modified_time":"2025-10-29T17:52:41+00:00","twitter_card":"summary_large_image","schema":{"@context":"https:\/\/schema.org","@graph":[{"@type":"WebPage","@id":"https:\/\/www2.scholastic.ca\/bookfairs\/informations-importantes\/","url":"https:\/\/www2.scholastic.ca\/bookfairs\/informations-importantes\/","name":"Informations importantes | Scholastic Canada Book Fairs","isPartOf":{"@id":"https:\/\/www2.scholastic.ca\/bookfairs\/#website"},"datePublished":"2025-09-26T13:51:16+00:00","dateModified":"2025-10-29T17:52:41+00:00","breadcrumb":{"@id":"https:\/\/www2.scholastic.ca\/bookfairs\/informations-importantes\/#breadcrumb"},"inLanguage":"en-US","potentialAction":[{"@type":"ReadAction","target":["https:\/\/www2.scholastic.ca\/bookfairs\/informations-importantes\/"]}]},{"@type":"BreadcrumbList","@id":"https:\/\/www2.scholastic.ca\/bookfairs\/informations-importantes\/#breadcrumb","itemListElement":[{"@type":"ListItem","position":1,"name":"Home","item":"https:\/\/www2.scholastic.ca\/bookfairs\/"},{"@type":"ListItem","position":2,"name":"Informations importantes"}]},{"@type":"WebSite","@id":"https:\/\/www2.scholastic.ca\/bookfairs\/#website","url":"https:\/\/www2.scholastic.ca\/bookfairs\/","name":"Scholastic Canada Book Fairs","description":"","potentialAction":[{"@type":"SearchAction","target":{"@type":"EntryPoint","urlTemplate":"https:\/\/www2.scholastic.ca\/bookfairs\/?s={search_term_string}"},"query-input":{"@type":"PropertyValueSpecification","valueRequired":true,"valueName":"search_term_string"}}],"inLanguage":"en-US"}]}},"_links":{"self":[{"href":"https:\/\/www2.scholastic.ca\/bookfairs\/wp-json\/wp\/v2\/pages\/4208","targetHints":{"allow":["GET"]}}],"collection":[{"href":"https:\/\/www2.scholastic.ca\/bookfairs\/wp-json\/wp\/v2\/pages"}],"about":[{"href":"https:\/\/www2.scholastic.ca\/bookfairs\/wp-json\/wp\/v2\/types\/page"}],"author":[{"embeddable":true,"href":"https:\/\/www2.scholastic.ca\/bookfairs\/wp-json\/wp\/v2\/users\/122"}],"replies":[{"embeddable":true,"href":"https:\/\/www2.scholastic.ca\/bookfairs\/wp-json\/wp\/v2\/comments?post=4208"}],"version-history":[{"count":0,"href":"https:\/\/www2.scholastic.ca\/bookfairs\/wp-json\/wp\/v2\/pages\/4208\/revisions"}],"wp:attachment":[{"href":"https:\/\/www2.scholastic.ca\/bookfairs\/wp-json\/wp\/v2\/media?parent=4208"}],"curies":[{"name":"wp","href":"https:\/\/api.w.org\/{rel}","templated":true}]}}