{"id":3838,"date":"2025-05-07T18:25:11","date_gmt":"2025-05-07T18:25:11","guid":{"rendered":"https:\/\/www2.scholastic.ca\/bookfairs\/?page_id=3838"},"modified":"2026-03-10T13:22:58","modified_gmt":"2026-03-10T13:22:58","slug":"commanditer-un-festival-du-livre-scholastic","status":"publish","type":"page","link":"https:\/\/www2.scholastic.ca\/bookfairs\/commanditer-un-festival-du-livre-scholastic\/","title":{"rendered":"Commanditer un Festival du Livre Scholastic"},"content":{"rendered":"<div  class=\"container-fluid block_textwithimage\">\n\t<div class=\"bg-none mt-5 pb-5 container-fluid\">\n\t\t<div class=\"container\">\n\t\t\t\t\t\t<div class=\"my-5 my-lg-2 d-flex justify-content-center align-items-center flex-wrap flex-lg-nowrap flex-column flex-md-row\">\n\t\t\t\t\t\t\t<div class=\"col-md-6 text-center order-md-1 pe-lg-5 order-sm-1 pe-sm-4\">\n\t\t\t\t\t\t\t\t\t\t<img decoding=\"async\" src=\"https:\/\/www2.scholastic.ca\/bookfairs\/wp-content\/uploads\/sites\/4\/2025\/04\/TEQ10-52x_70.jpg\" alt=\"\" class=\"img-fluid\" \/>\n\t\t\t\t<\/div>\n\t\t\t\t<div class=\"col-md-6 align-items-center d-flex order-md-2 order-sm-2\">\n\t\t\t\t\t<div class=\"col\">\n\t\t\t\t\t\t\t\t\t\t\t\t<h2 class=\"mt-4 mt-md-0\"><span>En quoi consistent les Festivals commandit\u00e9s?<\/span><\/h2>\n\t\t\t\t\t\t<p>Les Festivals commandit\u00e9s aident \u00e0 apporter la joie du Festival du Livre \u00e0 chaque \u00e9cole! Tout au long de l\u2019ann\u00e9e scolaire, Scholastic aide de g\u00e9n\u00e9reux organismes \u00e0 vocation sociale \u00e0 faire vivre l\u2019exp\u00e9rience du Festival du Livre aux \u00e9coles et aux \u00e9l\u00e8ves dans le besoin. Votre don permet non seulement de livrer un Festival \u00e0 l\u2019une de ces \u00e9coles, mais aussi d\u2019offrir des livres gratuits \u00e0 chaque \u00e9l\u00e8ve! <strong>Vous ferez en sorte que chaque enfant rentre \u00e0 la maison avec de nouveaux livres et un sourire aux l\u00e8vres.<\/strong><\/p>\n\t\t\t\t\t\t\t\t\t\t\t<\/div>\n\t\t\t\t<\/div>\n\t\t\t<\/div>\n\t\t<\/div>\n\t<\/div>\n<\/div>\n\n<div  class=\"container-fluid block_threecolumncontent\">\n\t<div class=\"bg-colour4  bg-border-none container-fluid\">\n\t\t<div class=\"container\">\n\t\t\t<div class=\"row\">\n\t\t\t\t<div class=\"col text-center\">\n\t\t\t\t\t\t\t\t\t\t<h2 class=\"fs-2 mt-0\"><span>Pourquoi commanditer un Festival du Livre?<\/span><\/h2>\n\t\t\t\t\t\t\t\t\t\t<p class=\"mb-0\">\u00c0 ce jour, pour l\u2019ann\u00e9e scolaire 2025\u20132026&#8230;<\/p>\n\t\t\t\t\t\t\t\t\t<\/div>\n\t\t\t<\/div>\n\t\t\t<div class=\"row  justify-content-center\">\n\t\t\t\t\t\t\t\t\t\n\t\t\t\t\t\t\t<div class=\"col-lg-4 col-md-6 col-12 px-4 mt-5 block_threecolumncontentcol\">\n\t\t\t\t\t\t\t\t<div class=\"block_threecolumncontentcol-inner   align-items-center d-flex flex-column justify-content-start text-center \">\n\t\t\t\t\t\t\t\t\t\t\t\t\t\t\t\t\t\t\n\t\t\t\t\t\t\t\t\t<div class=\"block_threecolumncontentcol-inner-maininfo\">\n\t\t\t\t\t\t\t\t\t\t\t\t\t\t\t\t\t\t\t\t<div class=\"block_threecolumncontentcol-image-container mb-3\">\n\t\t\t\t\t\t\t\t\t\t\t<div class=\"block_threecolumncontentcol-image\">\n\t\t\t\t\t\t\t\t\t\t\t\t\t\t\t\t\t\t\t\t\t\t\t\t<img decoding=\"async\" class=\"block_threecolumncontentcol-img\" src=\"https:\/\/www2.scholastic.ca\/bookfairs\/wp-content\/uploads\/sites\/4\/2026\/03\/BF_FDL_S26_Sponsorship-Fairs-Stat-1-fr-02-26-1.png\" alt=\"\" style=\"height: 100%; max-height: 200px; width: auto;\">\n\t\t\t\t\t\t\t\t\t\t\t\t\t\t\t\t\t\t\t\t\t\t\t<\/div>\n\t\t\t\t\t\t\t\t\t\t<\/div>\n\t\t\t\t\t\t\t\t\t\t\t\t\t\t\t\t\t\t\t\t\t\t\t\t\t\t\t\t\t\t<h3 class=\"block_threecolumncontent-heading fs-5\" style=\"\"><\/h3>\n\t\t\t\t\t\t\t\t\t\t<p><span style=\"font-weight: 400\">ont \u00e9t\u00e9 choisis par les \u00e9l\u00e8ves pour enrichir leur biblioth\u00e8que \u00e0 la maison.<\/span><\/p>\n\t\t\t\t\t\t\t\t\t<\/div>\n\t\t\t\t\t\t\t\t\t<div class=\"block_threecolumncontentcol-inner-buttons d-flex flex-column\">\n\t\t\t\t\t\t\t\t\t\t\t\t\t\t\t\t\t\t\t\t\n\t\t\t\t\t\t\t\t\t\t\t\t\t\t\t\t\t\t\t<\/div>\n\t\t\t\t\t\t\t\t<\/div>\n\t\t\t\t\t\t\t<\/div>\n\t\t\t\t\t\t\t\t\t\n\t\t\t\t\t\t\t<div class=\"col-lg-4 col-md-6 col-12 px-4 mt-5 block_threecolumncontentcol\">\n\t\t\t\t\t\t\t\t<div class=\"block_threecolumncontentcol-inner   align-items-center d-flex flex-column justify-content-start text-center \">\n\t\t\t\t\t\t\t\t\t\t\t\t\t\t\t\t\t\t\n\t\t\t\t\t\t\t\t\t<div class=\"block_threecolumncontentcol-inner-maininfo\">\n\t\t\t\t\t\t\t\t\t\t\t\t\t\t\t\t\t\t\t\t<div class=\"block_threecolumncontentcol-image-container mb-3\">\n\t\t\t\t\t\t\t\t\t\t\t<div class=\"block_threecolumncontentcol-image\">\n\t\t\t\t\t\t\t\t\t\t\t\t\t\t\t\t\t\t\t\t\t\t\t\t<img decoding=\"async\" class=\"block_threecolumncontentcol-img\" src=\"https:\/\/www2.scholastic.ca\/bookfairs\/wp-content\/uploads\/sites\/4\/2026\/03\/BF_FDL_S26_Sponsorship-Fairs-Stat-2-fr-02-26-2.png\" alt=\"\" style=\"height: 100%; max-height: 200px; width: auto;\">\n\t\t\t\t\t\t\t\t\t\t\t\t\t\t\t\t\t\t\t\t\t\t\t<\/div>\n\t\t\t\t\t\t\t\t\t\t<\/div>\n\t\t\t\t\t\t\t\t\t\t\t\t\t\t\t\t\t\t\t\t\t\t\t\t\t\t\t\t\t\t<h3 class=\"block_threecolumncontent-heading fs-5\" style=\"\"><\/h3>\n\t\t\t\t\t\t\t\t\t\t<p>de plus ont \u00e9t\u00e9 consacr\u00e9es \u00e0 la lecture par les \u00e9l\u00e8ves.<\/p>\n\t\t\t\t\t\t\t\t\t<\/div>\n\t\t\t\t\t\t\t\t\t<div class=\"block_threecolumncontentcol-inner-buttons d-flex flex-column\">\n\t\t\t\t\t\t\t\t\t\t\t\t\t\t\t\t\t\t\t\t\n\t\t\t\t\t\t\t\t\t\t\t\t\t\t\t\t\t\t\t<\/div>\n\t\t\t\t\t\t\t\t<\/div>\n\t\t\t\t\t\t\t<\/div>\n\t\t\t\t\t\t\t\t\t\n\t\t\t\t\t\t\t<div class=\"col-lg-4 col-md-6 col-12 px-4 mt-5 block_threecolumncontentcol\">\n\t\t\t\t\t\t\t\t<div class=\"block_threecolumncontentcol-inner   align-items-center d-flex flex-column justify-content-start text-center \">\n\t\t\t\t\t\t\t\t\t\t\t\t\t\t\t\t\t\t\n\t\t\t\t\t\t\t\t\t<div class=\"block_threecolumncontentcol-inner-maininfo\">\n\t\t\t\t\t\t\t\t\t\t\t\t\t\t\t\t\t\t\t\t<div class=\"block_threecolumncontentcol-image-container mb-3\">\n\t\t\t\t\t\t\t\t\t\t\t<div class=\"block_threecolumncontentcol-image\">\n\t\t\t\t\t\t\t\t\t\t\t\t\t\t\t\t\t\t\t\t\t\t\t\t<img decoding=\"async\" class=\"block_threecolumncontentcol-img\" src=\"https:\/\/www2.scholastic.ca\/bookfairs\/wp-content\/uploads\/sites\/4\/2026\/03\/BF_FDL_S26_Sponsorship-Fairs-Stat-3-fr-02-26.png\" alt=\"\" style=\"height: 100%; max-height: 200px; width: auto;\">\n\t\t\t\t\t\t\t\t\t\t\t\t\t\t\t\t\t\t\t\t\t\t\t<\/div>\n\t\t\t\t\t\t\t\t\t\t<\/div>\n\t\t\t\t\t\t\t\t\t\t\t\t\t\t\t\t\t\t\t\t\t\t\t\t\t\t\t\t\t\t<h3 class=\"block_threecolumncontent-heading fs-5\" style=\"\"><\/h3>\n\t\t\t\t\t\t\t\t\t\t<p><span style=\"font-weight: 400\">ont \u00e9t\u00e9 offertes pour am\u00e9liorer les biblioth\u00e8ques scolaires.<\/span><\/p>\n\t\t\t\t\t\t\t\t\t<\/div>\n\t\t\t\t\t\t\t\t\t<div class=\"block_threecolumncontentcol-inner-buttons d-flex flex-column\">\n\t\t\t\t\t\t\t\t\t\t\t\t\t\t\t\t\t\t\t\t\n\t\t\t\t\t\t\t\t\t\t\t\t\t\t\t\t\t\t\t<\/div>\n\t\t\t\t\t\t\t\t<\/div>\n\t\t\t\t\t\t\t<\/div>\n\t\t\t\t\t\t\t<\/div>\n\t\t<\/div>\n\t<\/div>\n<\/div>\n\n<div  class=\"container-fluid block_textwithimage\">\n\t<div class=\"bg-none mt-5 pb-5 container-fluid\">\n\t\t<div class=\"container\">\n\t\t\t\t\t\t<div class=\"my-5 my-lg-2 d-flex justify-content-center align-items-center flex-wrap flex-lg-nowrap flex-column flex-md-row\">\n\t\t\t\t\t\t\t<div class=\"col-md-6 text-center order-md-1 pe-lg-5 order-sm-1 pe-sm-4\">\n\t\t\t\t\t\t\t\t\t\t<img decoding=\"async\" src=\"https:\/\/www2.scholastic.ca\/bookfairs\/wp-content\/uploads\/sites\/4\/2025\/04\/TEQ10-12x_70_1_70.jpg\" alt=\"\" class=\"img-fluid\" \/>\n\t\t\t\t<\/div>\n\t\t\t\t<div class=\"col-md-6 align-items-center d-flex order-md-2 order-sm-2\">\n\t\t\t\t\t<div class=\"col\">\n\t\t\t\t\t\t\t\t\t\t\t\t<h2 class=\"mt-4 mt-md-0\"><span>La diff\u00e9rence Scholastic<\/span><\/h2>\n\t\t\t\t\t\t<p>En commanditant un Festival du Livre Scholastic, vous aidez non seulement les enfants \u00e0 lire davantage, mais vous leur donnez aussi la chance de choisir leurs propres livres parmi notre s\u00e9lection de s\u00e9ries et de personnages bien-aim\u00e9s.<\/p>\n<p>Les enfants qui ont la possibilit\u00e9 de choisir les livres qui les int\u00e9ressent :<\/p>\n<ul>\n<li>sont plus susceptibles de lire;<\/li>\n<li>ont un taux d\u2019alphab\u00e9tisation et de r\u00e9ussite scolaire plus \u00e9lev\u00e9s;<\/li>\n<li>apprennent \u00e0 aimer les livres et la lecture pour la vie!<\/li>\n<\/ul>\n<p>Cette occasion rare peut transformer des lecteur\u00b7rices h\u00e9sitant\u00b7es en amoureux\u00b7ses des livres! <strong>C\u2019est la diff\u00e9rence Scholastic, possible uniquement gr\u00e2ce \u00e0 des donateur\u00b7rices comme vous.<\/strong><\/p>\n\t\t\t\t\t\t\t\t\t\t\t<\/div>\n\t\t\t\t<\/div>\n\t\t\t<\/div>\n\t\t<\/div>\n\t<\/div>\n<\/div>\n\n<div  class=\"container-fluid block_text\">\n\t<div class=\"bg-colour1  bg-border-wave-bottom1 container-fluid\">\n\t\t<div class=\"container\">\n\t\t\t<div class=\"col pb-2 text-center\">\n\t\t\t\t\t\t\t\t<h2 class=\"d-block mt-0\"><span>Qui peut commanditer le Festival du Livre Scholastic?<\/span><\/h2>\n\t\t\t\t<p>Des personnes comme vous! En commanditant un Festival, vous rejoignez un groupe exclusif de personnes et d\u2019organisations qui s\u2019engagent \u00e0 faire conna\u00eetre la joie de lire et la magie des Festivals du Livre <strong>\u00e0 tous\u00b7tes les enfants du Canada.<\/strong><\/p>\n<p>Notre \u00e9quipe se consacre \u00e0 la mise en relation de commanditaires avec des \u00e9coles m\u00e9ritantes dans tout le pays. Prenez contact avec nous d\u00e8s aujourd\u2019hui et ayez un impact positif!<\/p>\n\t\t\t\t\t\t\t\t\t<a href=\"mailto:JBanwait@scholastic.ca\" target=\"_blank\" class=\"btn mt-4 btn-primary rounded-pill\" onclick=\"schcaTrackingEvent('French', 'Commanditer un Festival du Livre Scholastic', 'Qui peut commanditer le Festival du Livre Scholastic?: Contactez-nous');\">Contactez-nous<\/a>\n\t\t\t\t\t\t\t<\/div>\n\t\t<\/div>\n\t<\/div>\n<\/div>\n\n\n<div  class=\"container mt-5 pb-5 block_tableblock\">\n        <div class=\"row\">\n\t    <div class=\"col-12\">\n            \t    <\/div>\n    <\/div>\n<\/div>","protected":false},"excerpt":{"rendered":"","protected":false},"author":226,"featured_media":0,"parent":0,"menu_order":0,"comment_status":"closed","ping_status":"closed","template":"page-bf-home","meta":{"_acf_changed":true,"footnotes":""},"class_list":["post-3838","page","type-page","status-publish","hentry"],"acf":[],"yoast_head":"<!-- This site is optimized with the Yoast SEO plugin v26.6 - https:\/\/yoast.com\/wordpress\/plugins\/seo\/ -->\n<title>Commanditer un Festival du Livre Scholastic | Scholastic Canada Book Fairs<\/title>\n<meta name=\"robots\" content=\"index, follow, max-snippet:-1, max-image-preview:large, max-video-preview:-1\" \/>\n<link rel=\"canonical\" href=\"https:\/\/www2.scholastic.ca\/bookfairs\/commanditer-un-festival-du-livre-scholastic\/\" \/>\n<meta property=\"og:locale\" content=\"en_US\" \/>\n<meta property=\"og:type\" content=\"article\" \/>\n<meta property=\"og:title\" content=\"Commanditer un Festival du Livre Scholastic | Scholastic Canada Book Fairs\" \/>\n<meta property=\"og:url\" content=\"https:\/\/www2.scholastic.ca\/bookfairs\/commanditer-un-festival-du-livre-scholastic\/\" \/>\n<meta property=\"og:site_name\" content=\"Scholastic Canada Book Fairs\" \/>\n<meta property=\"article:modified_time\" content=\"2026-03-10T13:22:58+00:00\" \/>\n<meta name=\"twitter:card\" content=\"summary_large_image\" \/>\n<script type=\"application\/ld+json\" class=\"yoast-schema-graph\">{\"@context\":\"https:\/\/schema.org\",\"@graph\":[{\"@type\":\"WebPage\",\"@id\":\"https:\/\/www2.scholastic.ca\/bookfairs\/commanditer-un-festival-du-livre-scholastic\/\",\"url\":\"https:\/\/www2.scholastic.ca\/bookfairs\/commanditer-un-festival-du-livre-scholastic\/\",\"name\":\"Commanditer un Festival du Livre Scholastic | Scholastic Canada Book Fairs\",\"isPartOf\":{\"@id\":\"https:\/\/www2.scholastic.ca\/bookfairs\/#website\"},\"datePublished\":\"2025-05-07T18:25:11+00:00\",\"dateModified\":\"2026-03-10T13:22:58+00:00\",\"breadcrumb\":{\"@id\":\"https:\/\/www2.scholastic.ca\/bookfairs\/commanditer-un-festival-du-livre-scholastic\/#breadcrumb\"},\"inLanguage\":\"en-US\",\"potentialAction\":[{\"@type\":\"ReadAction\",\"target\":[\"https:\/\/www2.scholastic.ca\/bookfairs\/commanditer-un-festival-du-livre-scholastic\/\"]}]},{\"@type\":\"BreadcrumbList\",\"@id\":\"https:\/\/www2.scholastic.ca\/bookfairs\/commanditer-un-festival-du-livre-scholastic\/#breadcrumb\",\"itemListElement\":[{\"@type\":\"ListItem\",\"position\":1,\"name\":\"Home\",\"item\":\"https:\/\/www2.scholastic.ca\/bookfairs\/\"},{\"@type\":\"ListItem\",\"position\":2,\"name\":\"Commanditer un Festival du Livre Scholastic\"}]},{\"@type\":\"WebSite\",\"@id\":\"https:\/\/www2.scholastic.ca\/bookfairs\/#website\",\"url\":\"https:\/\/www2.scholastic.ca\/bookfairs\/\",\"name\":\"Scholastic Canada Book Fairs\",\"description\":\"\",\"potentialAction\":[{\"@type\":\"SearchAction\",\"target\":{\"@type\":\"EntryPoint\",\"urlTemplate\":\"https:\/\/www2.scholastic.ca\/bookfairs\/?s={search_term_string}\"},\"query-input\":{\"@type\":\"PropertyValueSpecification\",\"valueRequired\":true,\"valueName\":\"search_term_string\"}}],\"inLanguage\":\"en-US\"}]}<\/script>\n<!-- \/ Yoast SEO plugin. -->","yoast_head_json":{"title":"Commanditer un Festival du Livre Scholastic | Scholastic Canada Book Fairs","robots":{"index":"index","follow":"follow","max-snippet":"max-snippet:-1","max-image-preview":"max-image-preview:large","max-video-preview":"max-video-preview:-1"},"canonical":"https:\/\/www2.scholastic.ca\/bookfairs\/commanditer-un-festival-du-livre-scholastic\/","og_locale":"en_US","og_type":"article","og_title":"Commanditer un Festival du Livre Scholastic | Scholastic Canada Book Fairs","og_url":"https:\/\/www2.scholastic.ca\/bookfairs\/commanditer-un-festival-du-livre-scholastic\/","og_site_name":"Scholastic Canada Book Fairs","article_modified_time":"2026-03-10T13:22:58+00:00","twitter_card":"summary_large_image","schema":{"@context":"https:\/\/schema.org","@graph":[{"@type":"WebPage","@id":"https:\/\/www2.scholastic.ca\/bookfairs\/commanditer-un-festival-du-livre-scholastic\/","url":"https:\/\/www2.scholastic.ca\/bookfairs\/commanditer-un-festival-du-livre-scholastic\/","name":"Commanditer un Festival du Livre Scholastic | Scholastic Canada Book Fairs","isPartOf":{"@id":"https:\/\/www2.scholastic.ca\/bookfairs\/#website"},"datePublished":"2025-05-07T18:25:11+00:00","dateModified":"2026-03-10T13:22:58+00:00","breadcrumb":{"@id":"https:\/\/www2.scholastic.ca\/bookfairs\/commanditer-un-festival-du-livre-scholastic\/#breadcrumb"},"inLanguage":"en-US","potentialAction":[{"@type":"ReadAction","target":["https:\/\/www2.scholastic.ca\/bookfairs\/commanditer-un-festival-du-livre-scholastic\/"]}]},{"@type":"BreadcrumbList","@id":"https:\/\/www2.scholastic.ca\/bookfairs\/commanditer-un-festival-du-livre-scholastic\/#breadcrumb","itemListElement":[{"@type":"ListItem","position":1,"name":"Home","item":"https:\/\/www2.scholastic.ca\/bookfairs\/"},{"@type":"ListItem","position":2,"name":"Commanditer un Festival du Livre Scholastic"}]},{"@type":"WebSite","@id":"https:\/\/www2.scholastic.ca\/bookfairs\/#website","url":"https:\/\/www2.scholastic.ca\/bookfairs\/","name":"Scholastic Canada Book Fairs","description":"","potentialAction":[{"@type":"SearchAction","target":{"@type":"EntryPoint","urlTemplate":"https:\/\/www2.scholastic.ca\/bookfairs\/?s={search_term_string}"},"query-input":{"@type":"PropertyValueSpecification","valueRequired":true,"valueName":"search_term_string"}}],"inLanguage":"en-US"}]}},"_links":{"self":[{"href":"https:\/\/www2.scholastic.ca\/bookfairs\/wp-json\/wp\/v2\/pages\/3838","targetHints":{"allow":["GET"]}}],"collection":[{"href":"https:\/\/www2.scholastic.ca\/bookfairs\/wp-json\/wp\/v2\/pages"}],"about":[{"href":"https:\/\/www2.scholastic.ca\/bookfairs\/wp-json\/wp\/v2\/types\/page"}],"author":[{"embeddable":true,"href":"https:\/\/www2.scholastic.ca\/bookfairs\/wp-json\/wp\/v2\/users\/226"}],"replies":[{"embeddable":true,"href":"https:\/\/www2.scholastic.ca\/bookfairs\/wp-json\/wp\/v2\/comments?post=3838"}],"version-history":[{"count":0,"href":"https:\/\/www2.scholastic.ca\/bookfairs\/wp-json\/wp\/v2\/pages\/3838\/revisions"}],"wp:attachment":[{"href":"https:\/\/www2.scholastic.ca\/bookfairs\/wp-json\/wp\/v2\/media?parent=3838"}],"curies":[{"name":"wp","href":"https:\/\/api.w.org\/{rel}","templated":true}]}}