{"id":2852,"date":"2024-07-04T19:15:08","date_gmt":"2024-07-04T19:15:08","guid":{"rendered":"https:\/\/www2.scholastic.ca\/bookfairs\/?page_id=2852"},"modified":"2025-08-15T20:55:19","modified_gmt":"2025-08-15T20:55:19","slug":"info-festival-mydoh","status":"publish","type":"page","link":"https:\/\/www2.scholastic.ca\/bookfairs\/info-festival-mydoh\/","title":{"rendered":"Mydoh est maintenant accept\u00e9 au Festival du Livre"},"content":{"rendered":"<div  class=\"container-fluid block_text\">\n\t<div class=\"bg-none mt-5 pb-5 container-fluid\">\n\t\t<div class=\"container\">\n\t\t\t<div class=\"col pb-2 text-start\">\n\t\t\t\t\t\t\t\t<h2 class=\"d-block mt-0\"><span>Qu\u2019est-ce que Mydoh?<\/span><\/h2>\n\t\t\t\t<p>Finis, les billets en boule au fond du sac \u00e0 dos! Nous avons conclu un partenariat avec Mydoh, notre solution de paiement sans esp\u00e8ces, afin que les \u00e9l\u00e8ves puissent faire leurs achats au Festival sans argent liquide. Que votre \u00e9cole fonctionne sans argent, ou que vous souhaitiez simplement offrir une option de paiement suppl\u00e9mentaire aux familles, nous sommes l\u00e0 pour soutenir votre Festival.<\/p>\n\t\t\t\t\t\t\t<\/div>\n\t\t<\/div>\n\t<\/div>\n<\/div>\n\n\n<div class=\"container my-5 block_protip\">\n    <div class=\"row align-items-center justify-content-center\">\n        <div class=\"col-lg-2 col-sm-4 col-4 text-end\">\n            <img decoding=\"async\" src=\"https:\/\/www2.scholastic.ca\/bookfairs\/wp-content\/themes\/scholastic-ca-bookfairs-wp\/images\/pro-tip-fr.svg\" alt=\"Astuces de pro!\" class=\"img-fluid\" \/>\n        <\/div>\n        <div class=\"col-lg-6 col-sm-8 mt-3\">\n            <p><b>Responsables :<\/b> Informez les familles que vous acceptez Mydoh au moins trois semaines avant le d\u00e9but du Festival afin qu\u2019elles aient le temps de cr\u00e9er leur compte sur l\u2019application!<\/p>\n        <\/div>\n    <\/div>\n<\/div>\n\n<div  class=\"container-fluid block_textwithimage\">\n\t<div class=\"bg-none mt-5 pb-5 container-fluid\">\n\t\t<div class=\"container\">\n\t\t\t\t\t\t<div class=\"my-5 my-lg-2 d-flex justify-content-center align-items-center flex-wrap flex-lg-nowrap flex-column flex-md-row\">\n\t\t\t\t\t\t\t<div class=\"col-md-6 text-center order-md-1 pe-lg-5 order-sm-1 pe-sm-4\">\n\t\t\t\t\t\t\t\t\t\t<img decoding=\"async\" src=\"https:\/\/www2.scholastic.ca\/bookfairs\/wp-content\/uploads\/sites\/4\/2024\/06\/sp10-3-1.jpeg\" alt=\"\" class=\"img-fluid\" \/>\n\t\t\t\t<\/div>\n\t\t\t\t<div class=\"col-md-6 align-items-center d-flex order-md-2 order-sm-2\">\n\t\t\t\t\t<div class=\"col\">\n\t\t\t\t\t\t\t\t\t\t\t\t<h2 class=\"mt-4 mt-md-0\"><span>Comment fonctionne Mydoh?<\/span><\/h2>\n\t\t\t\t\t\t<p><strong>Parents,<\/strong> suivez les cinq \u00e9tapes suivantes pour que votre enfant ait sa propre carte \u00e0 puce Mydoh!<\/p>\n<ol>\n<li>T\u00e9l\u00e9chargez l\u2019application Mydoh et suivez les instructions pour cr\u00e9er un compte.<\/li>\n<li>Configurez un compte distinct pour votre enfant.<\/li>\n<li>La carte \u00e0 puce num\u00e9rique est pr\u00eate \u00e0 l\u2019emploi dans le compte de votre enfant. Vous pouvez \u00e9galement demander une carte physique \u00e0 partir de l\u2019application*.<\/li>\n<li>Approvisionnez la carte \u00e0 puce de votre enfant.<\/li>\n<li>Votre enfant peut maintenant effectuer des achats au Festival!<\/li>\n<\/ol>\n\t\t\t\t\t\t\t\t\t\t\t\t\t<a href=\"https:\/\/www2.scholastic.ca\/bookfairs\/wp-content\/uploads\/sites\/4\/2025\/08\/F25_FR-Mydoh-FAQs.docx.pdf\" target=\"_blank\" class=\"btn btn-outline-primary rounded-pill\" onclick=\"schcaTrackingEvent('French', 'Mydoh est maintenant accept\u00e9 au Festival du Livre', 'Comment fonctionne Mydoh?: T\u00e9l\u00e9charger la FAQ');\">T\u00e9l\u00e9charger la FAQ<\/a>\n\t\t\t\t\t\t\t\t\t\t\t<\/div>\n\t\t\t\t<\/div>\n\t\t\t<\/div>\n\t\t<\/div>\n\t<\/div>\n<\/div>\n\n\n<div class=\"container-fluid block_divider  mt-5 pb-5 container-fluid\">\n    <div class=\" p-0\">\n        <div class=\"row\">\n            <div class=\"col-12 divider-style2\">\n        \n            <\/div>\n        <\/div>\n    <\/div>\n<\/div>\n\n<div  class=\"container-fluid block_text\">\n\t<div class=\"bg-none mt-5 pb-5 container-fluid\">\n\t\t<div class=\"container\">\n\t\t\t<div class=\"col pb-2 text-center\">\n\t\t\t\t\t\t\t\t<h2 class=\"d-block mt-0\"><span>Vous avez des questions?<\/span><\/h2>\n\t\t\t\t<p>Consultez notre\u00a0<a href=\"https:\/\/www2.scholastic.ca\/bookfairs\/questions\/\">FAQ<\/a>\u00a0pour obtenir des r\u00e9ponses rapidement. Nous sommes l\u00e0 pour vous soutenir!<\/p>\n\t\t\t\t\t\t\t<\/div>\n\t\t<\/div>\n\t<\/div>\n<\/div>\n\n<div  class=\"container-fluid block_text\">\n\t<div class=\"bg-none mt-5 pb-5 container-fluid\">\n\t\t<div class=\"container\">\n\t\t\t<div class=\"col pb-2 text-center\">\n\t\t\t\t\t\t\t\t<h2 class=\"d-block mt-0\"><span>Encore plus \u00e0 d\u00e9couvrir<\/span><\/h2>\n\t\t\t\t<p>Vous trouverez d\u2019autres informations utiles dans la section Info-Festival.<\/p>\n\t\t\t\t\t\t\t\t\t<a href=\"https:\/\/www2.scholastic.ca\/bookfairs\/info-festival\/\"  class=\"btn mt-4 btn-primary rounded-pill\" onclick=\"schcaTrackingEvent('French', 'Mydoh est maintenant accept\u00e9 au Festival du Livre', 'Encore plus \u00e0 d\u00e9couvrir: Allez-y');\">Allez-y<\/a>\n\t\t\t\t\t\t\t<\/div>\n\t\t<\/div>\n\t<\/div>\n<\/div>","protected":false},"excerpt":{"rendered":"","protected":false},"author":3,"featured_media":0,"parent":0,"menu_order":0,"comment_status":"closed","ping_status":"closed","template":"","meta":{"_acf_changed":true,"footnotes":""},"class_list":["post-2852","page","type-page","status-publish","hentry"],"acf":[],"yoast_head":"<!-- This site is optimized with the Yoast SEO plugin v26.6 - https:\/\/yoast.com\/wordpress\/plugins\/seo\/ -->\n<title>Mydoh est maintenant accept\u00e9 au Festival du Livre | Scholastic Canada Book Fairs<\/title>\n<meta name=\"robots\" content=\"index, follow, max-snippet:-1, max-image-preview:large, max-video-preview:-1\" \/>\n<link rel=\"canonical\" href=\"https:\/\/www2.scholastic.ca\/bookfairs\/info-festival-mydoh\/\" \/>\n<meta property=\"og:locale\" content=\"en_US\" \/>\n<meta property=\"og:type\" content=\"article\" \/>\n<meta property=\"og:title\" content=\"Mydoh est maintenant accept\u00e9 au Festival du Livre | Scholastic Canada Book Fairs\" \/>\n<meta property=\"og:url\" content=\"https:\/\/www2.scholastic.ca\/bookfairs\/info-festival-mydoh\/\" \/>\n<meta property=\"og:site_name\" content=\"Scholastic Canada Book Fairs\" \/>\n<meta property=\"article:modified_time\" content=\"2025-08-15T20:55:19+00:00\" \/>\n<meta name=\"twitter:card\" content=\"summary_large_image\" \/>\n<script type=\"application\/ld+json\" class=\"yoast-schema-graph\">{\"@context\":\"https:\/\/schema.org\",\"@graph\":[{\"@type\":\"WebPage\",\"@id\":\"https:\/\/www2.scholastic.ca\/bookfairs\/info-festival-mydoh\/\",\"url\":\"https:\/\/www2.scholastic.ca\/bookfairs\/info-festival-mydoh\/\",\"name\":\"Mydoh est maintenant accept\u00e9 au Festival du Livre | Scholastic Canada Book Fairs\",\"isPartOf\":{\"@id\":\"https:\/\/www2.scholastic.ca\/bookfairs\/#website\"},\"datePublished\":\"2024-07-04T19:15:08+00:00\",\"dateModified\":\"2025-08-15T20:55:19+00:00\",\"breadcrumb\":{\"@id\":\"https:\/\/www2.scholastic.ca\/bookfairs\/info-festival-mydoh\/#breadcrumb\"},\"inLanguage\":\"en-US\",\"potentialAction\":[{\"@type\":\"ReadAction\",\"target\":[\"https:\/\/www2.scholastic.ca\/bookfairs\/info-festival-mydoh\/\"]}]},{\"@type\":\"BreadcrumbList\",\"@id\":\"https:\/\/www2.scholastic.ca\/bookfairs\/info-festival-mydoh\/#breadcrumb\",\"itemListElement\":[{\"@type\":\"ListItem\",\"position\":1,\"name\":\"Home\",\"item\":\"https:\/\/www2.scholastic.ca\/bookfairs\/\"},{\"@type\":\"ListItem\",\"position\":2,\"name\":\"Mydoh est maintenant accept\u00e9 au Festival du Livre\"}]},{\"@type\":\"WebSite\",\"@id\":\"https:\/\/www2.scholastic.ca\/bookfairs\/#website\",\"url\":\"https:\/\/www2.scholastic.ca\/bookfairs\/\",\"name\":\"Scholastic Canada Book Fairs\",\"description\":\"\",\"potentialAction\":[{\"@type\":\"SearchAction\",\"target\":{\"@type\":\"EntryPoint\",\"urlTemplate\":\"https:\/\/www2.scholastic.ca\/bookfairs\/?s={search_term_string}\"},\"query-input\":{\"@type\":\"PropertyValueSpecification\",\"valueRequired\":true,\"valueName\":\"search_term_string\"}}],\"inLanguage\":\"en-US\"}]}<\/script>\n<!-- \/ Yoast SEO plugin. -->","yoast_head_json":{"title":"Mydoh est maintenant accept\u00e9 au Festival du Livre | Scholastic Canada Book Fairs","robots":{"index":"index","follow":"follow","max-snippet":"max-snippet:-1","max-image-preview":"max-image-preview:large","max-video-preview":"max-video-preview:-1"},"canonical":"https:\/\/www2.scholastic.ca\/bookfairs\/info-festival-mydoh\/","og_locale":"en_US","og_type":"article","og_title":"Mydoh est maintenant accept\u00e9 au Festival du Livre | Scholastic Canada Book Fairs","og_url":"https:\/\/www2.scholastic.ca\/bookfairs\/info-festival-mydoh\/","og_site_name":"Scholastic Canada Book Fairs","article_modified_time":"2025-08-15T20:55:19+00:00","twitter_card":"summary_large_image","schema":{"@context":"https:\/\/schema.org","@graph":[{"@type":"WebPage","@id":"https:\/\/www2.scholastic.ca\/bookfairs\/info-festival-mydoh\/","url":"https:\/\/www2.scholastic.ca\/bookfairs\/info-festival-mydoh\/","name":"Mydoh est maintenant accept\u00e9 au Festival du Livre | Scholastic Canada Book Fairs","isPartOf":{"@id":"https:\/\/www2.scholastic.ca\/bookfairs\/#website"},"datePublished":"2024-07-04T19:15:08+00:00","dateModified":"2025-08-15T20:55:19+00:00","breadcrumb":{"@id":"https:\/\/www2.scholastic.ca\/bookfairs\/info-festival-mydoh\/#breadcrumb"},"inLanguage":"en-US","potentialAction":[{"@type":"ReadAction","target":["https:\/\/www2.scholastic.ca\/bookfairs\/info-festival-mydoh\/"]}]},{"@type":"BreadcrumbList","@id":"https:\/\/www2.scholastic.ca\/bookfairs\/info-festival-mydoh\/#breadcrumb","itemListElement":[{"@type":"ListItem","position":1,"name":"Home","item":"https:\/\/www2.scholastic.ca\/bookfairs\/"},{"@type":"ListItem","position":2,"name":"Mydoh est maintenant accept\u00e9 au Festival du Livre"}]},{"@type":"WebSite","@id":"https:\/\/www2.scholastic.ca\/bookfairs\/#website","url":"https:\/\/www2.scholastic.ca\/bookfairs\/","name":"Scholastic Canada Book Fairs","description":"","potentialAction":[{"@type":"SearchAction","target":{"@type":"EntryPoint","urlTemplate":"https:\/\/www2.scholastic.ca\/bookfairs\/?s={search_term_string}"},"query-input":{"@type":"PropertyValueSpecification","valueRequired":true,"valueName":"search_term_string"}}],"inLanguage":"en-US"}]}},"_links":{"self":[{"href":"https:\/\/www2.scholastic.ca\/bookfairs\/wp-json\/wp\/v2\/pages\/2852","targetHints":{"allow":["GET"]}}],"collection":[{"href":"https:\/\/www2.scholastic.ca\/bookfairs\/wp-json\/wp\/v2\/pages"}],"about":[{"href":"https:\/\/www2.scholastic.ca\/bookfairs\/wp-json\/wp\/v2\/types\/page"}],"author":[{"embeddable":true,"href":"https:\/\/www2.scholastic.ca\/bookfairs\/wp-json\/wp\/v2\/users\/3"}],"replies":[{"embeddable":true,"href":"https:\/\/www2.scholastic.ca\/bookfairs\/wp-json\/wp\/v2\/comments?post=2852"}],"version-history":[{"count":0,"href":"https:\/\/www2.scholastic.ca\/bookfairs\/wp-json\/wp\/v2\/pages\/2852\/revisions"}],"wp:attachment":[{"href":"https:\/\/www2.scholastic.ca\/bookfairs\/wp-json\/wp\/v2\/media?parent=2852"}],"curies":[{"name":"wp","href":"https:\/\/api.w.org\/{rel}","templated":true}]}}