{"id":2840,"date":"2024-07-04T14:14:50","date_gmt":"2024-07-04T14:14:50","guid":{"rendered":"https:\/\/www2.scholastic.ca\/bookfairs\/?page_id=2840"},"modified":"2026-04-24T19:48:38","modified_gmt":"2026-04-24T19:48:38","slug":"des-offres-dune-duree-limitee","status":"publish","type":"page","link":"https:\/\/www2.scholastic.ca\/bookfairs\/des-offres-dune-duree-limitee\/","title":{"rendered":"Des offres d\u2019une dur\u00e9e limit\u00e9e"},"content":{"rendered":"<div  class=\"container-fluid block_textwithimage\">\n\t<div class=\"bg-none mt-5 pb-5 container-fluid\">\n\t\t<div class=\"container\">\n\t\t\t\t\t\t<div class=\"my-5 my-lg-2 d-flex justify-content-center align-items-center flex-wrap flex-lg-nowrap flex-column flex-md-row\">\n\t\t\t\t\t\t\t<div class=\"col-md-6 text-center order-md-2 ps-lg-5 order-sm-1 ps-sm-4\">\n\t\t\t\t\t\t\t\t\t\t<img decoding=\"async\" src=\"https:\/\/www2.scholastic.ca\/bookfairs\/wp-content\/uploads\/sites\/4\/2025\/09\/IMG_2420-1024x768.jpg\" alt=\"\" class=\"img-fluid\" \/>\n\t\t\t\t<\/div>\n\t\t\t\t<div class=\"col-md-6 align-items-center d-flex order-md-1 order-sm-2\">\n\t\t\t\t\t<div class=\"col\">\n\t\t\t\t\t\t\t\t\t\t\t\t<h2 class=\"mt-4 mt-md-0\"><span>Informations \u00e0 conna\u00eetre<\/span><\/h2>\n\t\t\t\t\t\t<p><span style=\"font-weight: 400\">L\u2019\u00e9v\u00e9nement de magasinage de l\u2019ann\u00e9e approche \u00e0 grands pas! Profitez d\u2019aubaines incroyables, obtenez des cadeaux avec chaque commande* et plus encore lors de cet \u00e9v\u00e9nement incroyable r\u00e9serv\u00e9 <\/span><b>aux responsables, aux b\u00e9n\u00e9voles, aux membres du personnel scolaire et au personnel administratif du Festival du Livre!<\/b><\/p>\n<p><span style=\"font-weight: 400\">Voici quelques informations importantes :<\/span><\/p>\n<ul>\n<li><span style=\"font-weight: 400\">Vous pouvez trouver l\u2019\u00e9v\u00e9nement le plus proche de chez vous et confirmer votre pr\u00e9sence en cliquant sur le lien ci-dessous. Parlez-en \u00e0 votre communaut\u00e9 scolaire et \u00e0 toutes les personnes qui ont contribu\u00e9 au succ\u00e8s de votre Festival! <\/span><\/li>\n<li>Pour garantir le bon d\u00e9roulement des op\u00e9rations dans les entrep\u00f4ts, <strong>seules les personnes \u00e2g\u00e9es de 16 ans et plus sont autoris\u00e9es \u00e0 entrer et il est obligatoire de porter des souliers ferm\u00e9s<\/strong>.<\/li>\n<li>Nous acceptons et les bons de commande. Nous n\u2019acceptons pas les coupons des clubs de lecture Scholastic et tout autre coupon de Scholastic.<\/li>\n<li><span style=\"font-weight: 400\">Vous ne pouvez pas vous joindre \u00e0 nous en personne? Effectuez vos achats \u00e0 distance et recevez vos articles chez vous! Obtenez plus d\u2019information sur nos ventes \u00e0 distance <strong><a href=\"https:\/\/www2.scholastic.ca\/bookfairs\/wp-content\/uploads\/sites\/4\/2025\/09\/LT_BF_CAWSE_Invite-SaleInstructions_09-25_FR.pdf\" target=\"_blank\" rel=\"noopener\">ici<\/a><\/strong>.<\/span><\/li>\n<\/ul>\n\t\t\t\t\t\t\t\t\t\t\t<\/div>\n\t\t\t\t<\/div>\n\t\t\t<\/div>\n\t\t<\/div>\n\t<\/div>\n<\/div>\n\n\n<div class=\"container-fluid block_divider  mt-5 pb-5 container-fluid\">\n    <div class=\" p-0\">\n        <div class=\"row\">\n            <div class=\"col-12 divider-style1\">\n        \n            <\/div>\n        <\/div>\n    <\/div>\n<\/div>\n\n<div  class=\"container-fluid block_text\">\n\t<div class=\"bg-none mt-5 pb-5 container-fluid\">\n\t\t<div class=\"container\">\n\t\t\t<div class=\"col pb-2 text-center\">\n\t\t\t\t\t\t\t\t<h2 class=\"d-block mt-0\"><span>Trouvez votre \u00e9v\u00e9nement<\/span><\/h2>\n\t\t\t\t<p><span style=\"font-weight: 400\">Vous trouverez ci-dessous les dates de chaque succursale de Festival du Livre, o\u00f9 vous pourrez faire vos achats en personne ou \u00e0 distance. Veuillez noter que les dates peuvent varier.<\/span><\/p>\n<p><span style=\"font-weight: 400\">Vous ne savez pas quelle succursale choisir? Notre \u00e9quipe du Service \u00e0 la client\u00e8le se fera un plaisir de vous aider! <\/span><b>Communiquez avec nous en tout temps par t\u00e9l\u00e9phone au 1-800-268-3848.<\/b><\/p>\n\t\t\t\t\t\t\t<\/div>\n\t\t<\/div>\n\t<\/div>\n<\/div>\n\n\n<div  class=\"container mt-5 pb-5 block_tableblock\">\n        <div class=\"row\">\n\t    <div class=\"col-12\">\n            <div class=\"table-responsive\"><table border=\"0\" class=\"table\"><thead><tr><th scope=\"col\">Lieu de l\u2019entrep\u00f4t\t<\/th><th scope=\"col\">Adresse<\/th><th scope=\"col\">Dates des ventes en personne\t<\/th><th scope=\"col\">Heures de la vente<\/th><th scope=\"col\">RSVP<\/th><th scope=\"col\">Dates des ventes \u00e0 distance\t<\/th><th scope=\"col\">Listes de produits\n<\/th><\/tr><\/thead><tbody><tr><td>Toronto (Brampton)\n<\/td><td>9150 Airport Rd., Unit\u00e9 B\nBrampton (Ontario)  L6S 6G1<\/td><td>En linge seulement<\/td><td>En linge seulement<\/td><td>En linge seulement<\/td><td>Mardi 24 f\u00e9vrier au <br>vendredi 6 mars<\/td><td>FERM\u00c9<\/td><\/tr><tr><td> Moncton\n<\/td><td>222, promenade Edinburgh, bureau 140\nMoncton (Nouveau-Brunswick) E1E 4C7<\/td><td>Jeudi 23 avril<\/td><td>de 8 h \u00e0 18 h<\/td><td><a href=\"https:\/\/forms.gle\/QkdEiXe22NUrEaB17\" rel=\"noopener\">RSVP<\/a><\/td><td>Lundi 13 avril au vendredi 24 avril<\/td><td>FERM\u00c9<\/td><\/tr><tr><td>Brockville\n<\/td><td>1365, avenue California\nBrockville (Ontario)  K6V 5Y6<\/td><td>Jeudi 9 avril<\/td><td>de 7 h \u00e0 18 h<\/td><td><a href=\"https:\/\/forms.gle\/QkdEiXe22NUrEaB17\" rel=\"noopener\">RSVP<\/a><\/td><td>Lundi 2 mars au <br>vendredi 27 mars<\/td><td>FERM\u00c9<\/td><\/tr><tr><td>Surrey\n<\/td><td>101 \u2013 2468, 192e Rue\nSurrey (Colombie-Britannique)  V3Z 3X1<\/td><td>Mercredi 22 avril au jeudi 23 avril<\/td><td>22 avril : de 8 h \u00e0 20 h <br> 23 avril : de 8 h \u00e0 17 h<\/td><td><a href=\"https:\/\/forms.gle\/QkdEiXe22NUrEaB17\" rel=\"noopener\">RSVP<\/a><\/td><td>Mardi 7 avril au mardi 21 avril<\/td><td>FERM\u00c9<\/td><\/tr><\/tbody><\/table><\/div>\t    <\/div>\n    <\/div>\n<\/div>\n\n<div  class=\"container-fluid block_text\">\n\t<div class=\"bg-none mt-5 pb-5 container-fluid\">\n\t\t<div class=\"container\">\n\t\t\t<div class=\"col pb-2 text-center\">\n\t\t\t\t\t\t\t\t<h2 class=\"d-block mt-0\"><span>\u00c9v\u00e9nements \u00e9ph\u00e9m\u00e8res<\/span><\/h2>\n\t\t\t\t<p><span data-olk-copy-source=\"MessageBody\">Vous n\u2019\u00eates pas en mesure de vous rendre \u00e0 l\u2019un de nos entrep\u00f4ts? Nos \u00e9v\u00e9nements \u00e9ph\u00e9m\u00e8res viennent \u00e0 vous! Trouvez la vente la plus pr\u00e8s de chez vous et confirmez votre pr\u00e9sence ci-dessous.<\/span><\/p>\n\t\t\t\t\t\t\t<\/div>\n\t\t<\/div>\n\t<\/div>\n<\/div>\n\n\n<div  class=\"container mt-5 pb-5 block_tableblock\">\n        <div class=\"row\">\n\t    <div class=\"col-12\">\n            <div class=\"table-responsive\"><table border=\"0\" class=\"table\"><thead><tr><th scope=\"col\">Succursale<\/th><th scope=\"col\">Adresse<\/th><th scope=\"col\">Date(s) de la vente \u00e9ph\u00e9m\u00e8re<\/th><th scope=\"col\">Heures de la vente<\/th><th scope=\"col\">RSVP<\/th><\/tr><\/thead><tbody><tr><td> Moncton\n<\/td><td>Greenfoot Energy Centre <br>\n61 Gary Martin Dr. <br>\nBedford (Nouvelle-\u00c9cosse) <br>\nB4B 1G7<\/td><td>15 et 16 avril 2026<\/td><td>15 avril : de midi \u00e0 19 h\n<br>\n16 avril : de 8 h \u00e0 13 h<\/td><td><a href=\"https:\/\/forms.gle\/8uu2b1Qm61yXHwEf6\" rel=\"noopener\">RSVP<\/a><\/td><\/tr><\/tbody><\/table><\/div>\t    <\/div>\n    <\/div>\n<\/div>\n\n<div  class=\"container-fluid block_textwithimage\">\n\t<div class=\"bg-colour5  bg-border-wave-bottom1 container-fluid\">\n\t\t<div class=\"container\">\n\t\t\t\t\t\t<div class=\"my-5 my-lg-2 d-flex justify-content-center align-items-center flex-wrap flex-lg-nowrap flex-column flex-md-row\">\n\t\t\t\t\t\t\t<div class=\"col-md-6 text-center order-md-1 pe-lg-5 order-sm-1 pe-sm-4\">\n\t\t\t\t\t\t\t\t\t\t<img decoding=\"async\" src=\"https:\/\/www2.scholastic.ca\/bookfairs\/wp-content\/uploads\/sites\/4\/2025\/09\/250309_LS_Scholastic_BookFair_0987_edited-1-1.jpg\" alt=\"\" class=\"img-fluid\" \/>\n\t\t\t\t<\/div>\n\t\t\t\t<div class=\"col-md-6 align-items-center d-flex order-md-2 order-sm-2\">\n\t\t\t\t\t<div class=\"col\">\n\t\t\t\t\t\t\t\t\t\t\t\t<h2 class=\"mt-4 mt-md-0\"><span>Utilisez vos dollars Scholastic!<\/span><\/h2>\n\t\t\t\t\t\t<p><span style=\"font-weight: 400\">C\u2019est maintenant l\u2019occasion d\u2019utiliser vos dollars Scholastic durement gagn\u00e9s! Mettez vos \u00e9l\u00e8ves sur la voie de la r\u00e9ussite et \u00e9conomisez sur des articles essentiels pour la classe, tels que des livres \u00e0 succ\u00e8s, des ouvrages exclusifs et bien plus encore.<\/span><\/p>\n<p><span style=\"font-weight: 400\">Si vous utilisez les dollars Scholastic de votre \u00e9cole pour effectuer vos achats, veuillez fournir votre num\u00e9ro de compte au moment du paiement.<\/span><\/p>\n<p><span style=\"font-weight: 400\">Les articles achet\u00e9s avec les dollars Scholastic sont \u00e9chang\u00e9s au plein prix, sauf indication contraire.<\/span><\/p>\n\t\t\t\t\t\t\t\t\t\t\t\t\t<a href=\"https:\/\/bookfairs.scholastic.ca\/login\/fr\" target=\"_blank\" class=\"btn btn-outline-primary rounded-pill\" onclick=\"schcaTrackingEvent('French', 'Des offres d\u2019une dur\u00e9e limit\u00e9e', 'Utilisez vos dollars Scholastic!: Consultez votre solde');\">Consultez votre solde<\/a>\n\t\t\t\t\t\t\t\t\t\t\t<\/div>\n\t\t\t\t<\/div>\n\t\t\t<\/div>\n\t\t<\/div>\n\t<\/div>\n<\/div>\n\n<div  class=\"container-fluid block_legaltext\">\n\t<div class=\"bg-none mt-5 pb-5 container-fluid\">\n\t\t<div class=\"container\">\n\t\t\t<div class=\"row\">\t\n\t\t\t\t<div class=\"col\" style=\"text-align: left;\">\n\t\t\t\t\t<p>Cette invitation est uniquement valide pour les responsables, les b\u00e9n\u00e9voles, le personnel scolaire et le personnel administratif du Festival du Livre. La s\u00e9lection peut changer en fonction de la disponibilit\u00e9 et de l\u2019emplacement. Le Festival du Livre Scholastic se r\u00e9serve le droit de limiter les quantit\u00e9s.<\/p>\n<p>&nbsp;<\/p>\n<p>*Cadeau offert avec un achat jusqu\u2019\u00e0 \u00e9puisement des stocks. Aucune substitution ne sera faite.<\/p>\n<p>&nbsp;<\/p>\n<p>Des frais de transport et de manutention de 10 $ seront appliqu\u00e9s pour les commandes pass\u00e9es \u00e0 distance. La <strong>LIVRAISON GRATUITE<\/strong> est disponible <strong>UNIQUEMENT<\/strong> pour les commandes pay\u00e9es enti\u00e8rement avec des dollars Scholastic.<\/p>\n\t\t\t\t<\/div>\n\t\t\t<\/div>\n\t\t<\/div>\n\t<\/div>\n<\/div>","protected":false},"excerpt":{"rendered":"","protected":false},"author":3,"featured_media":0,"parent":0,"menu_order":0,"comment_status":"closed","ping_status":"closed","template":"page-largebanner","meta":{"_acf_changed":true,"footnotes":""},"class_list":["post-2840","page","type-page","status-publish","hentry"],"acf":[],"yoast_head":"<!-- This site is optimized with the Yoast SEO plugin v26.6 - https:\/\/yoast.com\/wordpress\/plugins\/seo\/ -->\n<title>Des offres d\u2019une dur\u00e9e limit\u00e9e | Scholastic Canada Book Fairs<\/title>\n<meta name=\"robots\" content=\"index, follow, max-snippet:-1, max-image-preview:large, max-video-preview:-1\" \/>\n<link rel=\"canonical\" href=\"https:\/\/www2.scholastic.ca\/bookfairs\/des-offres-dune-duree-limitee\/\" \/>\n<meta property=\"og:locale\" content=\"en_US\" \/>\n<meta property=\"og:type\" content=\"article\" \/>\n<meta property=\"og:title\" content=\"Des offres d\u2019une dur\u00e9e limit\u00e9e | Scholastic Canada Book Fairs\" \/>\n<meta property=\"og:url\" content=\"https:\/\/www2.scholastic.ca\/bookfairs\/des-offres-dune-duree-limitee\/\" \/>\n<meta property=\"og:site_name\" content=\"Scholastic Canada Book Fairs\" \/>\n<meta property=\"article:modified_time\" content=\"2026-04-24T19:48:38+00:00\" \/>\n<meta name=\"twitter:card\" content=\"summary_large_image\" \/>\n<script type=\"application\/ld+json\" class=\"yoast-schema-graph\">{\"@context\":\"https:\/\/schema.org\",\"@graph\":[{\"@type\":\"WebPage\",\"@id\":\"https:\/\/www2.scholastic.ca\/bookfairs\/des-offres-dune-duree-limitee\/\",\"url\":\"https:\/\/www2.scholastic.ca\/bookfairs\/des-offres-dune-duree-limitee\/\",\"name\":\"Des offres d\u2019une dur\u00e9e limit\u00e9e | Scholastic Canada Book Fairs\",\"isPartOf\":{\"@id\":\"https:\/\/www2.scholastic.ca\/bookfairs\/#website\"},\"datePublished\":\"2024-07-04T14:14:50+00:00\",\"dateModified\":\"2026-04-24T19:48:38+00:00\",\"breadcrumb\":{\"@id\":\"https:\/\/www2.scholastic.ca\/bookfairs\/des-offres-dune-duree-limitee\/#breadcrumb\"},\"inLanguage\":\"en-US\",\"potentialAction\":[{\"@type\":\"ReadAction\",\"target\":[\"https:\/\/www2.scholastic.ca\/bookfairs\/des-offres-dune-duree-limitee\/\"]}]},{\"@type\":\"BreadcrumbList\",\"@id\":\"https:\/\/www2.scholastic.ca\/bookfairs\/des-offres-dune-duree-limitee\/#breadcrumb\",\"itemListElement\":[{\"@type\":\"ListItem\",\"position\":1,\"name\":\"Home\",\"item\":\"https:\/\/www2.scholastic.ca\/bookfairs\/\"},{\"@type\":\"ListItem\",\"position\":2,\"name\":\"Des offres d\u2019une dur\u00e9e limit\u00e9e\"}]},{\"@type\":\"WebSite\",\"@id\":\"https:\/\/www2.scholastic.ca\/bookfairs\/#website\",\"url\":\"https:\/\/www2.scholastic.ca\/bookfairs\/\",\"name\":\"Scholastic Canada Book Fairs\",\"description\":\"\",\"potentialAction\":[{\"@type\":\"SearchAction\",\"target\":{\"@type\":\"EntryPoint\",\"urlTemplate\":\"https:\/\/www2.scholastic.ca\/bookfairs\/?s={search_term_string}\"},\"query-input\":{\"@type\":\"PropertyValueSpecification\",\"valueRequired\":true,\"valueName\":\"search_term_string\"}}],\"inLanguage\":\"en-US\"}]}<\/script>\n<!-- \/ Yoast SEO plugin. -->","yoast_head_json":{"title":"Des offres d\u2019une dur\u00e9e limit\u00e9e | Scholastic Canada Book Fairs","robots":{"index":"index","follow":"follow","max-snippet":"max-snippet:-1","max-image-preview":"max-image-preview:large","max-video-preview":"max-video-preview:-1"},"canonical":"https:\/\/www2.scholastic.ca\/bookfairs\/des-offres-dune-duree-limitee\/","og_locale":"en_US","og_type":"article","og_title":"Des offres d\u2019une dur\u00e9e limit\u00e9e | Scholastic Canada Book Fairs","og_url":"https:\/\/www2.scholastic.ca\/bookfairs\/des-offres-dune-duree-limitee\/","og_site_name":"Scholastic Canada Book Fairs","article_modified_time":"2026-04-24T19:48:38+00:00","twitter_card":"summary_large_image","schema":{"@context":"https:\/\/schema.org","@graph":[{"@type":"WebPage","@id":"https:\/\/www2.scholastic.ca\/bookfairs\/des-offres-dune-duree-limitee\/","url":"https:\/\/www2.scholastic.ca\/bookfairs\/des-offres-dune-duree-limitee\/","name":"Des offres d\u2019une dur\u00e9e limit\u00e9e | Scholastic Canada Book Fairs","isPartOf":{"@id":"https:\/\/www2.scholastic.ca\/bookfairs\/#website"},"datePublished":"2024-07-04T14:14:50+00:00","dateModified":"2026-04-24T19:48:38+00:00","breadcrumb":{"@id":"https:\/\/www2.scholastic.ca\/bookfairs\/des-offres-dune-duree-limitee\/#breadcrumb"},"inLanguage":"en-US","potentialAction":[{"@type":"ReadAction","target":["https:\/\/www2.scholastic.ca\/bookfairs\/des-offres-dune-duree-limitee\/"]}]},{"@type":"BreadcrumbList","@id":"https:\/\/www2.scholastic.ca\/bookfairs\/des-offres-dune-duree-limitee\/#breadcrumb","itemListElement":[{"@type":"ListItem","position":1,"name":"Home","item":"https:\/\/www2.scholastic.ca\/bookfairs\/"},{"@type":"ListItem","position":2,"name":"Des offres d\u2019une dur\u00e9e limit\u00e9e"}]},{"@type":"WebSite","@id":"https:\/\/www2.scholastic.ca\/bookfairs\/#website","url":"https:\/\/www2.scholastic.ca\/bookfairs\/","name":"Scholastic Canada Book Fairs","description":"","potentialAction":[{"@type":"SearchAction","target":{"@type":"EntryPoint","urlTemplate":"https:\/\/www2.scholastic.ca\/bookfairs\/?s={search_term_string}"},"query-input":{"@type":"PropertyValueSpecification","valueRequired":true,"valueName":"search_term_string"}}],"inLanguage":"en-US"}]}},"_links":{"self":[{"href":"https:\/\/www2.scholastic.ca\/bookfairs\/wp-json\/wp\/v2\/pages\/2840","targetHints":{"allow":["GET"]}}],"collection":[{"href":"https:\/\/www2.scholastic.ca\/bookfairs\/wp-json\/wp\/v2\/pages"}],"about":[{"href":"https:\/\/www2.scholastic.ca\/bookfairs\/wp-json\/wp\/v2\/types\/page"}],"author":[{"embeddable":true,"href":"https:\/\/www2.scholastic.ca\/bookfairs\/wp-json\/wp\/v2\/users\/3"}],"replies":[{"embeddable":true,"href":"https:\/\/www2.scholastic.ca\/bookfairs\/wp-json\/wp\/v2\/comments?post=2840"}],"version-history":[{"count":0,"href":"https:\/\/www2.scholastic.ca\/bookfairs\/wp-json\/wp\/v2\/pages\/2840\/revisions"}],"wp:attachment":[{"href":"https:\/\/www2.scholastic.ca\/bookfairs\/wp-json\/wp\/v2\/media?parent=2840"}],"curies":[{"name":"wp","href":"https:\/\/api.w.org\/{rel}","templated":true}]}}