{"id":2697,"date":"2024-06-23T19:03:43","date_gmt":"2024-06-23T19:03:43","guid":{"rendered":"https:\/\/www2.scholastic.ca\/bookfairs\/?page_id=2697"},"modified":"2026-04-15T14:32:52","modified_gmt":"2026-04-15T14:32:52","slug":"festival","status":"publish","type":"page","link":"https:\/\/www2.scholastic.ca\/bookfairs\/festival\/","title":{"rendered":"Accueil"},"content":{"rendered":"<div  class=\"container-fluid block_textwithimage\">\n\t<div class=\"bg-none mt-5 pb-5 container-fluid\">\n\t\t<div class=\"container\">\n\t\t\t\t\t\t<div class=\"my-5 my-lg-2 d-flex justify-content-center align-items-center flex-wrap flex-lg-nowrap flex-column flex-md-row\">\n\t\t\t\t\t\t\t<div class=\"col-md-6 text-center order-md-1 pe-lg-5 order-sm-1 pe-sm-4\">\n\t\t\t\t\t\t\t\t\t\t<img decoding=\"async\" src=\"https:\/\/www2.scholastic.ca\/bookfairs\/wp-content\/uploads\/sites\/4\/2024\/08\/HH_HB10_feature-5_1_70.jpg\" alt=\"\" class=\"img-fluid\" \/>\n\t\t\t\t<\/div>\n\t\t\t\t<div class=\"col-md-6 align-items-center d-flex order-md-2 order-sm-2\">\n\t\t\t\t\t<div class=\"col\">\n\t\t\t\t\t\t\t\t\t\t\t\t<h2 class=\"mt-4 mt-md-0\"><span>Pourquoi organiser un Festival du Livre?<\/span><\/h2>\n\t\t\t\t\t\t<p><span style=\"font-weight: 400\">Gr\u00e2ce \u00e0 des options simples et s\u00e9curitaires, toutes les \u00e9coles peuvent organiser un Festival et obtenir des dollars Scholastic qui b\u00e9n\u00e9ficieront directement aux \u00e9l\u00e8ves.<\/span><\/p>\n\t\t\t\t\t\t\t\t\t\t\t\t\t<a href=\"https:\/\/www2.scholastic.ca\/bookfairs\/pourquoi-festival-du-livre\/\"  class=\"btn btn-outline-primary rounded-pill\" onclick=\"schcaTrackingEvent('French', 'Accueil', 'Pourquoi organiser un Festival du Livre?: En savoir plus');\">En savoir plus<\/a>\n\t\t\t\t\t\t\t\t\t\t\t<\/div>\n\t\t\t\t<\/div>\n\t\t\t<\/div>\n\t\t<\/div>\n\t<\/div>\n<\/div>\n\n<div  class=\"container-fluid block_threecolumncontent\">\n\t<div class=\"bg-none mt-5 pb-5 container-fluid\">\n\t\t<div class=\"container\">\n\t\t\t<div class=\"row\">\n\t\t\t\t<div class=\"col text-center\">\n\t\t\t\t\t\t\t\t\t\t<h2 class=\"fs-2 mt-0\"><span>Ressources pour les responsables du Festival<\/span><\/h2>\n\t\t\t\t\t\t\t\t\t<\/div>\n\t\t\t<\/div>\n\t\t\t<div class=\"row  justify-content-center\">\n\t\t\t\t\t\t\t\t\t\n\t\t\t\t\t\t\t<div class=\"col-lg-4 col-md-6 col-12 px-4 mt-5 block_threecolumncontentcol\">\n\t\t\t\t\t\t\t\t<div class=\"block_threecolumncontentcol-inner   align-items-start d-flex flex-column justify-content-start text-start \">\n\t\t\t\t\t\t\t\t\t\t\t\t\t\t\t\t\t\t\n\t\t\t\t\t\t\t\t\t<div class=\"block_threecolumncontentcol-inner-maininfo\">\n\t\t\t\t\t\t\t\t\t\t\t\t\t\t\t\t\t\t\t\t<div class=\"block_threecolumncontentcol-image-container mb-3\">\n\t\t\t\t\t\t\t\t\t\t\t<div class=\"block_threecolumncontentcol-image\">\n\t\t\t\t\t\t\t\t\t\t\t\t\t\t\t\t\t\t\t\t\t\t\t\t<a href=\"https:\/\/bookfairs.scholastic.ca\/login\/fr\" target=\"_blank\">\n\t\t\t\t\t\t\t\t\t\t\t\t\t\t\t\t\t\t\t\t\t\t\t\t<img decoding=\"async\" class=\"block_threecolumncontentcol-img\" src=\"https:\/\/www2.scholastic.ca\/bookfairs\/wp-content\/uploads\/sites\/4\/2023\/08\/sd10-1@2x-1-2-e1692308224208.jpeg\" alt=\"Le portail du Festival du Livre - Connexion au portail\" style=\"\">\n\t\t\t\t\t\t\t\t\t\t\t\t\t\t\t\t\t\t\t\t\t\t\t\t<\/a>\n\t\t\t\t\t\t\t\t\t\t\t\t\t\t\t\t\t\t\t\t\t\t\t<\/div>\n\t\t\t\t\t\t\t\t\t\t<\/div>\n\t\t\t\t\t\t\t\t\t\t\t\t\t\t\t\t\t\t\t\t\t\t\t\t\t\t\t\t\t\t<h3 class=\"block_threecolumncontent-heading fs-5\" style=\"\">Le portail du Festival du Livre<\/h3>\n\t\t\t\t\t\t\t\t\t\t<p>Par l\u2019interm\u00e9diaire du portail du Festival du Livre, une ressource pratique pour l\u2019organisation d\u2019un Festival, nos responsables ont acc\u00e8s \u00e0 des guides \u00e9tape par \u00e9tape qui les aideront d\u2019abord \u00e0 organiser leur Festival puis \u00e0 rapporte leurs ventes.<\/p>\n\t\t\t\t\t\t\t\t\t<\/div>\n\t\t\t\t\t\t\t\t\t<div class=\"block_threecolumncontentcol-inner-buttons d-flex flex-column\">\n\t\t\t\t\t\t\t\t\t\t\t\t\t\t\t\t\t\t\t\t\t<a href=\"https:\/\/bookfairs.scholastic.ca\/login\/fr\" target=\"_blank\" class=\"link-primary\" onclick=\"schcaTrackingEvent('French', 'Accueil', 'Le portail du Festival du Livre: Connexion au portail');\">Connexion au portail <i class=\"fa-solid fa-arrow-up-right-from-square\"><\/i><\/a>\n\t\t\t\t\t\t\t\t\t\t\t\t\t\t\t\t\t\t\t\t\n\t\t\t\t\t\t\t\t\t\t\t\t\t\t\t\t\t\t\t<\/div>\n\t\t\t\t\t\t\t\t<\/div>\n\t\t\t\t\t\t\t<\/div>\n\t\t\t\t\t\t\t\t\t\n\t\t\t\t\t\t\t<div class=\"col-lg-4 col-md-6 col-12 px-4 mt-5 block_threecolumncontentcol\">\n\t\t\t\t\t\t\t\t<div class=\"block_threecolumncontentcol-inner   align-items-start d-flex flex-column justify-content-start text-start \">\n\t\t\t\t\t\t\t\t\t\t\t\t\t\t\t\t\t\t\n\t\t\t\t\t\t\t\t\t<div class=\"block_threecolumncontentcol-inner-maininfo\">\n\t\t\t\t\t\t\t\t\t\t\t\t\t\t\t\t\t\t\t\t<div class=\"block_threecolumncontentcol-image-container mb-3\">\n\t\t\t\t\t\t\t\t\t\t\t<div class=\"block_threecolumncontentcol-image\">\n\t\t\t\t\t\t\t\t\t\t\t\t\t\t\t\t\t\t\t\t\t\t\t\t<a href=\"https:\/\/www2.scholastic.ca\/bookfairs\/info-festival\/\" >\n\t\t\t\t\t\t\t\t\t\t\t\t\t\t\t\t\t\t\t\t\t\t\t\t<img decoding=\"async\" class=\"block_threecolumncontentcol-img\" src=\"https:\/\/www2.scholastic.ca\/bookfairs\/wp-content\/uploads\/sites\/4\/2024\/08\/HD10-32x_2_cropped.jpg\" alt=\"La section Info-Festival - En savoir plus\" style=\"\">\n\t\t\t\t\t\t\t\t\t\t\t\t\t\t\t\t\t\t\t\t\t\t\t\t<\/a>\n\t\t\t\t\t\t\t\t\t\t\t\t\t\t\t\t\t\t\t\t\t\t\t<\/div>\n\t\t\t\t\t\t\t\t\t\t<\/div>\n\t\t\t\t\t\t\t\t\t\t\t\t\t\t\t\t\t\t\t\t\t\t\t\t\t\t\t\t\t\t<h3 class=\"block_threecolumncontent-heading fs-5\" style=\"\">La section Info-Festival<\/h3>\n\t\t\t\t\t\t\t\t\t\t<p>Toutes les informations relatives au Festival \u00e0 un seul endroit : c\u2019est ce que vous trouverez dans la section Info-Festival. Naviguez par sujet et consultez des guides pratiques.<\/p>\n\t\t\t\t\t\t\t\t\t<\/div>\n\t\t\t\t\t\t\t\t\t<div class=\"block_threecolumncontentcol-inner-buttons d-flex flex-column\">\n\t\t\t\t\t\t\t\t\t\t\t\t\t\t\t\t\t\t\t\t\t<a href=\"https:\/\/www2.scholastic.ca\/bookfairs\/info-festival\/\"  class=\"link-primary\" onclick=\"schcaTrackingEvent('French', 'Accueil', 'La section Info-Festival: En savoir plus');\">En savoir plus <i class=\"fa-solid fa-arrow-right-long\"><\/i><\/a>\n\t\t\t\t\t\t\t\t\t\t\t\t\t\t\t\t\t\t\t\t\n\t\t\t\t\t\t\t\t\t\t\t\t\t\t\t\t\t\t\t<\/div>\n\t\t\t\t\t\t\t\t<\/div>\n\t\t\t\t\t\t\t<\/div>\n\t\t\t\t\t\t\t<\/div>\n\t\t<\/div>\n\t<\/div>\n<\/div>\n\n<div id=\"Rewards\" class=\"container-fluid block_textwithimage\">\n\t<div class=\"bg-none mt-5 pb-5 container-fluid\">\n\t\t<div class=\"container\">\n\t\t\t\t\t\t<div class=\"my-5 my-lg-2 d-flex justify-content-center align-items-center flex-wrap flex-lg-nowrap flex-column flex-md-row\">\n\t\t\t\t\t\t\t<div class=\"col-md-6 text-center order-md-2 ps-lg-5 order-sm-1 ps-sm-4\">\n\t\t\t\t\t\t\t\t\t\t<img decoding=\"async\" src=\"https:\/\/www2.scholastic.ca\/bookfairs\/wp-content\/uploads\/sites\/4\/2023\/08\/teacher1.png\" alt=\"\" class=\"img-fluid\" \/>\n\t\t\t\t<\/div>\n\t\t\t\t<div class=\"col-md-6 align-items-center d-flex order-md-1 order-sm-2\">\n\t\t\t\t\t<div class=\"col\">\n\t\t\t\t\t\t\t\t\t\t\t\t<h2 class=\"mt-4 mt-md-0\"><span>Vous obtenez plus avec Scholastic<\/span><\/h2>\n\t\t\t\t\t\t<p><span style=\"font-weight: 400\">Rendre \u00e0 la classe ses efforts est aussi essentiel \u00e0 notre mission que de donner \u00e0 chaque enfant la chance de trouver un livre qu\u2019il ou elle aime. En organisant un Festival du Livre Scholastic, vous obtenez des dollars Scholastic que votre \u00e9cole utilisera pour cette saison et les ann\u00e9es \u00e0 venir.<\/span><\/p>\n<p><span style=\"font-weight: 400\">Utilisez les dollars Scholastic du Festival du Livre pour vous procurer du mat\u00e9riel et des ressources pour vos classes, du mat\u00e9riel promotionnel et, bien s\u00fbr, encore plus de livres!<\/span><\/p>\n\t\t\t\t\t\t\t\t\t\t\t\t\t<a href=\"https:\/\/www2.scholastic.ca\/bookfairs\/info-festival-dollars-scholastic\/\"  class=\"btn btn-outline-primary rounded-pill\" onclick=\"schcaTrackingEvent('French', 'Accueil', 'Vous obtenez plus avec Scholastic: En savoir plus');\">En savoir plus<\/a>\n\t\t\t\t\t\t\t\t\t\t\t<\/div>\n\t\t\t\t<\/div>\n\t\t\t<\/div>\n\t\t<\/div>\n\t<\/div>\n<\/div>\n\n<div  class=\"container-fluid block_textwithimage\">\n\t<div class=\"bg-colour7  bg-border-wave-bottom2 container-fluid\">\n\t\t<div class=\"container\">\n\t\t\t\t\t\t<div class=\"my-5 my-lg-2 d-flex justify-content-center align-items-center flex-wrap flex-lg-nowrap flex-column flex-md-row\">\n\t\t\t\t\t\t\t<div class=\"col-md-6 text-center order-md-1 pe-lg-5 order-sm-1 pe-sm-4\">\n\t\t\t\t\t\t\t\t\t\t<img decoding=\"async\" src=\"https:\/\/www2.scholastic.ca\/bookfairs\/wp-content\/uploads\/sites\/4\/2025\/08\/Booklist_Asset_F25_FR-1024x683.png\" alt=\"\" class=\"img-fluid\" \/>\n\t\t\t\t<\/div>\n\t\t\t\t<div class=\"col-md-6 align-items-center d-flex order-md-2 order-sm-2\">\n\t\t\t\t\t<div class=\"col\">\n\t\t\t\t\t\t\t\t\t\t\t\t<h2 class=\"mt-4 mt-md-0\"><span>D\u00e9couvrez les livres<\/span><\/h2>\n\t\t\t\t\t\t<p><span style=\"font-weight: 400\">Lors d\u2019un Festival, les \u00e9l\u00e8ves sont certain\u00b7es de rencontrer leurs personnages pr\u00e9f\u00e9r\u00e9s. D\u00e9couvrez les meilleures nouveaut\u00e9s de la saison et suscitez l\u2019enthousiasme des enfants pour le Festival du Livre!<\/span><\/p>\n\t\t\t\t\t\t\t\t\t\t\t\t\t<a href=\"https:\/\/www2.scholastic.ca\/bookfairs\/livres-en-vedette\/\"  class=\"btn btn-outline-primary rounded-pill\" onclick=\"schcaTrackingEvent('French', 'Accueil', 'D\u00e9couvrez les livres: D\u00e9couvrez les livres');\">D\u00e9couvrez les livres<\/a>\n\t\t\t\t\t\t\t\t\t\t\t<\/div>\n\t\t\t\t<\/div>\n\t\t\t<\/div>\n\t\t<\/div>\n\t<\/div>\n<\/div>\n\n<div  class=\"container-fluid block_textwithimage\">\n\t<div class=\"bg-none mt-5 pb-5 container-fluid\">\n\t\t<div class=\"container\">\n\t\t\t\t\t\t<div class=\"my-5 my-lg-2 d-flex justify-content-center align-items-center flex-wrap flex-lg-nowrap flex-column flex-md-row\">\n\t\t\t\t\t\t\t<div class=\"col-md-6 text-center order-md-2 ps-lg-5 order-sm-1 ps-sm-4\">\n\t\t\t\t\t\t\t\t\t\t<img decoding=\"async\" src=\"https:\/\/www2.scholastic.ca\/bookfairs\/wp-content\/uploads\/sites\/4\/2024\/04\/kidswithbooks1.png\" alt=\"\" class=\"img-fluid\" \/>\n\t\t\t\t<\/div>\n\t\t\t\t<div class=\"col-md-6 align-items-center d-flex order-md-1 order-sm-2\">\n\t\t\t\t\t<div class=\"col\">\n\t\t\t\t\t\t\t\t\t\t\t\t<h2 class=\"mt-4 mt-md-0\"><span>Comment \u00eatre un parent du Festival du Livre<\/span><\/h2>\n\t\t\t\t\t\t<p><span style=\"font-weight: 400\">Le Festival du Livre Scholastic donne aux enfants, aux parents, aux enseignant\u00b7es et \u00e0 toute la communaut\u00e9 l\u2019occasion de se r\u00e9unir pour c\u00e9l\u00e9brer non seulement le plaisir de la lecture, mais aussi celui de rendre \u00e0 la classe ses efforts. En achetant des livres qu\u2019il ou elle aime, votre enfant permet \u00e0 son \u00e9cole d\u2019obtenir des dollars Scholastic \u00e0 utiliser pour acheter plus de livres et am\u00e9liorer les salles de classe. Tirons le meilleur parti de la journ\u00e9e pr\u00e9f\u00e9r\u00e9e de votre enfant!<\/span><\/p>\n\t\t\t\t\t\t\t\t\t\t\t\t\t<a href=\"https:\/\/www2.scholastic.ca\/bookfairs\/parents-et-familles\/\"  class=\"btn btn-outline-primary rounded-pill\" onclick=\"schcaTrackingEvent('French', 'Accueil', 'Comment \u00eatre un parent du Festival du Livre: En savoir plus');\">En savoir plus<\/a>\n\t\t\t\t\t\t\t\t\t\t\t<\/div>\n\t\t\t\t<\/div>\n\t\t\t<\/div>\n\t\t<\/div>\n\t<\/div>\n<\/div>","protected":false},"excerpt":{"rendered":"","protected":false},"author":3,"featured_media":0,"parent":0,"menu_order":0,"comment_status":"closed","ping_status":"closed","template":"page-bf-home","meta":{"_acf_changed":true,"footnotes":""},"class_list":["post-2697","page","type-page","status-publish","hentry"],"acf":[],"yoast_head":"<!-- This site is optimized with the Yoast SEO plugin v26.6 - https:\/\/yoast.com\/wordpress\/plugins\/seo\/ -->\n<title>Scholastic Canada Book Fairs<\/title>\n<meta name=\"description\" content=\"Stories create connections and tie us together wherever we are. Scholastic Book Fairs empower kids to find the stories that speak to them.\" \/>\n<meta name=\"robots\" content=\"index, follow, max-snippet:-1, max-image-preview:large, max-video-preview:-1\" \/>\n<link rel=\"canonical\" href=\"https:\/\/www2.scholastic.ca\/bookfairs\/festival\/\" \/>\n<meta property=\"og:locale\" content=\"en_US\" \/>\n<meta property=\"og:type\" content=\"article\" \/>\n<meta property=\"og:title\" content=\"Scholastic Canada Book Fairs\" \/>\n<meta property=\"og:description\" content=\"Stories create connections and tie us together wherever we are. Scholastic Book Fairs empower kids to find the stories that speak to them.\" \/>\n<meta property=\"og:url\" content=\"https:\/\/www2.scholastic.ca\/bookfairs\/festival\/\" \/>\n<meta property=\"og:site_name\" content=\"Scholastic Canada Book Fairs\" \/>\n<meta property=\"article:modified_time\" content=\"2026-04-15T14:32:52+00:00\" \/>\n<meta name=\"twitter:card\" content=\"summary_large_image\" \/>\n<script type=\"application\/ld+json\" class=\"yoast-schema-graph\">{\"@context\":\"https:\/\/schema.org\",\"@graph\":[{\"@type\":\"WebPage\",\"@id\":\"https:\/\/www2.scholastic.ca\/bookfairs\/festival\/\",\"url\":\"https:\/\/www2.scholastic.ca\/bookfairs\/festival\/\",\"name\":\"Scholastic Canada Book Fairs\",\"isPartOf\":{\"@id\":\"https:\/\/www2.scholastic.ca\/bookfairs\/#website\"},\"datePublished\":\"2024-06-23T19:03:43+00:00\",\"dateModified\":\"2026-04-15T14:32:52+00:00\",\"description\":\"Stories create connections and tie us together wherever we are. Scholastic Book Fairs empower kids to find the stories that speak to them.\",\"breadcrumb\":{\"@id\":\"https:\/\/www2.scholastic.ca\/bookfairs\/festival\/#breadcrumb\"},\"inLanguage\":\"en-US\",\"potentialAction\":[{\"@type\":\"ReadAction\",\"target\":[\"https:\/\/www2.scholastic.ca\/bookfairs\/festival\/\"]}]},{\"@type\":\"BreadcrumbList\",\"@id\":\"https:\/\/www2.scholastic.ca\/bookfairs\/festival\/#breadcrumb\",\"itemListElement\":[{\"@type\":\"ListItem\",\"position\":1,\"name\":\"Home\",\"item\":\"https:\/\/www2.scholastic.ca\/bookfairs\/\"},{\"@type\":\"ListItem\",\"position\":2,\"name\":\"Accueil\"}]},{\"@type\":\"WebSite\",\"@id\":\"https:\/\/www2.scholastic.ca\/bookfairs\/#website\",\"url\":\"https:\/\/www2.scholastic.ca\/bookfairs\/\",\"name\":\"Scholastic Canada Book Fairs\",\"description\":\"\",\"potentialAction\":[{\"@type\":\"SearchAction\",\"target\":{\"@type\":\"EntryPoint\",\"urlTemplate\":\"https:\/\/www2.scholastic.ca\/bookfairs\/?s={search_term_string}\"},\"query-input\":{\"@type\":\"PropertyValueSpecification\",\"valueRequired\":true,\"valueName\":\"search_term_string\"}}],\"inLanguage\":\"en-US\"}]}<\/script>\n<!-- \/ Yoast SEO plugin. -->","yoast_head_json":{"title":"Scholastic Canada Book Fairs","description":"Stories create connections and tie us together wherever we are. Scholastic Book Fairs empower kids to find the stories that speak to them.","robots":{"index":"index","follow":"follow","max-snippet":"max-snippet:-1","max-image-preview":"max-image-preview:large","max-video-preview":"max-video-preview:-1"},"canonical":"https:\/\/www2.scholastic.ca\/bookfairs\/festival\/","og_locale":"en_US","og_type":"article","og_title":"Scholastic Canada Book Fairs","og_description":"Stories create connections and tie us together wherever we are. Scholastic Book Fairs empower kids to find the stories that speak to them.","og_url":"https:\/\/www2.scholastic.ca\/bookfairs\/festival\/","og_site_name":"Scholastic Canada Book Fairs","article_modified_time":"2026-04-15T14:32:52+00:00","twitter_card":"summary_large_image","schema":{"@context":"https:\/\/schema.org","@graph":[{"@type":"WebPage","@id":"https:\/\/www2.scholastic.ca\/bookfairs\/festival\/","url":"https:\/\/www2.scholastic.ca\/bookfairs\/festival\/","name":"Scholastic Canada Book Fairs","isPartOf":{"@id":"https:\/\/www2.scholastic.ca\/bookfairs\/#website"},"datePublished":"2024-06-23T19:03:43+00:00","dateModified":"2026-04-15T14:32:52+00:00","description":"Stories create connections and tie us together wherever we are. Scholastic Book Fairs empower kids to find the stories that speak to them.","breadcrumb":{"@id":"https:\/\/www2.scholastic.ca\/bookfairs\/festival\/#breadcrumb"},"inLanguage":"en-US","potentialAction":[{"@type":"ReadAction","target":["https:\/\/www2.scholastic.ca\/bookfairs\/festival\/"]}]},{"@type":"BreadcrumbList","@id":"https:\/\/www2.scholastic.ca\/bookfairs\/festival\/#breadcrumb","itemListElement":[{"@type":"ListItem","position":1,"name":"Home","item":"https:\/\/www2.scholastic.ca\/bookfairs\/"},{"@type":"ListItem","position":2,"name":"Accueil"}]},{"@type":"WebSite","@id":"https:\/\/www2.scholastic.ca\/bookfairs\/#website","url":"https:\/\/www2.scholastic.ca\/bookfairs\/","name":"Scholastic Canada Book Fairs","description":"","potentialAction":[{"@type":"SearchAction","target":{"@type":"EntryPoint","urlTemplate":"https:\/\/www2.scholastic.ca\/bookfairs\/?s={search_term_string}"},"query-input":{"@type":"PropertyValueSpecification","valueRequired":true,"valueName":"search_term_string"}}],"inLanguage":"en-US"}]}},"_links":{"self":[{"href":"https:\/\/www2.scholastic.ca\/bookfairs\/wp-json\/wp\/v2\/pages\/2697","targetHints":{"allow":["GET"]}}],"collection":[{"href":"https:\/\/www2.scholastic.ca\/bookfairs\/wp-json\/wp\/v2\/pages"}],"about":[{"href":"https:\/\/www2.scholastic.ca\/bookfairs\/wp-json\/wp\/v2\/types\/page"}],"author":[{"embeddable":true,"href":"https:\/\/www2.scholastic.ca\/bookfairs\/wp-json\/wp\/v2\/users\/3"}],"replies":[{"embeddable":true,"href":"https:\/\/www2.scholastic.ca\/bookfairs\/wp-json\/wp\/v2\/comments?post=2697"}],"version-history":[{"count":0,"href":"https:\/\/www2.scholastic.ca\/bookfairs\/wp-json\/wp\/v2\/pages\/2697\/revisions"}],"wp:attachment":[{"href":"https:\/\/www2.scholastic.ca\/bookfairs\/wp-json\/wp\/v2\/media?parent=2697"}],"curies":[{"name":"wp","href":"https:\/\/api.w.org\/{rel}","templated":true}]}}