{"id":2686,"date":"2024-06-23T18:48:10","date_gmt":"2024-06-23T18:48:10","guid":{"rendered":"https:\/\/www2.scholastic.ca\/bookfairs\/?page_id=2686"},"modified":"2024-08-29T17:09:47","modified_gmt":"2024-08-29T17:09:47","slug":"ce-qui-est-inclus-dans-votre-festival-du-livre-scholastic","status":"publish","type":"page","link":"https:\/\/www2.scholastic.ca\/bookfairs\/ce-qui-est-inclus-dans-votre-festival-du-livre-scholastic\/","title":{"rendered":"Un Festival qui plaira aux enfants\u2026 et dont vous vous souviendrez longtemps!"},"content":{"rendered":"<div  class=\"container-fluid block_text\">\n\t<div class=\"bg-none mt-5 pb-5 container-fluid\">\n\t\t<div class=\"container\">\n\t\t\t<div class=\"col pb-2 text-center\">\n\t\t\t\t\t\t\t\t<h2 class=\"d-block mt-0\"><span>Ce qui est inclus dans votre Festival du Livre Scholastic :<\/span><\/h2>\n\t\t\t\t\t\t\t\t\t\t\t<\/div>\n\t\t<\/div>\n\t<\/div>\n<\/div>\n\n<div  class=\"container-fluid block_textwithimage\">\n\t<div class=\"bg-none mt-5 pb-5 container-fluid\">\n\t\t<div class=\"container\">\n\t\t\t\t\t\t<div class=\"my-5 my-lg-2 d-flex justify-content-center align-items-center flex-wrap flex-lg-nowrap flex-column flex-md-row\">\n\t\t\t\t\t\t\t<div class=\"col-md-6 text-center order-md-1 pe-lg-5 order-sm-1 pe-sm-4\">\n\t\t\t\t\t\t\t\t\t\t<img decoding=\"async\" src=\"https:\/\/www2.scholastic.ca\/bookfairs\/wp-content\/uploads\/sites\/4\/2023\/10\/whatisafair-f22-mod-4-foreground@2x.jpeg\" alt=\"\" class=\"img-fluid\" \/>\n\t\t\t\t<\/div>\n\t\t\t\t<div class=\"col-md-6 align-items-center d-flex order-md-2 order-sm-2\">\n\t\t\t\t\t<div class=\"col\">\n\t\t\t\t\t\t\t\t\t\t\t\t<h2 class=\"mt-4 mt-md-0\"><span>Des livres, des livres et encore des livres<\/span><\/h2>\n\t\t\t\t\t\t<div class=\"heading title heading--f heading--500 mobile-center-align aem-GridColumn--default--none aem-GridColumn--offset--xs--0 aem-GridColumn aem-GridColumn--xs--none aem-GridColumn--offset--default--0 aem-GridColumn--xs--23 aem-GridColumn--default--15\">\n<div class=\"cmp-title\">\n<p><span style=\"font-weight: 400\">Scholastic vous livrera une grande s\u00e9lection de livres dans des caisses ou des bo\u00eetes solides et s\u00e9curitaires que vous pourrez installer presque partout.<\/span><\/p>\n<\/div>\n<\/div>\n\t\t\t\t\t\t\t\t\t\t\t<\/div>\n\t\t\t\t<\/div>\n\t\t\t<\/div>\n\t\t<\/div>\n\t<\/div>\n<\/div>\n\n<div  class=\"container-fluid block_textwithimage\">\n\t<div class=\"bg-none mt-5 pb-5 container-fluid\">\n\t\t<div class=\"container\">\n\t\t\t\t\t\t<div class=\"my-5 my-lg-2 d-flex justify-content-center align-items-center flex-wrap flex-lg-nowrap flex-column flex-md-row\">\n\t\t\t\t\t\t\t<div class=\"col-md-6 text-center order-md-2 ps-lg-5 order-sm-1 ps-sm-4\">\n\t\t\t\t\t\t\t\t\t\t<img decoding=\"async\" src=\"https:\/\/www2.scholastic.ca\/bookfairs\/wp-content\/uploads\/sites\/4\/2024\/03\/HD10-22x_1_80.webp\" alt=\"\" class=\"img-fluid\" \/>\n\t\t\t\t<\/div>\n\t\t\t\t<div class=\"col-md-6 align-items-center d-flex order-md-1 order-sm-2\">\n\t\t\t\t\t<div class=\"col\">\n\t\t\t\t\t\t\t\t\t\t\t\t<h2 class=\"mt-4 mt-md-0\"><span>La Trousse de d\u00e9marrage du Festival du Livre<\/span><\/h2>\n\t\t\t\t\t\t<div class=\"heading title heading--f heading--500 mobile-center-align aem-GridColumn--default--none aem-GridColumn--offset--xs--0 aem-GridColumn aem-GridColumn--xs--none aem-GridColumn--offset--default--0 aem-GridColumn--xs--23 aem-GridColumn--default--15\">\n<div class=\"cmp-title\">\n<p><span style=\"font-weight: 400\">Vous recevrez une trousse de d\u00e9marrage remplie de mat\u00e9riel utile : des listes de livres, des affiches pour les couloirs, et bien d\u2019autres choses encore qui vous aideront \u00e0 vous pr\u00e9parer pour le grand jour.<\/span><\/p>\n<\/div>\n<\/div>\n\t\t\t\t\t\t\t\t\t\t\t<\/div>\n\t\t\t\t<\/div>\n\t\t\t<\/div>\n\t\t<\/div>\n\t<\/div>\n<\/div>\n\n<div  class=\"container-fluid block_textwithimage\">\n\t<div class=\"bg-none mt-5 pb-5 container-fluid\">\n\t\t<div class=\"container\">\n\t\t\t\t\t\t<div class=\"my-5 my-lg-2 d-flex justify-content-center align-items-center flex-wrap flex-lg-nowrap flex-column flex-md-row\">\n\t\t\t\t\t\t\t<div class=\"col-md-6 text-center order-md-1 pe-lg-5 order-sm-1 pe-sm-4\">\n\t\t\t\t\t\t\t\t\t\t<img decoding=\"async\" src=\"https:\/\/www2.scholastic.ca\/bookfairs\/wp-content\/uploads\/sites\/4\/2024\/07\/FDL-Learning-Lab_tablet.png\" alt=\"\" class=\"img-fluid\" \/>\n\t\t\t\t<\/div>\n\t\t\t\t<div class=\"col-md-6 align-items-center d-flex order-md-2 order-sm-2\">\n\t\t\t\t\t<div class=\"col\">\n\t\t\t\t\t\t\t\t\t\t\t\t<h2 class=\"mt-4 mt-md-0\"><span>Tout ce dont vous avez besoin pour r\u00e9ussir<\/span><\/h2>\n\t\t\t\t\t\t<div class=\"heading title heading--f heading--500 mobile-center-align aem-GridColumn--default--none aem-GridColumn--offset--xs--0 aem-GridColumn aem-GridColumn--xs--none aem-GridColumn--offset--default--0 aem-GridColumn--xs--23 aem-GridColumn--default--15\">\n<div class=\"cmp-title\">\n<p>Gr\u00e2ce au <a href=\"https:\/\/bookfairs.scholastic.ca\/login\/fr\" target=\"_blank\" rel=\"noopener\">portail du Festival du Livre<\/a>, vous avez tout le soutien n\u00e9cessaire pour g\u00e9rer votre Festival. Vous pouvez \u00e9galement acc\u00e9der aux ressources pr\u00eates \u00e0 l\u2019emploi de la section <a href=\"https:\/\/www2.scholastic.ca\/bookfairs\/info-festival\/\"><u>Info-Festival<\/u><\/a> pour planifier et promouvoir votre Festival, et communiquer avec notre \u00e9quipe d\u2019expert\u00b7es, qui pourront r\u00e9pondre \u00e0 vos questions.<\/p>\n<p>&nbsp;<\/p>\n<\/div>\n<\/div>\n\t\t\t\t\t\t\t\t\t\t\t<\/div>\n\t\t\t\t<\/div>\n\t\t\t<\/div>\n\t\t<\/div>\n\t<\/div>\n<\/div>\n\n<div  class=\"container-fluid block_textwithimage\">\n\t<div class=\"bg-none mt-5 pb-5 container-fluid\">\n\t\t<div class=\"container\">\n\t\t\t\t\t\t<div class=\"my-5 my-lg-2 d-flex justify-content-center align-items-center flex-wrap flex-lg-nowrap flex-column flex-md-row\">\n\t\t\t\t\t\t\t<div class=\"col-md-6 text-center order-md-2 ps-lg-5 order-sm-1 ps-sm-4\">\n\t\t\t\t\t\t\t\t\t\t<img decoding=\"async\" src=\"https:\/\/www2.scholastic.ca\/bookfairs\/wp-content\/uploads\/sites\/4\/2024\/06\/scaletta-8994-2-1024x1024-1.jpg\" alt=\"\" class=\"img-fluid\" \/>\n\t\t\t\t<\/div>\n\t\t\t\t<div class=\"col-md-6 align-items-center d-flex order-md-1 order-sm-2\">\n\t\t\t\t\t<div class=\"col\">\n\t\t\t\t\t\t\t\t\t\t\t\t<h2 class=\"mt-4 mt-md-0\"><span>De l\u2019aide \u00e0 chaque \u00e9tape de votre parcours<\/span><\/h2>\n\t\t\t\t\t\t<div class=\"heading title heading--f heading--500 mobile-center-align aem-GridColumn--default--none aem-GridColumn--offset--xs--0 aem-GridColumn aem-GridColumn--xs--none aem-GridColumn--offset--default--0 aem-GridColumn--xs--23 aem-GridColumn--default--15\">\n<div class=\"cmp-title\">\n<p><span style=\"font-weight: 400\">Notre \u00e9quipe de conseiller\u00b7\u00e8res est enthousiaste \u00e0 l\u2019id\u00e9e de vous aider \u00e0 planifier et \u00e0 organiser votre Festival du Livre Scholastic. Nous vous aiderons \u00e0 organiser la livraison s\u00e9curitaire de votre Festival et nous vous ferons des suggestions sur la meilleure fa\u00e7on de promouvoir cet \u00e9v\u00e9nement litt\u00e9raire dans votre communaut\u00e9 scolaire.<\/span><\/p>\n<\/div>\n<\/div>\n\t\t\t\t\t\t\t\t\t\t\t<\/div>\n\t\t\t\t<\/div>\n\t\t\t<\/div>\n\t\t<\/div>\n\t<\/div>\n<\/div>\n\n<div  class=\"container-fluid block_text\">\n\t<div class=\"bg-colour4  bg-border-wave-bottom1 container-fluid\">\n\t\t<div class=\"container\">\n\t\t\t<div class=\"col pb-2 text-center\">\n\t\t\t\t\t\t\t\t<h2 class=\"d-block mt-0\"><span>Un Festival du Livre Scholastic \u00e0 votre \u00e9cole, c\u2019est possible<\/span><\/h2>\n\t\t\t\t<p><span style=\"font-weight: 400\">Donnez-nous les coordonn\u00e9es de votre \u00e9cole et les dates auxquelles vous aimeriez accueillir votre Festival, et nous ferons le n\u00e9cessaire.<\/span><\/p>\n\t\t\t\t\t\t\t\t\t<a href=\"https:\/\/www2.scholastic.ca\/bookfairs\/reservez-vos-dates\/\"  class=\"btn mt-4 btn-primary rounded-pill\" onclick=\"schcaTrackingEvent('French', 'Un Festival qui plaira aux enfants\u2026 et dont vous vous souviendrez longtemps!', 'Un Festival du Livre Scholastic \u00e0 votre \u00e9cole, c\u2019est possible: R\u00e9servez un Festival');\">R\u00e9servez un Festival<\/a>\n\t\t\t\t\t\t\t<\/div>\n\t\t<\/div>\n\t<\/div>\n<\/div>","protected":false},"excerpt":{"rendered":"","protected":false},"author":3,"featured_media":0,"parent":0,"menu_order":0,"comment_status":"closed","ping_status":"closed","template":"","meta":{"_acf_changed":true,"footnotes":""},"class_list":["post-2686","page","type-page","status-publish","hentry"],"acf":[],"yoast_head":"<!-- This site is optimized with the Yoast SEO plugin v26.6 - https:\/\/yoast.com\/wordpress\/plugins\/seo\/ -->\n<title>Un Festival qui plaira aux enfants\u2026 et dont vous vous souviendrez longtemps! | Scholastic Canada Book Fairs<\/title>\n<meta name=\"robots\" content=\"index, follow, max-snippet:-1, max-image-preview:large, max-video-preview:-1\" \/>\n<link rel=\"canonical\" href=\"https:\/\/www2.scholastic.ca\/bookfairs\/ce-qui-est-inclus-dans-votre-festival-du-livre-scholastic\/\" \/>\n<meta property=\"og:locale\" content=\"en_US\" \/>\n<meta property=\"og:type\" content=\"article\" \/>\n<meta property=\"og:title\" content=\"Un Festival qui plaira aux enfants\u2026 et dont vous vous souviendrez longtemps! | Scholastic Canada Book Fairs\" \/>\n<meta property=\"og:url\" content=\"https:\/\/www2.scholastic.ca\/bookfairs\/ce-qui-est-inclus-dans-votre-festival-du-livre-scholastic\/\" \/>\n<meta property=\"og:site_name\" content=\"Scholastic Canada Book Fairs\" \/>\n<meta property=\"article:modified_time\" content=\"2024-08-29T17:09:47+00:00\" \/>\n<meta name=\"twitter:card\" content=\"summary_large_image\" \/>\n<script type=\"application\/ld+json\" class=\"yoast-schema-graph\">{\"@context\":\"https:\/\/schema.org\",\"@graph\":[{\"@type\":\"WebPage\",\"@id\":\"https:\/\/www2.scholastic.ca\/bookfairs\/ce-qui-est-inclus-dans-votre-festival-du-livre-scholastic\/\",\"url\":\"https:\/\/www2.scholastic.ca\/bookfairs\/ce-qui-est-inclus-dans-votre-festival-du-livre-scholastic\/\",\"name\":\"Un Festival qui plaira aux enfants\u2026 et dont vous vous souviendrez longtemps! | Scholastic Canada Book Fairs\",\"isPartOf\":{\"@id\":\"https:\/\/www2.scholastic.ca\/bookfairs\/#website\"},\"datePublished\":\"2024-06-23T18:48:10+00:00\",\"dateModified\":\"2024-08-29T17:09:47+00:00\",\"breadcrumb\":{\"@id\":\"https:\/\/www2.scholastic.ca\/bookfairs\/ce-qui-est-inclus-dans-votre-festival-du-livre-scholastic\/#breadcrumb\"},\"inLanguage\":\"en-US\",\"potentialAction\":[{\"@type\":\"ReadAction\",\"target\":[\"https:\/\/www2.scholastic.ca\/bookfairs\/ce-qui-est-inclus-dans-votre-festival-du-livre-scholastic\/\"]}]},{\"@type\":\"BreadcrumbList\",\"@id\":\"https:\/\/www2.scholastic.ca\/bookfairs\/ce-qui-est-inclus-dans-votre-festival-du-livre-scholastic\/#breadcrumb\",\"itemListElement\":[{\"@type\":\"ListItem\",\"position\":1,\"name\":\"Home\",\"item\":\"https:\/\/www2.scholastic.ca\/bookfairs\/\"},{\"@type\":\"ListItem\",\"position\":2,\"name\":\"Un Festival qui plaira aux enfants\u2026 et dont vous vous souviendrez longtemps!\"}]},{\"@type\":\"WebSite\",\"@id\":\"https:\/\/www2.scholastic.ca\/bookfairs\/#website\",\"url\":\"https:\/\/www2.scholastic.ca\/bookfairs\/\",\"name\":\"Scholastic Canada Book Fairs\",\"description\":\"\",\"potentialAction\":[{\"@type\":\"SearchAction\",\"target\":{\"@type\":\"EntryPoint\",\"urlTemplate\":\"https:\/\/www2.scholastic.ca\/bookfairs\/?s={search_term_string}\"},\"query-input\":{\"@type\":\"PropertyValueSpecification\",\"valueRequired\":true,\"valueName\":\"search_term_string\"}}],\"inLanguage\":\"en-US\"}]}<\/script>\n<!-- \/ Yoast SEO plugin. -->","yoast_head_json":{"title":"Un Festival qui plaira aux enfants\u2026 et dont vous vous souviendrez longtemps! | Scholastic Canada Book Fairs","robots":{"index":"index","follow":"follow","max-snippet":"max-snippet:-1","max-image-preview":"max-image-preview:large","max-video-preview":"max-video-preview:-1"},"canonical":"https:\/\/www2.scholastic.ca\/bookfairs\/ce-qui-est-inclus-dans-votre-festival-du-livre-scholastic\/","og_locale":"en_US","og_type":"article","og_title":"Un Festival qui plaira aux enfants\u2026 et dont vous vous souviendrez longtemps! | Scholastic Canada Book Fairs","og_url":"https:\/\/www2.scholastic.ca\/bookfairs\/ce-qui-est-inclus-dans-votre-festival-du-livre-scholastic\/","og_site_name":"Scholastic Canada Book Fairs","article_modified_time":"2024-08-29T17:09:47+00:00","twitter_card":"summary_large_image","schema":{"@context":"https:\/\/schema.org","@graph":[{"@type":"WebPage","@id":"https:\/\/www2.scholastic.ca\/bookfairs\/ce-qui-est-inclus-dans-votre-festival-du-livre-scholastic\/","url":"https:\/\/www2.scholastic.ca\/bookfairs\/ce-qui-est-inclus-dans-votre-festival-du-livre-scholastic\/","name":"Un Festival qui plaira aux enfants\u2026 et dont vous vous souviendrez longtemps! | Scholastic Canada Book Fairs","isPartOf":{"@id":"https:\/\/www2.scholastic.ca\/bookfairs\/#website"},"datePublished":"2024-06-23T18:48:10+00:00","dateModified":"2024-08-29T17:09:47+00:00","breadcrumb":{"@id":"https:\/\/www2.scholastic.ca\/bookfairs\/ce-qui-est-inclus-dans-votre-festival-du-livre-scholastic\/#breadcrumb"},"inLanguage":"en-US","potentialAction":[{"@type":"ReadAction","target":["https:\/\/www2.scholastic.ca\/bookfairs\/ce-qui-est-inclus-dans-votre-festival-du-livre-scholastic\/"]}]},{"@type":"BreadcrumbList","@id":"https:\/\/www2.scholastic.ca\/bookfairs\/ce-qui-est-inclus-dans-votre-festival-du-livre-scholastic\/#breadcrumb","itemListElement":[{"@type":"ListItem","position":1,"name":"Home","item":"https:\/\/www2.scholastic.ca\/bookfairs\/"},{"@type":"ListItem","position":2,"name":"Un Festival qui plaira aux enfants\u2026 et dont vous vous souviendrez longtemps!"}]},{"@type":"WebSite","@id":"https:\/\/www2.scholastic.ca\/bookfairs\/#website","url":"https:\/\/www2.scholastic.ca\/bookfairs\/","name":"Scholastic Canada Book Fairs","description":"","potentialAction":[{"@type":"SearchAction","target":{"@type":"EntryPoint","urlTemplate":"https:\/\/www2.scholastic.ca\/bookfairs\/?s={search_term_string}"},"query-input":{"@type":"PropertyValueSpecification","valueRequired":true,"valueName":"search_term_string"}}],"inLanguage":"en-US"}]}},"_links":{"self":[{"href":"https:\/\/www2.scholastic.ca\/bookfairs\/wp-json\/wp\/v2\/pages\/2686","targetHints":{"allow":["GET"]}}],"collection":[{"href":"https:\/\/www2.scholastic.ca\/bookfairs\/wp-json\/wp\/v2\/pages"}],"about":[{"href":"https:\/\/www2.scholastic.ca\/bookfairs\/wp-json\/wp\/v2\/types\/page"}],"author":[{"embeddable":true,"href":"https:\/\/www2.scholastic.ca\/bookfairs\/wp-json\/wp\/v2\/users\/3"}],"replies":[{"embeddable":true,"href":"https:\/\/www2.scholastic.ca\/bookfairs\/wp-json\/wp\/v2\/comments?post=2686"}],"version-history":[{"count":0,"href":"https:\/\/www2.scholastic.ca\/bookfairs\/wp-json\/wp\/v2\/pages\/2686\/revisions"}],"wp:attachment":[{"href":"https:\/\/www2.scholastic.ca\/bookfairs\/wp-json\/wp\/v2\/media?parent=2686"}],"curies":[{"name":"wp","href":"https:\/\/api.w.org\/{rel}","templated":true}]}}