{"id":2603,"date":"2024-06-04T18:58:29","date_gmt":"2024-06-04T18:58:29","guid":{"rendered":"https:\/\/www2.scholastic.ca\/bookfairs\/?page_id=2603"},"modified":"2026-03-09T14:36:46","modified_gmt":"2026-03-09T14:36:46","slug":"info-festival-appareil-sans-fil","status":"publish","type":"page","link":"https:\/\/www2.scholastic.ca\/bookfairs\/info-festival-appareil-sans-fil\/","title":{"rendered":"Appareil sans fil"},"content":{"rendered":"<div  class=\"container-fluid block_textwithimage\">\n\t<div class=\"bg-none mt-5 pb-5 container-fluid\">\n\t\t<div class=\"container\">\n\t\t\t\t\t\t<div class=\"my-5 my-lg-2 d-flex justify-content-center align-items-center flex-wrap flex-lg-nowrap flex-column flex-md-row\">\n\t\t\t\t\t\t\t<div class=\"col-md-6 text-center order-md-1 pe-lg-5 order-sm-1 pe-sm-4\">\n\t\t\t\t\t\t\t\t\t\t<img decoding=\"async\" src=\"https:\/\/www2.scholastic.ca\/bookfairs\/wp-content\/uploads\/sites\/4\/2024\/04\/dark_blue_ico_hand_and_2_coins@2x-1.png\" alt=\"\" class=\"img-fluid\" \/>\n\t\t\t\t<\/div>\n\t\t\t\t<div class=\"col-md-6 align-items-center d-flex order-md-2 order-sm-2\">\n\t\t\t\t\t<div class=\"col\">\n\t\t\t\t\t\t\t\t\t\t\t\t<h2 class=\"mt-4 mt-md-0\"><span>Fonctionnement de l\u2019appareil<\/span><\/h2>\n\t\t\t\t\t\t<p><span style=\"font-weight: 400\">Votre Festival est livr\u00e9 avec un appareil sans fil pour traiter les paiements en esp\u00e8ces, par carte de d\u00e9bit, par carte de cr\u00e9dit et par <a href=\"https:\/\/www2.scholastic.ca\/bookfairs\/info-festival-mydoh\/\">Mydoh<\/a>. Cet appareil sans fil rend le processus de paiement rapide et facile, car il vous permet :<\/span><\/p>\n<ul>\n<li><span style=\"font-weight: 400\">D\u2019accepter toutes les principales cartes de d\u00e9bit et de cr\u00e9dit, ainsi que la plupart des cartes de paiement sans contact.<\/span><\/li>\n<li><span style=\"font-weight: 400\">De produire des rapports de fin de journ\u00e9e en temps r\u00e9el.<\/span><\/li>\n<\/ul>\n\t\t\t\t\t\t\t\t\t\t\t<\/div>\n\t\t\t\t<\/div>\n\t\t\t<\/div>\n\t\t<\/div>\n\t<\/div>\n<\/div>\n\n\n<div class=\"container my-5 block_protip\">\n    <div class=\"row align-items-center justify-content-center\">\n        <div class=\"col-lg-2 col-sm-4 col-4 text-end\">\n            <img decoding=\"async\" src=\"https:\/\/www2.scholastic.ca\/bookfairs\/wp-content\/themes\/scholastic-ca-bookfairs-wp\/images\/pro-tip-fr.svg\" alt=\"Astuces de pro!\" class=\"img-fluid\" \/>\n        <\/div>\n        <div class=\"col-lg-6 col-sm-8 mt-3\">\n            <p>Vous aimeriez avoir une option de paiement sans argent pour votre Festival? Nous acceptons maintenant <span style=\"font-size: 16px;line-height: 20px\"><a href=\"https:\/\/www2.scholastic.ca\/bookfairs\/info-festival-mydoh\/\" target=\"_blank\">Mydoh<\/a> comme solution de paiement, afin que les \u00e9l\u00e8ves puissent faire leurs achats au Festival sans argent liquide. <\/p>\n        <\/div>\n    <\/div>\n<\/div>\n\n\n<div class=\"container-fluid block_divider  mt-5 pb-5 container-fluid\">\n    <div class=\" p-0\">\n        <div class=\"row\">\n            <div class=\"col-12 divider-style1\">\n        \n            <\/div>\n        <\/div>\n    <\/div>\n<\/div>\n\n<div  class=\"container-fluid block_threecolumncontent\">\n\t<div class=\"bg-none mt-5 pb-5 container-fluid\">\n\t\t<div class=\"container\">\n\t\t\t<div class=\"row\">\n\t\t\t\t<div class=\"col text-center\">\n\t\t\t\t\t\t\t\t\t\t<h2 class=\"fs-2 mt-0\"><span>Ressources et guides<\/span><\/h2>\n\t\t\t\t\t\t\t\t\t\t<p class=\"mb-0\">Consultez le Guide de d\u00e9marrage rapide pour obtenir des instructions faciles \u00e0 suivre sur la mani\u00e8re de configurer votre syst\u00e8me de paiement, ou lisez les instructions compl\u00e8tes pour votre appareil.<\/p>\n\t\t\t\t\t\t\t\t\t<\/div>\n\t\t\t<\/div>\n\t\t\t<div class=\"row  justify-content-center\">\n\t\t\t\t\t\t\t\t\t\n\t\t\t\t\t\t\t<div class=\"col-lg-4 col-md-6 col-12 px-4 mt-5 block_threecolumncontentcol\">\n\t\t\t\t\t\t\t\t<div class=\"block_threecolumncontentcol-inner   align-items-start d-flex flex-column justify-content-start text-start \">\n\t\t\t\t\t\t\t\t\t\t\t\t\t\t\t\t\t\t\n\t\t\t\t\t\t\t\t\t<div class=\"block_threecolumncontentcol-inner-maininfo\">\n\t\t\t\t\t\t\t\t\t\t\t\t\t\t\t\t\t\t\t\t<div class=\"block_threecolumncontentcol-image-container mb-3\">\n\t\t\t\t\t\t\t\t\t\t\t<div class=\"block_threecolumncontentcol-image\">\n\t\t\t\t\t\t\t\t\t\t\t\t\t\t\t\t\t\t\t\t\t\t\t\t<a href=\"https:\/\/www2.scholastic.ca\/bookfairs\/wp-content\/uploads\/sites\/4\/2026\/03\/BF_S26_FDL_WirelessInstruction_Tri-Fold_68632954_03-26_web.pdf\" target=\"_blank\">\n\t\t\t\t\t\t\t\t\t\t\t\t\t\t\t\t\t\t\t\t\t\t\t\t<img decoding=\"async\" class=\"block_threecolumncontentcol-img\" src=\"https:\/\/www2.scholastic.ca\/bookfairs\/wp-content\/uploads\/sites\/4\/2025\/01\/FDL-Moneris-Tri-fold.png\" alt=\"Instructions relatives au terminal sans fil portable - T\u00e9l\u00e9chargez\" style=\"\">\n\t\t\t\t\t\t\t\t\t\t\t\t\t\t\t\t\t\t\t\t\t\t\t\t<\/a>\n\t\t\t\t\t\t\t\t\t\t\t\t\t\t\t\t\t\t\t\t\t\t\t<\/div>\n\t\t\t\t\t\t\t\t\t\t<\/div>\n\t\t\t\t\t\t\t\t\t\t\t\t\t\t\t\t\t\t\t\t\t\t\t\t\t\t\t\t\t\t<h3 class=\"block_threecolumncontent-heading fs-5\" style=\"\">Instructions relatives au terminal sans fil portable<\/h3>\n\t\t\t\t\t\t\t\t\t\t<p>Moneris\u1d39\u1d30 Go Plus<\/p>\n\t\t\t\t\t\t\t\t\t<\/div>\n\t\t\t\t\t\t\t\t\t<div class=\"block_threecolumncontentcol-inner-buttons d-flex flex-column\">\n\t\t\t\t\t\t\t\t\t\t\t\t\t\t\t\t\t\t\t\t\t<a href=\"https:\/\/www2.scholastic.ca\/bookfairs\/wp-content\/uploads\/sites\/4\/2026\/03\/BF_S26_FDL_WirelessInstruction_Tri-Fold_68632954_03-26_web.pdf\" target=\"_blank\" class=\"link-primary\" onclick=\"schcaTrackingEvent('French', 'Appareil sans fil', 'Instructions relatives au terminal sans fil portable: T\u00e9l\u00e9chargez');\">T\u00e9l\u00e9chargez <i class=\"fa-solid fa-arrow-up-right-from-square\"><\/i><\/a>\n\t\t\t\t\t\t\t\t\t\t\t\t\t\t\t\t\t\t\t\t\n\t\t\t\t\t\t\t\t\t\t\t\t\t\t\t\t\t\t\t<\/div>\n\t\t\t\t\t\t\t\t<\/div>\n\t\t\t\t\t\t\t<\/div>\n\t\t\t\t\t\t\t<\/div>\n\t\t<\/div>\n\t<\/div>\n<\/div>\n\n\n<div class=\"container-fluid block_divider  mt-5 pb-5 container-fluid\">\n    <div class=\" p-0\">\n        <div class=\"row\">\n            <div class=\"col-12 divider-style1\">\n        \n            <\/div>\n        <\/div>\n    <\/div>\n<\/div>\n\n<div  class=\"container-fluid block_textwithimage\">\n\t<div class=\"bg-none mt-5 pb-5 container-fluid\">\n\t\t<div class=\"container\">\n\t\t\t\t\t\t<div class=\"my-5 my-lg-2 d-flex justify-content-center align-items-center flex-wrap flex-lg-nowrap flex-column flex-md-row\">\n\t\t\t\t\t\t\t<div class=\"col-md-6 text-center order-md-1 pe-lg-5 order-sm-1 pe-sm-4\">\n\t\t\t\t\t\t\t\t\t\t<img decoding=\"async\" src=\"https:\/\/www2.scholastic.ca\/bookfairs\/wp-content\/uploads\/sites\/4\/2024\/04\/HA10-4@2x.jpg\" alt=\"\" class=\"img-fluid\" \/>\n\t\t\t\t<\/div>\n\t\t\t\t<div class=\"col-md-6 align-items-center d-flex order-md-2 order-sm-2\">\n\t\t\t\t\t<div class=\"col\">\n\t\t\t\t\t\t\t\t\t\t\t\t<h2 class=\"mt-4 mt-md-0\"><span>Apr\u00e8s le Festival<\/span><\/h2>\n\t\t\t\t\t\t<div class=\"cmp cmp-experiencefragmentcopiers aem-GridColumn--default--none aem-GridColumn aem-GridColumn--default--23 aem-GridColumn--offset--default--0\">\n<div class=\"cmp-experiencefragmentcopier\">\n<div class=\"cmp-container\">\n<div class=\"responsivegrid\">\n<div class=\"aem-Grid aem-Grid--23 aem-Grid--default--23 \">\n<div class=\"responsivegrid cmp-layout-container--fixed aem-GridColumn--default--none aem-GridColumn aem-GridColumn--default--23 aem-GridColumn--offset--default--0\">\n<div class=\"aem-Grid aem-Grid--23 aem-Grid--default--23 aem-Grid--xs--23 aem-Grid--m--23 layout-03-top layout-03-bottom\">\n<div class=\"text cmp-text--body-text-short aem-GridColumn--default--19 aem-GridColumn--default--none aem-GridColumn--offset--xs--0 aem-GridColumn aem-GridColumn--xs--none aem-GridColumn--offset--default--2 aem-GridColumn--xs--23\">\n<div class=\"cmp-text \">\n<div class=\"cmp-text__paragraph \">\n<p>Suivez ces conseils pour remballer le Festival et finaliser vos comptes.<\/p>\n<\/div>\n<\/div>\n<\/div>\n<\/div>\n<\/div>\n<\/div>\n<\/div>\n<\/div>\n<\/div>\n<\/div>\n<ul>\n<li><span style=\"font-weight: 400\">Assurez-vous que tous les rapports de fin de journ\u00e9e sont imprim\u00e9s.<\/span><\/li>\n<li><span style=\"font-weight: 400\">Renvoyez tous les re\u00e7us de paiement sans fil, les impressions de r\u00e9sum\u00e9 journalier et tout certificat accompagn\u00e9 d\u2019un paiement.<\/span><\/li>\n<li><span style=\"font-weight: 400\">Emballez l\u2019appareil sans fil \u00e0 renvoyer avec le Festival.<\/span><\/li>\n<\/ul>\n\t\t\t\t\t\t\t\t\t\t\t\t\t<a href=\"https:\/\/www2.scholastic.ca\/bookfairs\/conclure-le-festival-du-livre\/\"  class=\"btn btn-outline-primary rounded-pill\" onclick=\"schcaTrackingEvent('French', 'Appareil sans fil', 'Apr\u00e8s le Festival: Fermez votre Festival');\">Fermez votre Festival<\/a>\n\t\t\t\t\t\t\t\t\t\t\t<\/div>\n\t\t\t\t<\/div>\n\t\t\t<\/div>\n\t\t<\/div>\n\t<\/div>\n<\/div>\n\n\n<div class=\"container-fluid block_divider  mt-5 pb-5 container-fluid\">\n    <div class=\" p-0\">\n        <div class=\"row\">\n            <div class=\"col-12 divider-style2\">\n        \n            <\/div>\n        <\/div>\n    <\/div>\n<\/div>\n\n<div  class=\"container-fluid block_text\">\n\t<div class=\"bg-none mt-5 pb-5 container-fluid\">\n\t\t<div class=\"container\">\n\t\t\t<div class=\"col pb-2 text-center\">\n\t\t\t\t\t\t\t\t<h2 class=\"d-block mt-0\"><span>Vous avez des questions?<\/span><\/h2>\n\t\t\t\t<p><span style=\"font-weight: 400\">Consultez notre <\/span><a href=\"https:\/\/www2.scholastic.ca\/bookfairs\/questions\/\"><span style=\"text-decoration: underline\"><span style=\"font-weight: 400\">FAQ<\/span><\/span><\/a><span style=\"font-weight: 400\"> pour obtenir des r\u00e9ponses rapidement. Nous sommes l\u00e0 pour vous soutenir!<\/span><\/p>\n\t\t\t\t\t\t\t<\/div>\n\t\t<\/div>\n\t<\/div>\n<\/div>\n\n<div  class=\"container-fluid block_text\">\n\t<div class=\"bg-none mt-5 pb-5 container-fluid\">\n\t\t<div class=\"container\">\n\t\t\t<div class=\"col pb-2 text-center\">\n\t\t\t\t\t\t\t\t<h2 class=\"d-block mt-0\"><span>Encore plus \u00e0 d\u00e9couvrir<\/span><\/h2>\n\t\t\t\t<p><span style=\"font-weight: 400\">Vous trouverez d\u2019autres informations utiles dans la section Info-Festival.<\/span><\/p>\n\t\t\t\t\t\t\t\t\t<a href=\"https:\/\/www2.scholastic.ca\/bookfairs\/info-festival\/\"  class=\"btn mt-4 btn-primary rounded-pill\" onclick=\"schcaTrackingEvent('French', 'Appareil sans fil', 'Encore plus \u00e0 d\u00e9couvrir: Allez-y');\">Allez-y<\/a>\n\t\t\t\t\t\t\t<\/div>\n\t\t<\/div>\n\t<\/div>\n<\/div>","protected":false},"excerpt":{"rendered":"","protected":false},"author":3,"featured_media":0,"parent":0,"menu_order":0,"comment_status":"closed","ping_status":"closed","template":"","meta":{"_acf_changed":true,"footnotes":""},"class_list":["post-2603","page","type-page","status-publish","hentry"],"acf":[],"yoast_head":"<!-- This site is optimized with the Yoast SEO plugin v26.6 - https:\/\/yoast.com\/wordpress\/plugins\/seo\/ -->\n<title>Appareil sans fil | Scholastic Canada Book Fairs<\/title>\n<meta name=\"robots\" content=\"index, follow, max-snippet:-1, max-image-preview:large, max-video-preview:-1\" \/>\n<link rel=\"canonical\" href=\"https:\/\/www2.scholastic.ca\/bookfairs\/info-festival-appareil-sans-fil\/\" \/>\n<meta property=\"og:locale\" content=\"en_US\" \/>\n<meta property=\"og:type\" content=\"article\" \/>\n<meta property=\"og:title\" content=\"Appareil sans fil | Scholastic Canada Book Fairs\" \/>\n<meta property=\"og:url\" content=\"https:\/\/www2.scholastic.ca\/bookfairs\/info-festival-appareil-sans-fil\/\" \/>\n<meta property=\"og:site_name\" content=\"Scholastic Canada Book Fairs\" \/>\n<meta property=\"article:modified_time\" content=\"2026-03-09T14:36:46+00:00\" \/>\n<meta name=\"twitter:card\" content=\"summary_large_image\" \/>\n<script type=\"application\/ld+json\" class=\"yoast-schema-graph\">{\"@context\":\"https:\/\/schema.org\",\"@graph\":[{\"@type\":\"WebPage\",\"@id\":\"https:\/\/www2.scholastic.ca\/bookfairs\/info-festival-appareil-sans-fil\/\",\"url\":\"https:\/\/www2.scholastic.ca\/bookfairs\/info-festival-appareil-sans-fil\/\",\"name\":\"Appareil sans fil | Scholastic Canada Book Fairs\",\"isPartOf\":{\"@id\":\"https:\/\/www2.scholastic.ca\/bookfairs\/#website\"},\"datePublished\":\"2024-06-04T18:58:29+00:00\",\"dateModified\":\"2026-03-09T14:36:46+00:00\",\"breadcrumb\":{\"@id\":\"https:\/\/www2.scholastic.ca\/bookfairs\/info-festival-appareil-sans-fil\/#breadcrumb\"},\"inLanguage\":\"en-US\",\"potentialAction\":[{\"@type\":\"ReadAction\",\"target\":[\"https:\/\/www2.scholastic.ca\/bookfairs\/info-festival-appareil-sans-fil\/\"]}]},{\"@type\":\"BreadcrumbList\",\"@id\":\"https:\/\/www2.scholastic.ca\/bookfairs\/info-festival-appareil-sans-fil\/#breadcrumb\",\"itemListElement\":[{\"@type\":\"ListItem\",\"position\":1,\"name\":\"Home\",\"item\":\"https:\/\/www2.scholastic.ca\/bookfairs\/\"},{\"@type\":\"ListItem\",\"position\":2,\"name\":\"Appareil sans fil\"}]},{\"@type\":\"WebSite\",\"@id\":\"https:\/\/www2.scholastic.ca\/bookfairs\/#website\",\"url\":\"https:\/\/www2.scholastic.ca\/bookfairs\/\",\"name\":\"Scholastic Canada Book Fairs\",\"description\":\"\",\"potentialAction\":[{\"@type\":\"SearchAction\",\"target\":{\"@type\":\"EntryPoint\",\"urlTemplate\":\"https:\/\/www2.scholastic.ca\/bookfairs\/?s={search_term_string}\"},\"query-input\":{\"@type\":\"PropertyValueSpecification\",\"valueRequired\":true,\"valueName\":\"search_term_string\"}}],\"inLanguage\":\"en-US\"}]}<\/script>\n<!-- \/ Yoast SEO plugin. -->","yoast_head_json":{"title":"Appareil sans fil | Scholastic Canada Book Fairs","robots":{"index":"index","follow":"follow","max-snippet":"max-snippet:-1","max-image-preview":"max-image-preview:large","max-video-preview":"max-video-preview:-1"},"canonical":"https:\/\/www2.scholastic.ca\/bookfairs\/info-festival-appareil-sans-fil\/","og_locale":"en_US","og_type":"article","og_title":"Appareil sans fil | Scholastic Canada Book Fairs","og_url":"https:\/\/www2.scholastic.ca\/bookfairs\/info-festival-appareil-sans-fil\/","og_site_name":"Scholastic Canada Book Fairs","article_modified_time":"2026-03-09T14:36:46+00:00","twitter_card":"summary_large_image","schema":{"@context":"https:\/\/schema.org","@graph":[{"@type":"WebPage","@id":"https:\/\/www2.scholastic.ca\/bookfairs\/info-festival-appareil-sans-fil\/","url":"https:\/\/www2.scholastic.ca\/bookfairs\/info-festival-appareil-sans-fil\/","name":"Appareil sans fil | Scholastic Canada Book Fairs","isPartOf":{"@id":"https:\/\/www2.scholastic.ca\/bookfairs\/#website"},"datePublished":"2024-06-04T18:58:29+00:00","dateModified":"2026-03-09T14:36:46+00:00","breadcrumb":{"@id":"https:\/\/www2.scholastic.ca\/bookfairs\/info-festival-appareil-sans-fil\/#breadcrumb"},"inLanguage":"en-US","potentialAction":[{"@type":"ReadAction","target":["https:\/\/www2.scholastic.ca\/bookfairs\/info-festival-appareil-sans-fil\/"]}]},{"@type":"BreadcrumbList","@id":"https:\/\/www2.scholastic.ca\/bookfairs\/info-festival-appareil-sans-fil\/#breadcrumb","itemListElement":[{"@type":"ListItem","position":1,"name":"Home","item":"https:\/\/www2.scholastic.ca\/bookfairs\/"},{"@type":"ListItem","position":2,"name":"Appareil sans fil"}]},{"@type":"WebSite","@id":"https:\/\/www2.scholastic.ca\/bookfairs\/#website","url":"https:\/\/www2.scholastic.ca\/bookfairs\/","name":"Scholastic Canada Book Fairs","description":"","potentialAction":[{"@type":"SearchAction","target":{"@type":"EntryPoint","urlTemplate":"https:\/\/www2.scholastic.ca\/bookfairs\/?s={search_term_string}"},"query-input":{"@type":"PropertyValueSpecification","valueRequired":true,"valueName":"search_term_string"}}],"inLanguage":"en-US"}]}},"_links":{"self":[{"href":"https:\/\/www2.scholastic.ca\/bookfairs\/wp-json\/wp\/v2\/pages\/2603","targetHints":{"allow":["GET"]}}],"collection":[{"href":"https:\/\/www2.scholastic.ca\/bookfairs\/wp-json\/wp\/v2\/pages"}],"about":[{"href":"https:\/\/www2.scholastic.ca\/bookfairs\/wp-json\/wp\/v2\/types\/page"}],"author":[{"embeddable":true,"href":"https:\/\/www2.scholastic.ca\/bookfairs\/wp-json\/wp\/v2\/users\/3"}],"replies":[{"embeddable":true,"href":"https:\/\/www2.scholastic.ca\/bookfairs\/wp-json\/wp\/v2\/comments?post=2603"}],"version-history":[{"count":0,"href":"https:\/\/www2.scholastic.ca\/bookfairs\/wp-json\/wp\/v2\/pages\/2603\/revisions"}],"wp:attachment":[{"href":"https:\/\/www2.scholastic.ca\/bookfairs\/wp-json\/wp\/v2\/media?parent=2603"}],"curies":[{"name":"wp","href":"https:\/\/api.w.org\/{rel}","templated":true}]}}