{"id":2571,"date":"2024-05-28T15:54:59","date_gmt":"2024-05-28T15:54:59","guid":{"rendered":"https:\/\/www2.scholastic.ca\/bookfairs\/?page_id=2571"},"modified":"2025-09-18T19:16:01","modified_gmt":"2025-09-18T19:16:01","slug":"communiquez","status":"publish","type":"page","link":"https:\/\/www2.scholastic.ca\/bookfairs\/communiquez\/","title":{"rendered":"Contactez-nous"},"content":{"rendered":"<div  class=\"container-fluid block_tabbedcontent\">\n\t<div class=\"bg-none mt-5 pb-5 container-fluid\">\n\t\t<div class=\"container\">\n\t\t\t<div class=\"row mb-4\">\n\t\t\t\t<div class=\"col text-center\">\n\t\t\t\t\t\t\t\t\t\t<h2 class=\"fs-2 mt-0\"><span>Comment pouvons-nous vous aider?<\/span><\/h2>\n\t\t\t\t\t\t\t\t\t\t<p class=\"mb-0\"> <\/p>\n\t\t\t\t\t\t\t\t\t<\/div>\n\t\t\t<\/div>\n\t\t\t<div class=\"row\">\n\t\t\t\t<ul class=\"nav nav-pills mb-3 block_tabbedcontent-tablist\" role=\"tablist\">\n\t\t\t\t\t\t\t\t\t\t<li class=\"nav-item col-12 col-sm-auto p-0 m-0\" role=\"presentation\">\n\t\t\t\t\t\t\t<button class=\"nav-link col-12 col-sm-auto active\" id=\"pills-1-tab\" data-bs-toggle=\"pill\" data-bs-target=\"#pills-1\" type=\"button\" role=\"tab\" aria-controls=\"pills-1\" aria-selected=\"true\" onclick=\"schcaTrackingEvent('French', 'Contactez-nous', 'Mon Festival du Livre (tab)');\">Mon Festival du Livre<\/button>\n\t\t\t\t\t\t<\/li>\n\t\t\t\t\t\t\t\t\t\t\t\t<li class=\"nav-item col-12 col-sm-auto p-0 m-0\" role=\"presentation\">\n\t\t\t\t\t\t\t<button class=\"nav-link col-12 col-sm-auto \" id=\"pills-2-tab\" data-bs-toggle=\"pill\" data-bs-target=\"#pills-2\" type=\"button\" role=\"tab\" aria-controls=\"pills-2\" aria-selected=\"true\" onclick=\"schcaTrackingEvent('French', 'Contactez-nous', 'Service \u00e0 la client\u00e8le (tab)');\">Service \u00e0 la client\u00e8le<\/button>\n\t\t\t\t\t\t<\/li>\n\t\t\t\t\t\t\t\t\t\t\t\t<li class=\"nav-item col-12 col-sm-auto p-0 m-0\" role=\"presentation\">\n\t\t\t\t\t\t\t<button class=\"nav-link col-12 col-sm-auto \" id=\"pills-3-tab\" data-bs-toggle=\"pill\" data-bs-target=\"#pills-3\" type=\"button\" role=\"tab\" aria-controls=\"pills-3\" aria-selected=\"true\" onclick=\"schcaTrackingEvent('French', 'Contactez-nous', 'Comptes d\u00e9biteurs (tab)');\">Comptes d\u00e9biteurs<\/button>\n\t\t\t\t\t\t<\/li>\n\t\t\t\t\t\t\t\t\t\t<\/ul>\n\t\t\t\t\n\t\t\t\t<div class=\"tab-content\" id=\"pills-tabContent\">\n\t\t\t\t\t\t\t\t\t\t<div class=\"tab-pane fade show active\" id=\"pills-1\" role=\"tabpanel\" aria-labelledby=\"pills-1-tab\" tabindex=\"0\">\n\t\t\t\t\t\t\t<div class=\"d-flex justify-content-center flex-wrap flex-lg-nowrap flex-column flex-md-row\">\n\t\t\t\t\t\t\t\t\t\t\t\t\t\t\t\t<div class=\"block_tabbedcontent-content col-12 col-md-8 order-1\">\n\t\t\t\t\t\t\t\t\t<h3 class=\"fs-4 standardfont block_tabbedcontent-heading\">Nos conseillers et conseill\u00e8res du Festival du Livre sont disponibles pour :<\/h3>\n\t\t\t\t\t\t\t\t\t<ul>\n<li>Programmer un Festival du Livre<\/li>\n<li>Discuter des d\u00e9tails d\u2019un Festival d\u00e9j\u00e0 programm\u00e9<\/li>\n<li>Cr\u00e9er un plan pour l\u2019obtention et l\u2019utilisation des dollars Scholastic<\/li>\n<\/ul>\n<p>Envoyez-nous un courriel \u00e0 l\u2019adresse <a href=\"mailto:festivaldulivre@scholastic.ca\">festivaldulivre@scholastic.ca<\/a><\/p>\n<p>Communiquez avec nous par t\u00e9l\u00e9phone au 1-866-234-7319.<\/p>\n<ul>\n<li style=\"list-style-type: none\"><\/li>\n<\/ul>\n\t\t\t\t\t\t\t\t\t\t\t\t\t\t\t\t\t<\/div>\n\t\t\t\t\t\t\t<\/div>\n\t\t\t\t\t\t<\/div>\n\t\t\t\t\t\t\t\t\t\t<div class=\"tab-pane fade \" id=\"pills-2\" role=\"tabpanel\" aria-labelledby=\"pills-2-tab\" tabindex=\"0\">\n\t\t\t\t\t\t\t<div class=\"d-flex justify-content-center flex-wrap flex-lg-nowrap flex-column flex-md-row\">\n\t\t\t\t\t\t\t\t\t\t\t\t\t\t\t\t<div class=\"block_tabbedcontent-content col-12 col-md-8 order-1\">\n\t\t\t\t\t\t\t\t\t<h3 class=\"fs-4 standardfont block_tabbedcontent-heading\">Nos repr\u00e9sentants et repr\u00e9sentantes du Service \u00e0 la client\u00e8le sont disponibles pour :<\/h3>\n\t\t\t\t\t\t\t\t\t<ul>\n<li>Fournir le solde de vos dollars Scholastic<\/li>\n<li>Passer une commande en utilisant vos dollars Scholastic<\/li>\n<li>Passer une commande \u00e0 partir du catalogue de Scholastic Education, de Trade, ou des clubs de lecture<\/li>\n<li>Offrir du soutien au moment de remplir le formulaire financier.<\/li>\n<\/ul>\n<p>Envoyez-nous un courriel \u00e0 l\u2019adresse <u><a title=\"Contactez-nous\" href=\"mailto:serviceclientele@scholastic.ca\">serviceclientele@scholastic.ca<\/a><\/u><\/p>\n<p>Communiquez avec nous par t\u00e9l\u00e9phone au 1-800-268-3848.<\/p>\n\t\t\t\t\t\t\t\t\t\t\t\t\t\t\t\t\t<\/div>\n\t\t\t\t\t\t\t<\/div>\n\t\t\t\t\t\t<\/div>\n\t\t\t\t\t\t\t\t\t\t<div class=\"tab-pane fade \" id=\"pills-3\" role=\"tabpanel\" aria-labelledby=\"pills-3-tab\" tabindex=\"0\">\n\t\t\t\t\t\t\t<div class=\"d-flex justify-content-center flex-wrap flex-lg-nowrap flex-column flex-md-row\">\n\t\t\t\t\t\t\t\t\t\t\t\t\t\t\t\t<div class=\"block_tabbedcontent-content col-12 col-md-8 order-1\">\n\t\t\t\t\t\t\t\t\t<h3 class=\"fs-4 standardfont block_tabbedcontent-heading\">Notre service des comptes d\u00e9biteurs est disponible pour :<\/h3>\n\t\t\t\t\t\t\t\t\t<ul>\n<li>Traiter un paiement par carte de cr\u00e9dit<\/li>\n<\/ul>\n<p>Communiquez avec nous par t\u00e9l\u00e9phone au 1-888-220-9942.<\/p>\n\t\t\t\t\t\t\t\t\t\t\t\t\t\t\t\t\t<\/div>\n\t\t\t\t\t\t\t<\/div>\n\t\t\t\t\t\t<\/div>\n\t\t\t\t\t\t\t\t<\/div>\n\t\t\t<\/div>\n\t\t<\/div>\n\t<\/div>\n<\/div>\n\n<div  class=\"container-fluid block_threecolumncontent\">\n\t<div class=\"bg-none mt-5 pb-5 container-fluid\">\n\t\t<div class=\"container\">\n\t\t\t<div class=\"row\">\n\t\t\t\t<div class=\"col text-center\">\n\t\t\t\t\t\t\t\t\t\t<h2 class=\"fs-2 mt-0\"><span>Des succursales pour vous servir<\/span><\/h2>\n\t\t\t\t\t\t\t\t\t\t<p class=\"mb-0\">Le Festival du Livre Scholastic a des succursales partout au Canada.<br \/>\r\n<br \/>\r\n<\/p>\n\t\t\t\t\t\t\t\t\t<\/div>\n\t\t\t<\/div>\n\t\t\t<div class=\"row  justify-content-center\">\n\t\t\t\t\t\t\t\t\t\n\t\t\t\t\t\t\t<div class=\"col-lg-4 col-md-6 col-12 px-4 mt-5 block_threecolumncontentcol\">\n\t\t\t\t\t\t\t\t<div class=\"block_threecolumncontentcol-inner   align-items-start d-flex flex-column justify-content-start text-start \">\n\t\t\t\t\t\t\t\t\t\t\t\t\t\t\t\t\t\t\n\t\t\t\t\t\t\t\t\t<div class=\"block_threecolumncontentcol-inner-maininfo\">\n\t\t\t\t\t\t\t\t\t\t\t\t\t\t\t\t\t\t\t\t\t\t\t\t\t\t\t\t\t\t<h3 class=\"block_threecolumncontent-heading fs-5\" style=\"\">Toronto<\/h3>\n\t\t\t\t\t\t\t\t\t\t<p>9150 Airport Rd., Unit\u00e9 B<br \/>\nBrampton (Ontario)\u00a0 L6S 6G1<\/p>\n\t\t\t\t\t\t\t\t\t<\/div>\n\t\t\t\t\t\t\t\t\t<div class=\"block_threecolumncontentcol-inner-buttons d-flex flex-column\">\n\t\t\t\t\t\t\t\t\t\t\t\t\t\t\t\t\t\t\t\t\n\t\t\t\t\t\t\t\t\t\t\t\t\t\t\t\t\t\t\t<\/div>\n\t\t\t\t\t\t\t\t<\/div>\n\t\t\t\t\t\t\t<\/div>\n\t\t\t\t\t\t\t\t\t\n\t\t\t\t\t\t\t<div class=\"col-lg-4 col-md-6 col-12 px-4 mt-5 block_threecolumncontentcol\">\n\t\t\t\t\t\t\t\t<div class=\"block_threecolumncontentcol-inner   align-items-start d-flex flex-column justify-content-start text-start \">\n\t\t\t\t\t\t\t\t\t\t\t\t\t\t\t\t\t\t\n\t\t\t\t\t\t\t\t\t<div class=\"block_threecolumncontentcol-inner-maininfo\">\n\t\t\t\t\t\t\t\t\t\t\t\t\t\t\t\t\t\t\t\t\t\t\t\t\t\t\t\t\t\t<h3 class=\"block_threecolumncontent-heading fs-5\" style=\"\">Brockville<\/h3>\n\t\t\t\t\t\t\t\t\t\t<p>1365, avenue California<br \/>\nBrockville (Ontario)\u00a0 K6V 5Y6<\/p>\n\t\t\t\t\t\t\t\t\t<\/div>\n\t\t\t\t\t\t\t\t\t<div class=\"block_threecolumncontentcol-inner-buttons d-flex flex-column\">\n\t\t\t\t\t\t\t\t\t\t\t\t\t\t\t\t\t\t\t\t\n\t\t\t\t\t\t\t\t\t\t\t\t\t\t\t\t\t\t\t<\/div>\n\t\t\t\t\t\t\t\t<\/div>\n\t\t\t\t\t\t\t<\/div>\n\t\t\t\t\t\t\t\t\t\n\t\t\t\t\t\t\t<div class=\"col-lg-4 col-md-6 col-12 px-4 mt-5 block_threecolumncontentcol\">\n\t\t\t\t\t\t\t\t<div class=\"block_threecolumncontentcol-inner   align-items-start d-flex flex-column justify-content-start text-start \">\n\t\t\t\t\t\t\t\t\t\t\t\t\t\t\t\t\t\t\n\t\t\t\t\t\t\t\t\t<div class=\"block_threecolumncontentcol-inner-maininfo\">\n\t\t\t\t\t\t\t\t\t\t\t\t\t\t\t\t\t\t\t\t\t\t\t\t\t\t\t\t\t\t<h3 class=\"block_threecolumncontent-heading fs-5\" style=\"\">Surrey<\/h3>\n\t\t\t\t\t\t\t\t\t\t<p>101 \u2013 2468, 192e\u00a0Rue<br \/>\nSurrey (Colombie-Britannique)\u00a0 V3Z 3X1<\/p>\n\t\t\t\t\t\t\t\t\t<\/div>\n\t\t\t\t\t\t\t\t\t<div class=\"block_threecolumncontentcol-inner-buttons d-flex flex-column\">\n\t\t\t\t\t\t\t\t\t\t\t\t\t\t\t\t\t\t\t\t\n\t\t\t\t\t\t\t\t\t\t\t\t\t\t\t\t\t\t\t<\/div>\n\t\t\t\t\t\t\t\t<\/div>\n\t\t\t\t\t\t\t<\/div>\n\t\t\t\t\t\t\t\t\t\n\t\t\t\t\t\t\t<div class=\"col-lg-4 col-md-6 col-12 px-4 mt-5 block_threecolumncontentcol\">\n\t\t\t\t\t\t\t\t<div class=\"block_threecolumncontentcol-inner   align-items-start d-flex flex-column justify-content-start text-start \">\n\t\t\t\t\t\t\t\t\t\t\t\t\t\t\t\t\t\t\n\t\t\t\t\t\t\t\t\t<div class=\"block_threecolumncontentcol-inner-maininfo\">\n\t\t\t\t\t\t\t\t\t\t\t\t\t\t\t\t\t\t\t\t\t\t\t\t\t\t\t\t\t\t<h3 class=\"block_threecolumncontent-heading fs-5\" style=\"\">Moncton<\/h3>\n\t\t\t\t\t\t\t\t\t\t<p>222, promenade Edinburgh, bureau 140<br \/>\nMoncton (Nouveau-Brunswick) E1E 4C7<\/p>\n\t\t\t\t\t\t\t\t\t<\/div>\n\t\t\t\t\t\t\t\t\t<div class=\"block_threecolumncontentcol-inner-buttons d-flex flex-column\">\n\t\t\t\t\t\t\t\t\t\t\t\t\t\t\t\t\t\t\t\t\n\t\t\t\t\t\t\t\t\t\t\t\t\t\t\t\t\t\t\t<\/div>\n\t\t\t\t\t\t\t\t<\/div>\n\t\t\t\t\t\t\t<\/div>\n\t\t\t\t\t\t\t<\/div>\n\t\t<\/div>\n\t<\/div>\n<\/div>","protected":false},"excerpt":{"rendered":"","protected":false},"author":3,"featured_media":0,"parent":0,"menu_order":0,"comment_status":"closed","ping_status":"closed","template":"","meta":{"_acf_changed":true,"footnotes":""},"class_list":["post-2571","page","type-page","status-publish","hentry"],"acf":[],"yoast_head":"<!-- This site is optimized with the Yoast SEO plugin v26.6 - https:\/\/yoast.com\/wordpress\/plugins\/seo\/ -->\n<title>Contactez-nous | Scholastic Canada Book Fairs<\/title>\n<meta name=\"robots\" content=\"index, follow, max-snippet:-1, max-image-preview:large, max-video-preview:-1\" \/>\n<link rel=\"canonical\" href=\"https:\/\/www2.scholastic.ca\/bookfairs\/communiquez\/\" \/>\n<meta property=\"og:locale\" content=\"en_US\" \/>\n<meta property=\"og:type\" content=\"article\" \/>\n<meta property=\"og:title\" content=\"Contactez-nous | Scholastic Canada Book Fairs\" \/>\n<meta property=\"og:url\" content=\"https:\/\/www2.scholastic.ca\/bookfairs\/communiquez\/\" \/>\n<meta property=\"og:site_name\" content=\"Scholastic Canada Book Fairs\" \/>\n<meta property=\"article:modified_time\" content=\"2025-09-18T19:16:01+00:00\" \/>\n<meta name=\"twitter:card\" content=\"summary_large_image\" \/>\n<script type=\"application\/ld+json\" class=\"yoast-schema-graph\">{\"@context\":\"https:\/\/schema.org\",\"@graph\":[{\"@type\":\"WebPage\",\"@id\":\"https:\/\/www2.scholastic.ca\/bookfairs\/communiquez\/\",\"url\":\"https:\/\/www2.scholastic.ca\/bookfairs\/communiquez\/\",\"name\":\"Contactez-nous | Scholastic Canada Book Fairs\",\"isPartOf\":{\"@id\":\"https:\/\/www2.scholastic.ca\/bookfairs\/#website\"},\"datePublished\":\"2024-05-28T15:54:59+00:00\",\"dateModified\":\"2025-09-18T19:16:01+00:00\",\"breadcrumb\":{\"@id\":\"https:\/\/www2.scholastic.ca\/bookfairs\/communiquez\/#breadcrumb\"},\"inLanguage\":\"en-US\",\"potentialAction\":[{\"@type\":\"ReadAction\",\"target\":[\"https:\/\/www2.scholastic.ca\/bookfairs\/communiquez\/\"]}]},{\"@type\":\"BreadcrumbList\",\"@id\":\"https:\/\/www2.scholastic.ca\/bookfairs\/communiquez\/#breadcrumb\",\"itemListElement\":[{\"@type\":\"ListItem\",\"position\":1,\"name\":\"Home\",\"item\":\"https:\/\/www2.scholastic.ca\/bookfairs\/\"},{\"@type\":\"ListItem\",\"position\":2,\"name\":\"Contactez-nous\"}]},{\"@type\":\"WebSite\",\"@id\":\"https:\/\/www2.scholastic.ca\/bookfairs\/#website\",\"url\":\"https:\/\/www2.scholastic.ca\/bookfairs\/\",\"name\":\"Scholastic Canada Book Fairs\",\"description\":\"\",\"potentialAction\":[{\"@type\":\"SearchAction\",\"target\":{\"@type\":\"EntryPoint\",\"urlTemplate\":\"https:\/\/www2.scholastic.ca\/bookfairs\/?s={search_term_string}\"},\"query-input\":{\"@type\":\"PropertyValueSpecification\",\"valueRequired\":true,\"valueName\":\"search_term_string\"}}],\"inLanguage\":\"en-US\"}]}<\/script>\n<!-- \/ Yoast SEO plugin. -->","yoast_head_json":{"title":"Contactez-nous | Scholastic Canada Book Fairs","robots":{"index":"index","follow":"follow","max-snippet":"max-snippet:-1","max-image-preview":"max-image-preview:large","max-video-preview":"max-video-preview:-1"},"canonical":"https:\/\/www2.scholastic.ca\/bookfairs\/communiquez\/","og_locale":"en_US","og_type":"article","og_title":"Contactez-nous | Scholastic Canada Book Fairs","og_url":"https:\/\/www2.scholastic.ca\/bookfairs\/communiquez\/","og_site_name":"Scholastic Canada Book Fairs","article_modified_time":"2025-09-18T19:16:01+00:00","twitter_card":"summary_large_image","schema":{"@context":"https:\/\/schema.org","@graph":[{"@type":"WebPage","@id":"https:\/\/www2.scholastic.ca\/bookfairs\/communiquez\/","url":"https:\/\/www2.scholastic.ca\/bookfairs\/communiquez\/","name":"Contactez-nous | Scholastic Canada Book Fairs","isPartOf":{"@id":"https:\/\/www2.scholastic.ca\/bookfairs\/#website"},"datePublished":"2024-05-28T15:54:59+00:00","dateModified":"2025-09-18T19:16:01+00:00","breadcrumb":{"@id":"https:\/\/www2.scholastic.ca\/bookfairs\/communiquez\/#breadcrumb"},"inLanguage":"en-US","potentialAction":[{"@type":"ReadAction","target":["https:\/\/www2.scholastic.ca\/bookfairs\/communiquez\/"]}]},{"@type":"BreadcrumbList","@id":"https:\/\/www2.scholastic.ca\/bookfairs\/communiquez\/#breadcrumb","itemListElement":[{"@type":"ListItem","position":1,"name":"Home","item":"https:\/\/www2.scholastic.ca\/bookfairs\/"},{"@type":"ListItem","position":2,"name":"Contactez-nous"}]},{"@type":"WebSite","@id":"https:\/\/www2.scholastic.ca\/bookfairs\/#website","url":"https:\/\/www2.scholastic.ca\/bookfairs\/","name":"Scholastic Canada Book Fairs","description":"","potentialAction":[{"@type":"SearchAction","target":{"@type":"EntryPoint","urlTemplate":"https:\/\/www2.scholastic.ca\/bookfairs\/?s={search_term_string}"},"query-input":{"@type":"PropertyValueSpecification","valueRequired":true,"valueName":"search_term_string"}}],"inLanguage":"en-US"}]}},"_links":{"self":[{"href":"https:\/\/www2.scholastic.ca\/bookfairs\/wp-json\/wp\/v2\/pages\/2571","targetHints":{"allow":["GET"]}}],"collection":[{"href":"https:\/\/www2.scholastic.ca\/bookfairs\/wp-json\/wp\/v2\/pages"}],"about":[{"href":"https:\/\/www2.scholastic.ca\/bookfairs\/wp-json\/wp\/v2\/types\/page"}],"author":[{"embeddable":true,"href":"https:\/\/www2.scholastic.ca\/bookfairs\/wp-json\/wp\/v2\/users\/3"}],"replies":[{"embeddable":true,"href":"https:\/\/www2.scholastic.ca\/bookfairs\/wp-json\/wp\/v2\/comments?post=2571"}],"version-history":[{"count":0,"href":"https:\/\/www2.scholastic.ca\/bookfairs\/wp-json\/wp\/v2\/pages\/2571\/revisions"}],"wp:attachment":[{"href":"https:\/\/www2.scholastic.ca\/bookfairs\/wp-json\/wp\/v2\/media?parent=2571"}],"curies":[{"name":"wp","href":"https:\/\/api.w.org\/{rel}","templated":true}]}}