{"id":2402,"date":"2024-03-26T14:16:05","date_gmt":"2024-03-26T14:16:05","guid":{"rendered":"https:\/\/www2.scholastic.ca\/bookfairs\/?page_id=2402"},"modified":"2026-03-09T19:04:10","modified_gmt":"2026-03-09T19:04:10","slug":"reservez-vos-dates","status":"publish","type":"page","link":"https:\/\/www2.scholastic.ca\/bookfairs\/reservez-vos-dates\/","title":{"rendered":"R\u00e9server vos dates de Festival"},"content":{"rendered":"<div  class=\"container-fluid block_text\">\n\t<div class=\"bg-none mt-5 pb-5 container-fluid\">\n\t\t<div class=\"container\">\n\t\t\t<div class=\"col pb-2 text-center\">\n\t\t\t\t\t\t\t\t<h2 class=\"d-block mt-0\"><span>Vous \u00eates pr\u00eat\u00b7e \u00e0 organiser un Festival du Livre? Allons-y!<\/span><\/h2>\n\t\t\t\t<p><span style=\"font-weight: 400\">Remplissez le formulaire, et un conseiller ou une conseill\u00e8re du Festival du Livre vous contactera bient\u00f4t!<\/span><\/p>\n\t\t\t\t\t\t\t<\/div>\n\t\t<\/div>\n\t<\/div>\n<\/div>\n\n\n<!-- ENGLISH RECAPTCHA -->\n<script src='https:\/\/www.google.com\/recaptcha\/api.js?hl=fr'><\/script>\n\n<!-- BUTTON STYLES -->\n<style>\n::-moz-selection{color: #e81111;background: rgba(216, 36, 51, 0.1);}::selection{color: #e81111;background:rgba(216, 36, 51, 0.1);}.form-check-input:checked{background-color: #e81111;border-color: #e81111;}.help-block{display: block;margin-top: 5px;margin-bottom: 10px;color: #737373;}.b3-pb-3{padding-bottom:1rem!important;}input:invalid{background-color:rgba(216, 36, 51, 0.1);}.btn-main{color:#fff;background-color:#e81111;border-color:#e81111}.btn-main.active,.btn-main:active,.btn-main:focus,.btn-main:hover,.open .dropdown-toggle.btn-main{color:#fff;background-color:#b10c1a;border-color:#e81111}.btn-main.active,.btn-main:active,.open .dropdown-toggle.btn-main{background-image:none}.btn-main.disabled,.btn-main.disabled.active,.btn-main.disabled:active,.btn-main.disabled:focus,.btn-main.disabled:hover,.btn-main[disabled],.btn-main[disabled].active,.btn-main[disabled]:active,.btn-main[disabled]:focus,.btn-main[disabled]:hover,fieldset[disabled] .btn-main,fieldset[disabled] .btn-main.active,fieldset[disabled] .btn-main:active,fieldset[disabled] .btn-main:focus,fieldset[disabled] .btn-main:hover{background-color:#e81111;border-color:#e81111}.btn-main .badge{color:#e81111;background-color:#fff}.btn-sub{color:#777;background-color:#efefef;border-color:#efefef}.btn-sub.active,.btn-sub:active,.btn-sub:focus,.btn-sub:hover,.open .dropdown-toggle.btn-sub{color:#777;background-color:#dedbdb;border-color:#efefef}.btn-sub.active,.btn-sub:active,.open .dropdown-toggle.btn-sub{background-image:none}.btn-sub.disabled,.btn-sub.disabled.active,.btn-sub.disabled:active,.btn-sub.disabled:focus,.btn-sub.disabled:hover,.btn-sub[disabled],.btn-sub[disabled].active,.btn-sub[disabled]:active,.btn-sub[disabled]:focus,.btn-sub[disabled]:hover,fieldset[disabled] .btn-sub,fieldset[disabled] .btn-sub.active,fieldset[disabled] .btn-sub:active,fieldset[disabled] .btn-sub:focus,fieldset[disabled] .btn-sub:hover{background-color:#efefef;border-color:#efefef}.btn-sub .badge{color:#efefef;background-color:#777}.step-block{display:none}.step-block.active{display:block}label.mandatory:after{content:\"\\00a0*\";color:#e81111;}\n<\/style>\n\n<div class=\"container\">\n\t<div class=\"row\">\n\t\t<div class=\"col\">\n\t\t\t<form id=\"contactusform\" class=\"form col-12\" method=\"post\" action=\"https:\/\/www2.scholastic.ca\/bookfairs\/wp-content\/themes\/scholastic-ca-bookfairs-wp\/blocks\/contactform\/inc\/process.contactus.php\">\n\t\t\t\t\t\t\t<div class=\"row\">\n\t\t\t\t\t<div class=\"mb-3 col-md-4\">\n\t\t\t\t\t\t<label for=\"firstname\" class=\"form-label mandatory\">Pr\u00e9nom<\/label>\n\t\t\t\t\t\t<input type=\"text\" class=\"form-control\" id=\"firstname\" name=\"firstname\" placeholder=\"Pr\u00e9nom\" required  aria-label=\"Pr\u00e9nom Input\">\n\t\t\t\t\t<\/div>\n\t\t\t\t\t<div class=\"mb-3 col-md-4\">\n\t\t\t\t\t\t<label for=\"lastname\" class=\"form-label mandatory\">Nom de famille<\/label>\n\t\t\t\t\t\t<input type=\"text\" class=\"form-control\" id=\"lastname\" name=\"lastname\" placeholder=\"Nom de famille\" required  aria-label=\"Nom de famille Input\">\n\t\t\t\t\t<\/div>\n\t\t\t\t\t<div class=\"mb-3 col-md-4\">\n\t\t\t\t\t\t<label for=\"email\" class=\"form-label mandatory\">Adresse courriel<\/label>\n\t\t\t\t\t\t<input type=\"email\" class=\"form-control\" id=\"email\" name=\"email\" placeholder=\"Adresse courriel\" required  aria-label=\"Adresse courriel Input\">\n\t\t\t\t\t<\/div>\n\t\t\t\t\t<div class=\"mb-3 col-md-6\">\n\t\t\t\t\t\t<label for=\"position\" class=\"form-label mandatory\">Poste<\/label>\n\t\t\t\t\t\t<input type=\"text\" class=\"form-control\" id=\"position\" name=\"position\" placeholder=\"Poste\" required  aria-label=\"Poste Input\">\n\t\t\t\t\t<\/div>\n\t\t\t\t\t<div class=\"mb-3 col-md-6\">\n\t\t\t\t\t\t<label for=\"nameofschool\" class=\"form-label mandatory\">Nom de l&#8217;\u00e9cole<\/label>\n\t\t\t\t\t\t<input type=\"text\" class=\"form-control\" id=\"nameofschool\" name=\"nameofschool\" placeholder=\"Nom de l'\u00e9cole\" required  aria-label=\"Nom de l'\u00e9cole Input\">\n\t\t\t\t\t<\/div>\n\t\t\t\t\t<div class=\"mb-3 col-md-6\">\n\t\t\t\t\t\t<label for=\"accountnumber\" class=\"form-label\">Num\u00e9ro de compte (facultatif)<\/label>\n\t\t\t\t\t\t<input type=\"text\" class=\"form-control\" id=\"accountnumber\" name=\"accountnumber\" placeholder=\"Num\u00e9ro de compte (facultatif)\"  aria-label=\"Num\u00e9ro de compte (facultatif) Input\">\n\t\t\t\t\t<\/div>\n\t\t\t\t\t<div class=\"mb-3 col-md-6\">\n\t\t\t\t\t\t<label for=\"school_address\" class=\"form-label mandatory\">Adresse de l&#8217;\u00e9cole<\/label>\n\t\t\t\t\t\t<input type=\"text\" class=\"form-control\" id=\"school_address\" name=\"school_address\" placeholder=\"Adresse de l'\u00e9cole\" required  aria-label=\"Adresse de l'\u00e9cole Input\">\n\t\t\t\t\t<\/div>\n\t\t\t\t\t<div class=\"mb-3 col-md-6\">\n\t\t\t\t\t\t<label for=\"school_city\" class=\"form-label mandatory\">Ville de l&#8217;\u00e9cole<\/label>\n\t\t\t\t\t\t<input type=\"text\" class=\"form-control\" id=\"school_city\" name=\"school_city\" placeholder=\"Ville de l'\u00e9cole\" required  aria-label=\"Ville de l'\u00e9cole Input\">\n\t\t\t\t\t<\/div>\n\t\t\t\t\t<!-- SELECT MENU BLOCK -->\n\t\t\t\t\t<div class=\"mb-3 col-md-6\">\n\t\t\t\t\t\t<label for=\"school_province\" class=\"form-label mandatory\">Province de l&#8217;\u00e9cole<\/label>\n\t\t\t\t\t\t<select class=\"form-control\" aria-label=\"Province de l'\u00e9cole Select Input\" id=\"school_province\" name=\"school_province\" required>\n\t\t\t\t\t\t<option selected disabled>&#8212; Veuillez s\u00e9lectionner &#8212;<\/option>\n\t\t\t\t\t\t<option value=\"AB\" >Alberta<\/option>\n\t\t\t\t\t\t<option value=\"BC\" >Colombie-Britannique<\/option>\n\t\t\t\t\t\t<option value=\"MB\" >Manitoba<\/option>\n\t\t\t\t\t\t<option value=\"NB\" >Nouveau-Brunswick<\/option>\n\t\t\t\t\t\t<option value=\"NL\" >Terre-Neuve-et-Labrador<\/option>\n\t\t\t\t\t\t<option value=\"NS\" >Nouvelle-\u00c9cosse<\/option>\n\t\t\t\t\t\t<option value=\"ON\" >Ontario<\/option>\n\t\t\t\t\t\t<option value=\"PE\" >\u00cele-du-Prince-\u00c9douard<\/option>\n\t\t\t\t\t\t<option value=\"QC\" >Qu\u00e9bec<\/option>\n\t\t\t\t\t\t<option value=\"SK\" >Saskatchewan<\/option>\n\t\t\t\t\t\t<option value=\"NT\" >Territoires du Nord-Ouest<\/option>\n\t\t\t\t\t\t<option value=\"NU\" >Nunavut<\/option>\n\t\t\t\t\t\t<option value=\"YT\" >Yukon<\/option>\n\t\t\t\t\t\t<\/select>\n\t\t\t\t\t<\/div>\n\t\t\t\t\t<div class=\"mb-3 col-md-6\">\n\t\t\t\t\t\t<label for=\"school_postal_code\" class=\"form-label mandatory\">Code postal de l&#8217;\u00e9cole<\/label>\n\t\t\t\t\t\t<input type=\"text\" class=\"form-control\" id=\"school_postal_code\" name=\"school_postal_code\" placeholder=\"Code postal de l'\u00e9cole\" required  aria-label=\"Code postal de l'\u00e9cole Input\">\n\t\t\t\t\t<\/div>\n\t\t\t\t\t<div class=\"mb-3 col-md-6\">\n\t\t\t\t\t\t<label for=\"gradelevels\" class=\"form-label\">Niveaux scolaires<\/label>\n\t\t\t\t\t\t<select class=\"form-control\" aria-label=\"Niveaux scolaires Select Input\" id=\"gradelevels\" name=\"gradelevels[]\"  multiple>\n\t\t\t\t\t\t<option selected disabled>&#8212; S\u00e9lectionner tout ce qui s&#8217;applique &#8212;<\/option>\n\t\t\t\t\t\t<option value=\"K-3\">Mat \u00e0 3\u1d49<\/option>\n\t\t\t\t\t\t<option value=\"4-6\">4\u1d49 \u00e0 6\u1d49<\/option>\n\t\t\t\t\t\t<option value=\"6 +\">6\u1d49 et +<\/option>\n\t\t\t\t\t\t<\/select>\n\t\t\t\t\t<\/div>\n\t\t\t\t\t<div class=\"mb-3 col-md-6\">\n\t\t\t\t\t\t<label for=\"student_enrollment\" class=\"form-label\">Inscription des \u00e9l\u00e8ves<\/label>\n\t\t\t\t\t\t<select class=\"form-control\" aria-label=\"Inscription des \u00e9l\u00e8ves Select Input\" id=\"student_enrollment\" name=\"student_enrollment\">\n\t\t\t\t\t\t<option selected disabled>&#8212; Veuillez s\u00e9lectionner &#8212;<\/option>\n\t\t\t\t\t\t<option value=\"50 of less\" >50 ou moins<\/option>\n\t\t\t\t\t\t<option value=\"50-125\" >50-125<\/option>\n\t\t\t\t\t\t<option value=\"126-199\" >126-199<\/option>\n\t\t\t\t\t\t<option value=\"200-299\" >200-299<\/option>\n\t\t\t\t\t\t<option value=\"300-500\" >300-500<\/option>\n\t\t\t\t\t\t<option value=\"501-800\" >501-800<\/option>\n\t\t\t\t\t\t<option value=\"801+\" >801+<\/option>\n\t\t\t\t\t\t<\/select>\n\t\t\t\t\t<\/div>\n\t\t\t\t\t<!-- DATE FIELD BLOCK 1 -->\n\t\t\t\t\t<div class=\"mb-3 col-md-6\">\n\t\t\t\t\t\t<label for=\"date\" class=\"form-label mandatory\">Date de Festival pr\u00e9f\u00e9r\u00e9<\/label><br>\n\t\t\t\t\t\t<small>\n\t\t\t\t\t\t\t\t\t\t\t\tS\u00e9lectionnez une date dans au moins trois semaines \u00e0 partir d&#8217;aujourd&#8217;hui. Bien que nous essayions de r\u00e9pondre aux pr\u00e9f\u00e9rences de chacun, nous ne pouvons garantir la disponibilit\u00e9.\n\t\t\t\t\t\t\t\t\t\t\t\t<\/small>\n\t\t\t\t\t\t\t\t\t\t\t\t<input type=\"date\" class=\"form-control\" name=\"preferred_date\" id=\"preferred_date\" aria-label=\"Preferred Date Input\" min=\"2026-05-10\" required  lang=\"fr-CA\">\n\t\t\t\t\t<\/div>\n\t\t\t\t\t<div class=\"mb-3 col-md-6\">\n\t\t\t\t\t\t<label for=\"phone\" class=\"form-label\">Num\u00e9ro de t\u00e9l\u00e9phone (facultatif)<\/label>\n\t\t\t\t\t\t<input type=\"tel\" class=\"form-control\" id=\"phone\" name=\"phone\" placeholder=\"\"  aria-label=\"Num\u00e9ro de t\u00e9l\u00e9phone (facultatif) Input\">\n\t\t\t\t\t<\/div>\n\t\t\t\t\t\n\t\t\t\t\t\n\t\t\t\t\t\n\n\t\t\t\t\t\n\t\t\t\t\t\n\t\t\t\t\t<!-- GOOGLE RECAPTCHA BLOCK -->\n\t\t\t\t\t<div class=\"col-md-12 mb-3\">\n\t\t\t\t\t\t<div class=\"reCaptcha\"><div class=\"g-recaptcha\" data-sitekey=\"6LfwdWggAAAAADOXNAnlNgcwC4jSgzalWEN8LDAD\"><\/div><\/div>\n\t\t\t\t\t<\/div>\n\t\t\t\t<\/div>\n\t\t\t\t<div class=\"row\">\n\t\t\t\t\t<div class=\"mb-3 col-md-6\">\n\t\t\t\t\t\t<input type=\"hidden\" name=\"thank_you\" value=\"https:\/\/www2.scholastic.ca\/bookfairs\/merci-davoir-reserve-un-festival\/\">\n\t\t\t\t\t\t<input type=\"hidden\" name=\"email_to\" value=\"bookfairs@scholastic.ca\">\n            \t\t\t<input type=\"hidden\" name=\"csrf_token\" value=\"f91bf4fca52857669c226e62d923b899\">\n\t\t\t\t\t\t<button type=\"submit\" class=\"btn btn-primary rounded-pill\">Envoyez la demande<\/button>\n\t\t\t\t\t<\/div>\n\t\t\t\t<\/div>\n\t\t\t<\/form>\n\t\t<\/div>\n\t<\/div>\n<\/div>","protected":false},"excerpt":{"rendered":"","protected":false},"author":3,"featured_media":0,"parent":0,"menu_order":0,"comment_status":"closed","ping_status":"closed","template":"","meta":{"_acf_changed":true,"footnotes":""},"class_list":["post-2402","page","type-page","status-publish","hentry"],"acf":[],"yoast_head":"<!-- This site is optimized with the Yoast SEO plugin v26.6 - https:\/\/yoast.com\/wordpress\/plugins\/seo\/ -->\n<title>R\u00e9server vos dates de Festival | Scholastic Canada Book Fairs<\/title>\n<meta name=\"robots\" content=\"index, follow, max-snippet:-1, max-image-preview:large, max-video-preview:-1\" \/>\n<link rel=\"canonical\" href=\"https:\/\/www2.scholastic.ca\/bookfairs\/reservez-vos-dates\/\" \/>\n<meta property=\"og:locale\" content=\"en_US\" \/>\n<meta property=\"og:type\" content=\"article\" \/>\n<meta property=\"og:title\" content=\"R\u00e9server vos dates de Festival | Scholastic Canada Book Fairs\" \/>\n<meta property=\"og:url\" content=\"https:\/\/www2.scholastic.ca\/bookfairs\/reservez-vos-dates\/\" \/>\n<meta property=\"og:site_name\" content=\"Scholastic Canada Book Fairs\" \/>\n<meta property=\"article:modified_time\" content=\"2026-03-09T19:04:10+00:00\" \/>\n<meta name=\"twitter:card\" content=\"summary_large_image\" \/>\n<script type=\"application\/ld+json\" class=\"yoast-schema-graph\">{\"@context\":\"https:\/\/schema.org\",\"@graph\":[{\"@type\":\"WebPage\",\"@id\":\"https:\/\/www2.scholastic.ca\/bookfairs\/reservez-vos-dates\/\",\"url\":\"https:\/\/www2.scholastic.ca\/bookfairs\/reservez-vos-dates\/\",\"name\":\"R\u00e9server vos dates de Festival | Scholastic Canada Book Fairs\",\"isPartOf\":{\"@id\":\"https:\/\/www2.scholastic.ca\/bookfairs\/#website\"},\"datePublished\":\"2024-03-26T14:16:05+00:00\",\"dateModified\":\"2026-03-09T19:04:10+00:00\",\"breadcrumb\":{\"@id\":\"https:\/\/www2.scholastic.ca\/bookfairs\/reservez-vos-dates\/#breadcrumb\"},\"inLanguage\":\"en-US\",\"potentialAction\":[{\"@type\":\"ReadAction\",\"target\":[\"https:\/\/www2.scholastic.ca\/bookfairs\/reservez-vos-dates\/\"]}]},{\"@type\":\"BreadcrumbList\",\"@id\":\"https:\/\/www2.scholastic.ca\/bookfairs\/reservez-vos-dates\/#breadcrumb\",\"itemListElement\":[{\"@type\":\"ListItem\",\"position\":1,\"name\":\"Home\",\"item\":\"https:\/\/www2.scholastic.ca\/bookfairs\/\"},{\"@type\":\"ListItem\",\"position\":2,\"name\":\"R\u00e9server vos dates de Festival\"}]},{\"@type\":\"WebSite\",\"@id\":\"https:\/\/www2.scholastic.ca\/bookfairs\/#website\",\"url\":\"https:\/\/www2.scholastic.ca\/bookfairs\/\",\"name\":\"Scholastic Canada Book Fairs\",\"description\":\"\",\"potentialAction\":[{\"@type\":\"SearchAction\",\"target\":{\"@type\":\"EntryPoint\",\"urlTemplate\":\"https:\/\/www2.scholastic.ca\/bookfairs\/?s={search_term_string}\"},\"query-input\":{\"@type\":\"PropertyValueSpecification\",\"valueRequired\":true,\"valueName\":\"search_term_string\"}}],\"inLanguage\":\"en-US\"}]}<\/script>\n<!-- \/ Yoast SEO plugin. -->","yoast_head_json":{"title":"R\u00e9server vos dates de Festival | Scholastic Canada Book Fairs","robots":{"index":"index","follow":"follow","max-snippet":"max-snippet:-1","max-image-preview":"max-image-preview:large","max-video-preview":"max-video-preview:-1"},"canonical":"https:\/\/www2.scholastic.ca\/bookfairs\/reservez-vos-dates\/","og_locale":"en_US","og_type":"article","og_title":"R\u00e9server vos dates de Festival | Scholastic Canada Book Fairs","og_url":"https:\/\/www2.scholastic.ca\/bookfairs\/reservez-vos-dates\/","og_site_name":"Scholastic Canada Book Fairs","article_modified_time":"2026-03-09T19:04:10+00:00","twitter_card":"summary_large_image","schema":{"@context":"https:\/\/schema.org","@graph":[{"@type":"WebPage","@id":"https:\/\/www2.scholastic.ca\/bookfairs\/reservez-vos-dates\/","url":"https:\/\/www2.scholastic.ca\/bookfairs\/reservez-vos-dates\/","name":"R\u00e9server vos dates de Festival | Scholastic Canada Book Fairs","isPartOf":{"@id":"https:\/\/www2.scholastic.ca\/bookfairs\/#website"},"datePublished":"2024-03-26T14:16:05+00:00","dateModified":"2026-03-09T19:04:10+00:00","breadcrumb":{"@id":"https:\/\/www2.scholastic.ca\/bookfairs\/reservez-vos-dates\/#breadcrumb"},"inLanguage":"en-US","potentialAction":[{"@type":"ReadAction","target":["https:\/\/www2.scholastic.ca\/bookfairs\/reservez-vos-dates\/"]}]},{"@type":"BreadcrumbList","@id":"https:\/\/www2.scholastic.ca\/bookfairs\/reservez-vos-dates\/#breadcrumb","itemListElement":[{"@type":"ListItem","position":1,"name":"Home","item":"https:\/\/www2.scholastic.ca\/bookfairs\/"},{"@type":"ListItem","position":2,"name":"R\u00e9server vos dates de Festival"}]},{"@type":"WebSite","@id":"https:\/\/www2.scholastic.ca\/bookfairs\/#website","url":"https:\/\/www2.scholastic.ca\/bookfairs\/","name":"Scholastic Canada Book Fairs","description":"","potentialAction":[{"@type":"SearchAction","target":{"@type":"EntryPoint","urlTemplate":"https:\/\/www2.scholastic.ca\/bookfairs\/?s={search_term_string}"},"query-input":{"@type":"PropertyValueSpecification","valueRequired":true,"valueName":"search_term_string"}}],"inLanguage":"en-US"}]}},"_links":{"self":[{"href":"https:\/\/www2.scholastic.ca\/bookfairs\/wp-json\/wp\/v2\/pages\/2402","targetHints":{"allow":["GET"]}}],"collection":[{"href":"https:\/\/www2.scholastic.ca\/bookfairs\/wp-json\/wp\/v2\/pages"}],"about":[{"href":"https:\/\/www2.scholastic.ca\/bookfairs\/wp-json\/wp\/v2\/types\/page"}],"author":[{"embeddable":true,"href":"https:\/\/www2.scholastic.ca\/bookfairs\/wp-json\/wp\/v2\/users\/3"}],"replies":[{"embeddable":true,"href":"https:\/\/www2.scholastic.ca\/bookfairs\/wp-json\/wp\/v2\/comments?post=2402"}],"version-history":[{"count":0,"href":"https:\/\/www2.scholastic.ca\/bookfairs\/wp-json\/wp\/v2\/pages\/2402\/revisions"}],"wp:attachment":[{"href":"https:\/\/www2.scholastic.ca\/bookfairs\/wp-json\/wp\/v2\/media?parent=2402"}],"curies":[{"name":"wp","href":"https:\/\/api.w.org\/{rel}","templated":true}]}}